{"id":1381,"date":"2023-09-20T12:09:13","date_gmt":"2023-09-20T12:09:13","guid":{"rendered":"https:\/\/vpi.int\/cz\/?page_id=1381"},"modified":"2024-01-31T14:58:57","modified_gmt":"2024-01-31T14:58:57","slug":"12-reserse-mezinarodniiho-typu","status":"publish","type":"page","link":"https:\/\/vpi.int\/cz\/12-reserse-mezinarodniiho-typu\/","title":{"rendered":"Re\u0161er\u0161e mezin\u00e1rodn\u00ediho typu"},"content":{"rendered":"<p>[et_pb_section fb_built=&#8221;1&#8243; _builder_version=&#8221;4.17.1&#8243; _module_preset=&#8221;default&#8221; background_enable_color=&#8221;off&#8221; use_background_color_gradient=&#8221;on&#8221; background_color_gradient_direction=&#8221;70deg&#8221; background_color_gradient_stops=&#8221;#001a44 0%|rgba(0,168,170,0.55) 99%&#8221; background_enable_image=&#8221;off&#8221; background_blend=&#8221;soft-light&#8221; background_enable_pattern_style=&#8221;on&#8221; background_pattern_style=&#8221;diagonal-stripes-2&#8243; background_pattern_color=&#8221;rgba(0,117,118,0.17)&#8221; custom_padding=&#8221;120px||0px||false|false&#8221; animation_style=&#8221;slide&#8221; animation_direction=&#8221;bottom&#8221; animation_intensity_slide=&#8221;5%&#8221; global_colors_info=&#8221;{}&#8221;][et_pb_row _builder_version=&#8221;4.17.1&#8243; _module_preset=&#8221;default&#8221; background_enable_color=&#8221;off&#8221; custom_padding=&#8221;0px|30px|0px|30px|true|true&#8221; border_color_all=&#8221;#007576&#8243; global_colors_info=&#8221;{}&#8221;][et_pb_column type=&#8221;4_4&#8243; _builder_version=&#8221;4.17.1&#8243; _module_preset=&#8221;default&#8221; global_colors_info=&#8221;{}&#8221;][et_pb_text _builder_version=&#8221;4.17.1&#8243; _module_preset=&#8221;default&#8221; text_font=&#8221;Barlow|300||on|||||&#8221; text_text_color=&#8221;#FFFFFF&#8221; text_font_size=&#8221;22px&#8221; text_letter_spacing=&#8221;5px&#8221; text_line_height=&#8221;1.5em&#8221; header_text_color=&#8221;#FFFFFF&#8221; header_2_font=&#8221;Barlow|600||on|||||&#8221; header_2_text_color=&#8221;#FFFFFF&#8221; header_2_font_size=&#8221;40px&#8221; header_2_letter_spacing=&#8221;5px&#8221; header_2_line_height=&#8221;1.1em&#8221; width=&#8221;100%&#8221; header_2_font_size_tablet=&#8221;40px&#8221; header_2_font_size_phone=&#8221;20px&#8221; header_2_font_size_last_edited=&#8221;on|phone&#8221; global_colors_info=&#8221;{}&#8221;]<\/p>\n<h2>RE\u0160ER\u0160E MEZIN\u00c1RODN\u00cdIHO TYPU<\/h2>\n<p>[\/et_pb_text][et_pb_blurb url=&#8221;#Services&#8221; use_icon=&#8221;on&#8221; icon_color=&#8221;#ffffff&#8221; image_icon_width=&#8221;30px&#8221; _builder_version=&#8221;4.17.1&#8243; _module_preset=&#8221;default&#8221; custom_margin=&#8221;||0px||false|false&#8221; custom_padding=&#8221;||0px||false|false&#8221; global_colors_info=&#8221;{}&#8221;][\/et_pb_blurb][\/et_pb_column][\/et_pb_row][et_pb_row _builder_version=&#8221;4.17.1&#8243; _module_preset=&#8221;default&#8221; global_colors_info=&#8221;{}&#8221;][et_pb_column type=&#8221;4_4&#8243; _builder_version=&#8221;4.17.1&#8243; _module_preset=&#8221;default&#8221; global_colors_info=&#8221;{}&#8221;][et_pb_blurb url=&#8221;#Services&#8221; use_icon=&#8221;on&#8221; font_icon=&#8221;&#x33;||divi||400&#8243; icon_color=&#8221;#ffffff&#8221; image_icon_width=&#8221;30px&#8221; _builder_version=&#8221;4.17.1&#8243; _module_preset=&#8221;default&#8221; custom_margin=&#8221;||0px||false|false&#8221; custom_padding=&#8221;||0px||false|false&#8221; global_colors_info=&#8221;{}&#8221;][\/et_pb_blurb][\/et_pb_column][\/et_pb_row][\/et_pb_section][et_pb_section fb_built=&#8221;1&#8243; admin_label=&#8221;Services&#8221; module_id=&#8221;Services&#8221; _builder_version=&#8221;4.17.1&#8243; _module_preset=&#8221;default&#8221; custom_padding=&#8221;90px|0px|50px|0px||&#8221; global_colors_info=&#8221;{}&#8221;][et_pb_row _builder_version=&#8221;4.17.1&#8243; _module_preset=&#8221;default&#8221; global_colors_info=&#8221;{}&#8221;][et_pb_column type=&#8221;4_4&#8243; _builder_version=&#8221;4.17.1&#8243; _module_preset=&#8221;default&#8221; global_colors_info=&#8221;{}&#8221;][et_pb_divider color=&#8221;#007576&#8243; divider_weight=&#8221;5px&#8221; _builder_version=&#8221;4.17.1&#8243; _module_preset=&#8221;default&#8221; width=&#8221;60px&#8221; module_alignment=&#8221;left&#8221; global_colors_info=&#8221;{}&#8221;][\/et_pb_divider][et_pb_text _builder_version=&#8221;4.17.1&#8243; _module_preset=&#8221;default&#8221; header_2_line_height=&#8221;1.3em&#8221; animation_style=&#8221;slide&#8221; animation_direction=&#8221;left&#8221; animation_intensity_slide=&#8221;5%&#8221; global_colors_info=&#8221;{}&#8221;]<\/p>\n<h2>ZJI\u0160\u0164OV\u00c1N\u00cd DOSAVADN\u00cdHO STAVU TECHNIKY V N\u00c1RODN\u00cdM PATENTOV\u00c9M \u0158\u00cdZEN\u00cd<\/h2>\n<p>&nbsp;<\/p>\n<p>Re\u0161er\u0161i mezin\u00e1rodn\u00edho typu (ITS) prov\u00e1d\u00ed org\u00e1n pro mezin\u00e1rodn\u00ed re\u0161er\u0161i (ISA) ve vztahu k n\u00e1rodn\u00ed patentov\u00e9 p\u0159ihl\u00e1\u0161ce, kter\u00e1 je pod\u00e1na u n\u00e1rodn\u00edho \u00fa\u0159adu, s c\u00edlem, v souladu s PCT, nal\u00e9zt nejrelevantn\u011bj\u0161\u00ed dokumenty o stavu techniky, kter\u00e9 se vztahuj\u00ed k p\u0159edm\u011btu n\u00e1rokovan\u00e9mu v p\u0159ihl\u00e1\u0161ce.<\/p>\n<p><strong>C\u00edl ITS<\/strong><\/p>\n<p>C\u00edlem ITS je nal\u00e9zt dosavadn\u00ed stav techniky, kter\u00fd je relevantn\u00ed pro ur\u010den\u00ed, zda a do jak\u00e9 m\u00edry je n\u00e1rokovan\u00fd vyn\u00e1lez, jeho\u017e se n\u00e1rodn\u00ed patentov\u00e1 p\u0159ihl\u00e1\u0161ka t\u00fdk\u00e1, nov\u00fd a zda zahrnuje vyn\u00e1lezeckou \u010dinnost. Na z\u00e1klad\u011b v\u00fd\u0161e uveden\u00e9ho bu\u010f ISA vyhotov\u00ed zpr\u00e1vu o re\u0161er\u0161i mezin\u00e1rodn\u00edho typu (ITSR), nebo vyd\u00e1 prohl\u00e1\u0161en\u00ed o nevyhotoven\u00ed ITSR.<br \/>K ukon\u010den\u00e9 ITSR se nevyd\u00e1v\u00e1 p\u00edsemn\u00e9 stanovisko.<\/p>\n<p><strong>Postup<\/strong><\/p>\n<p>\u017d\u00e1dosti o ITS lze podat u n\u00e1rodn\u00edho patentov\u00e9ho \u00fa\u0159adu, jeho\u017e p\u0159\u00edslu\u0161n\u00fd n\u00e1rodn\u00ed patentov\u00fd z\u00e1kon stanovuje mo\u017enost po\u017e\u00e1dat o re\u0161er\u0161i mezin\u00e1rodn\u00edho typu. V sou\u010dasn\u00e9 dob\u011b je mo\u017en\u00e9 pod\u00e1vat \u017e\u00e1dosti o ITS u n\u00e1sleduj\u00edc\u00edch n\u00e1rodn\u00edch \u00fa\u0159ad\u016f smluvn\u00edch st\u00e1t\u016f VPI na z\u00e1klad\u011b jejich p\u0159\u00edslu\u0161n\u00fdch n\u00e1rodn\u00edch patentov\u00fdch z\u00e1kon\u016f:<\/p>\n<p>Ma\u010farsk\u00fd \u00fa\u0159ad du\u0161evn\u00edho vlastnictv\u00ed,<br \/>Patentov\u00fd \u00fa\u0159ad Polsk\u00e9 republiky a<br \/>\u00da\u0159ad pr\u016fmyslov\u00e9ho vlastnictv\u00ed Slovensk\u00e9 republiky.<\/p>\n<p>\u017d\u00e1dost o ITS mus\u00ed b\u00fdt pod\u00e1na p\u0159\u00edmo u n\u00e1rodn\u00edho \u00fa\u0159adu, u kter\u00e9ho prob\u00edh\u00e1 \u0159\u00edzen\u00ed o n\u00e1rodn\u00ed patentov\u00e9 p\u0159ihl\u00e1\u0161ce.<br \/>ITS se prov\u00e1d\u00ed v souladu s Pokyny pro mezin\u00e1rodn\u00ed re\u0161er\u0161i a p\u0159edb\u011b\u017en\u00fd pr\u016fzkum podle PCT.<\/p>\n<p><strong>Formul\u00e1\u0159 \u017e\u00e1dosti o ITS<\/strong><\/p>\n<p>Formul\u00e1\u0159 \u017e\u00e1dosti v p\u0159\u00edslu\u0161n\u00e9m jazyce n\u00e1rodn\u00edch \u00fa\u0159ad\u016f ke sta\u017een\u00ed na n\u00e1sleduj\u00edc\u00edch str\u00e1nk\u00e1ch:<br \/><span style=\"text-decoration: underline;\"><a href=\"https:\/\/vpi.int\/hu\/12-nemzetkozi-jellegu-kutatas\/\" target=\"_blank\" rel=\"noopener\" title=\"Ma\u010farsk\u00fd \u00fa\u0159ad du\u0161evn\u00edho vlastnictv\u00ed &gt;&gt;\">Ma\u010farsk\u00fd \u00fa\u0159ad du\u0161evn\u00edho vlastnictv\u00ed &gt;&gt;<\/a><\/span><br \/><a href=\"https:\/\/vpi.int\/pl\/12-poszukiwanie-typu-miedzynarodowego\/\" target=\"_blank\" rel=\"noopener\" title=\"Patentov\u00fd \u00fa\u0159ad Polsk\u00e9 republiky\"><span style=\"text-decoration: underline;\">Patentov\u00fd \u00fa\u0159ad Polsk\u00e9 republiky &gt;&gt;<\/span><\/a><br \/><a href=\"https:\/\/vpi.int\/sk\/12-resers-medzinarodneho-typu\/\" target=\"_blank\" rel=\"noopener\" title=\"\u00da\u0159ad pr\u016fmyslov\u00e9ho vlastnictv\u00ed Slovensk\u00e9 republiky\"><span style=\"text-decoration: underline;\">\u00da\u0159ad pr\u016fmyslov\u00e9ho vlastnictv\u00ed Slovensk\u00e9 republiky &gt;&gt;<\/span><\/a><span style=\"color: #002633;\"><\/span><\/p>\n<p><strong>Lh\u016fty a dod\u00e1n\u00ed<\/strong><\/p>\n<p>Visegr\u00e1dsk\u00fd patentov\u00fd institut vypracuje ITS do t\u0159\u00ed m\u011bs\u00edc\u016f od data, kdy byl Visegr\u00e1dsk\u00e9mu patentov\u00e9mu institutu doru\u010den formul\u00e1\u0159 \u017e\u00e1dosti i poplatek.<br \/>Pokud se p\u0159ihl\u00e1\u0161ka, kter\u00e1 je p\u0159edm\u011btem ITS, t\u00fdk\u00e1 v\u00edce ne\u017e jednoho vyn\u00e1lezu (a m\u00e1 se za to, \u017ee n\u00e1rodn\u00ed p\u0159ihl\u00e1\u0161ka postr\u00e1d\u00e1 jednotnost), nen\u00ed sou\u010d\u00e1st\u00ed ITSR zd\u016fvodn\u011bn\u00e9 stanovisko o nejednotnosti. D\u00e1le, nevyd\u00e1v\u00e1 se v\u00fdzva k zaplacen\u00ed dal\u0161\u00edch poplatk\u016f, ale p\u0159ihla\u0161ovatel m\u016f\u017ee m\u00edt mo\u017enost zaplatit tyto poplatky p\u0159\u00edmo n\u00e1rodn\u00edmu \u00fa\u0159adu, u kter\u00e9ho je n\u00e1rodn\u00ed patentov\u00e1 p\u0159ihl\u00e1\u0161ka, v souvislosti s n\u00ed\u017e bylo po\u017e\u00e1d\u00e1no o ITS, v \u0159\u00edzen\u00ed.<\/p>\n<p><strong>Poplatek<\/strong><\/p>\n<p>Poplatek za ITS se plat\u00ed p\u0159\u00edmo Visegr\u00e1dsk\u00e9mu patentov\u00e9mu institutu. P\u0159\u00edslu\u0161n\u00e9 poplatky jsou uvedeny v sazebn\u00edku poplatk\u016f VPI.<\/p>\n<p>[\/et_pb_text][\/et_pb_column][\/et_pb_row][\/et_pb_section][et_pb_section fb_built=&#8221;1&#8243; admin_label=&#8221;Services&#8221; _builder_version=&#8221;4.16&#8243; _module_preset=&#8221;default&#8221; custom_padding=&#8221;90px|0px|90px|0px&#8221; global_colors_info=&#8221;{}&#8221; theme_builder_area=&#8221;post_content&#8221;][et_pb_row column_structure=&#8221;1_3,1_3,1_3&#8243; use_custom_gutter=&#8221;on&#8221; make_equal=&#8221;on&#8221; _builder_version=&#8221;4.17.1&#8243; _module_preset=&#8221;default&#8221; global_colors_info=&#8221;{}&#8221; theme_builder_area=&#8221;post_content&#8221;][et_pb_column type=&#8221;1_3&#8243; _builder_version=&#8221;4.17.1&#8243; _module_preset=&#8221;default&#8221; global_colors_info=&#8221;{}&#8221; theme_builder_area=&#8221;post_content&#8221;][et_pb_divider color=&#8221;#007576&#8243; divider_weight=&#8221;5px&#8221; _builder_version=&#8221;4.17.1&#8243; _module_preset=&#8221;default&#8221; width=&#8221;60px&#8221; module_alignment=&#8221;left&#8221; global_colors_info=&#8221;{}&#8221; theme_builder_area=&#8221;post_content&#8221;]<br \/>\n[\/et_pb_divider][et_pb_text _builder_version=&#8221;4.17.1&#8243; _module_preset=&#8221;default&#8221; animation_style=&#8221;slide&#8221; animation_direction=&#8221;bottom&#8221; animation_intensity_slide=&#8221;5%&#8221; global_colors_info=&#8221;{}&#8221; theme_builder_area=&#8221;post_content&#8221;]<\/p>\n<h2>O PCT<\/h2>\n<p>&nbsp;<\/p>\n<p>PCT je mezin\u00e1rodn\u00ed smlouva, kter\u00e1 umo\u017e\u0148uje po\u017e\u00e1dat o patentovou ochranu sou\u010dasn\u011b ve v\u00edce zem\u00edch pod\u00e1n\u00edm jedin\u00e9 p\u0159ihl\u00e1\u0161ky. Ud\u011blen\u00ed patentu z\u016fst\u00e1v\u00e1 v kompetenci n\u00e1rodn\u00ed nebo region\u00e1ln\u00ed legislativy.<\/p>\n<p>&nbsp;<\/p>\n<p>[\/et_pb_text][et_pb_button button_url=&#8221;https:\/\/vpi.int\/cz\/03-o-pct\/&#8221; button_text=&#8221;Dal\u0161\u00ed informace o PCT&#8221; disabled_on=&#8221;off|off|on&#8221; _builder_version=&#8221;4.17.1&#8243; _module_preset=&#8221;default&#8221; custom_button=&#8221;on&#8221; button_icon=&#8221;&#x35;||divi||400&#8243; global_colors_info=&#8221;{}&#8221; theme_builder_area=&#8221;post_content&#8221;]<br \/>\n[\/et_pb_button][\/et_pb_column][et_pb_column type=&#8221;1_3&#8243; _builder_version=&#8221;4.17.1&#8243; _module_preset=&#8221;default&#8221; global_colors_info=&#8221;{}&#8221; theme_builder_area=&#8221;post_content&#8221;][et_pb_divider color=&#8221;#808080&#8243; divider_weight=&#8221;5px&#8221; _builder_version=&#8221;4.17.1&#8243; _module_preset=&#8221;default&#8221; width=&#8221;60px&#8221; module_alignment=&#8221;left&#8221; global_colors_info=&#8221;{}&#8221; theme_builder_area=&#8221;post_content&#8221;]<br \/>\n[\/et_pb_divider][et_pb_text _builder_version=&#8221;4.17.1&#8243; _module_preset=&#8221;default&#8221; vertical_offset_tablet=&#8221;0&#8243; horizontal_offset_tablet=&#8221;0&#8243; animation_style=&#8221;slide&#8221; animation_direction=&#8221;bottom&#8221; animation_intensity_slide=&#8221;5%&#8221; z_index_tablet=&#8221;0&#8243; text_text_shadow_horizontal_length_tablet=&#8221;0px&#8221; text_text_shadow_vertical_length_tablet=&#8221;0px&#8221; text_text_shadow_blur_strength_tablet=&#8221;1px&#8221; link_text_shadow_horizontal_length_tablet=&#8221;0px&#8221; link_text_shadow_vertical_length_tablet=&#8221;0px&#8221; link_text_shadow_blur_strength_tablet=&#8221;1px&#8221; ul_text_shadow_horizontal_length_tablet=&#8221;0px&#8221; ul_text_shadow_vertical_length_tablet=&#8221;0px&#8221; ul_text_shadow_blur_strength_tablet=&#8221;1px&#8221; ol_text_shadow_horizontal_length_tablet=&#8221;0px&#8221; ol_text_shadow_vertical_length_tablet=&#8221;0px&#8221; ol_text_shadow_blur_strength_tablet=&#8221;1px&#8221; quote_text_shadow_horizontal_length_tablet=&#8221;0px&#8221; quote_text_shadow_vertical_length_tablet=&#8221;0px&#8221; quote_text_shadow_blur_strength_tablet=&#8221;1px&#8221; header_text_shadow_horizontal_length_tablet=&#8221;0px&#8221; header_text_shadow_vertical_length_tablet=&#8221;0px&#8221; header_text_shadow_blur_strength_tablet=&#8221;1px&#8221; header_2_text_shadow_horizontal_length_tablet=&#8221;0px&#8221; header_2_text_shadow_vertical_length_tablet=&#8221;0px&#8221; header_2_text_shadow_blur_strength_tablet=&#8221;1px&#8221; header_3_text_shadow_horizontal_length_tablet=&#8221;0px&#8221; header_3_text_shadow_vertical_length_tablet=&#8221;0px&#8221; header_3_text_shadow_blur_strength_tablet=&#8221;1px&#8221; header_4_text_shadow_horizontal_length_tablet=&#8221;0px&#8221; header_4_text_shadow_vertical_length_tablet=&#8221;0px&#8221; header_4_text_shadow_blur_strength_tablet=&#8221;1px&#8221; header_5_text_shadow_horizontal_length_tablet=&#8221;0px&#8221; header_5_text_shadow_vertical_length_tablet=&#8221;0px&#8221; header_5_text_shadow_blur_strength_tablet=&#8221;1px&#8221; header_6_text_shadow_horizontal_length_tablet=&#8221;0px&#8221; header_6_text_shadow_vertical_length_tablet=&#8221;0px&#8221; header_6_text_shadow_blur_strength_tablet=&#8221;1px&#8221; box_shadow_horizontal_tablet=&#8221;0px&#8221; box_shadow_vertical_tablet=&#8221;0px&#8221; box_shadow_blur_tablet=&#8221;40px&#8221; box_shadow_spread_tablet=&#8221;0px&#8221; global_colors_info=&#8221;{}&#8221; theme_builder_area=&#8221;post_content&#8221;]<\/p>\n<h2>Poplatky a refundace<\/h2>\n<p>&nbsp;<\/p>\n<p>Na t\u00e9to str\u00e1nce si st\u00e1hnete formul\u00e1\u0159 pro \u010d\u00e1ste\u010dn\u00e9 vr\u00e1cen\u00ed poplatku za re\u0161er\u0161i a naleznete zde podrobn\u00e9 pokyny, jak jej odeslat pro rychlou platbu. V na\u0161ich ofici\u00e1ln\u00edch dokumentech si p\u0159e\u010dtete informace o zaji\u0161t\u011bn\u00ed kvality a o pr\u00e1vn\u00edm r\u00e1mci fungov\u00e1n\u00ed VPI.<\/p>\n<p>[\/et_pb_text][et_pb_button button_url=&#8221;https:\/\/vpi.int\/cz\/08-poplatky-a-refundace\/&#8221; button_text=&#8221;Str\u00e1nku Poplatky a refundace&#8221; disabled_on=&#8221;off|off|on&#8221; _builder_version=&#8221;4.17.1&#8243; _module_preset=&#8221;default&#8221; custom_button=&#8221;on&#8221; button_icon=&#8221;&#x35;||divi||400&#8243; vertical_offset_tablet=&#8221;0&#8243; horizontal_offset_tablet=&#8221;0&#8243; z_index_tablet=&#8221;0&#8243; button_text_shadow_horizontal_length_tablet=&#8221;0px&#8221; button_text_shadow_vertical_length_tablet=&#8221;0px&#8221; button_text_shadow_blur_strength_tablet=&#8221;1px&#8221; box_shadow_horizontal_tablet=&#8221;0px&#8221; box_shadow_vertical_tablet=&#8221;0px&#8221; box_shadow_blur_tablet=&#8221;40px&#8221; box_shadow_spread_tablet=&#8221;0px&#8221; global_colors_info=&#8221;{}&#8221; theme_builder_area=&#8221;post_content&#8221;]<br \/>\n[\/et_pb_button][\/et_pb_column][et_pb_column type=&#8221;1_3&#8243; _builder_version=&#8221;4.17.1&#8243; _module_preset=&#8221;default&#8221; global_colors_info=&#8221;{}&#8221; theme_builder_area=&#8221;post_content&#8221;][et_pb_divider color=&#8221;#145670&#8243; divider_weight=&#8221;5px&#8221; _builder_version=&#8221;4.17.1&#8243; _module_preset=&#8221;default&#8221; width=&#8221;60px&#8221; module_alignment=&#8221;left&#8221; global_colors_info=&#8221;{}&#8221; theme_builder_area=&#8221;post_content&#8221;]<br \/>\n[\/et_pb_divider][et_pb_text _builder_version=&#8221;4.17.1&#8243; _module_preset=&#8221;default&#8221; animation_style=&#8221;slide&#8221; animation_direction=&#8221;bottom&#8221; animation_intensity_slide=&#8221;5%&#8221; global_colors_info=&#8221;{}&#8221; theme_builder_area=&#8221;post_content&#8221;]<\/p>\n<h2>Znalostn\u00ed centrum<\/h2>\n<p>&nbsp;<\/p>\n<p>Znalostn\u00ed centrum Visegr\u00e1dsk\u00e9ho patentov\u00e9ho institutu bylo vytvo\u0159eno za \u00fa\u010delem sd\u00edlen\u00ed v\u00fdzkumu, statistik, osv\u011bd\u010den\u00fdch postup\u016f v oblasti pr\u016fmyslu a srovn\u00e1vac\u00edch informac\u00ed o mezin\u00e1rodn\u00edm p\u0159ihla\u0161ov\u00e1n\u00ed a patentech v zem\u00edch Visegr\u00e1du prost\u0159ednictv\u00edm publikac\u00ed a akc\u00ed.<\/p>\n<p>[\/et_pb_text][et_pb_button button_url=&#8221;https:\/\/vpi.int\/cz\/09-znalostni-centrum\/\/&#8221; button_text=&#8221;Nav\u0161tivte znalostn\u00ed centrum&#8221; disabled_on=&#8221;off|off|on&#8221; _builder_version=&#8221;4.17.1&#8243; _module_preset=&#8221;default&#8221; custom_button=&#8221;on&#8221; button_icon=&#8221;&#x35;||divi||400&#8243; global_colors_info=&#8221;{}&#8221; theme_builder_area=&#8221;post_content&#8221;]<br \/>\n[\/et_pb_button][\/et_pb_column][\/et_pb_row][et_pb_row column_structure=&#8221;1_3,1_3,1_3&#8243; _builder_version=&#8221;4.17.1&#8243; _module_preset=&#8221;default&#8221; global_colors_info=&#8221;{}&#8221; theme_builder_area=&#8221;post_content&#8221;][et_pb_column type=&#8221;1_3&#8243; _builder_version=&#8221;4.17.1&#8243; _module_preset=&#8221;default&#8221; global_colors_info=&#8221;{}&#8221; theme_builder_area=&#8221;post_content&#8221;][et_pb_button button_url=&#8221;https:\/\/vpi.int\/cz\/03-o-pct\/&#8221; button_text=&#8221;Dal\u0161\u00ed informace o PCT&#8221; disabled_on=&#8221;on|on|off&#8221; _builder_version=&#8221;4.17.1&#8243; _module_preset=&#8221;default&#8221; custom_button=&#8221;on&#8221; button_icon=&#8221;&#x35;||divi||400&#8243; global_colors_info=&#8221;{}&#8221; theme_builder_area=&#8221;post_content&#8221;]<br \/>\n[\/et_pb_button][\/et_pb_column][et_pb_column type=&#8221;1_3&#8243; _builder_version=&#8221;4.17.1&#8243; _module_preset=&#8221;default&#8221; global_colors_info=&#8221;{}&#8221; theme_builder_area=&#8221;post_content&#8221;][et_pb_button button_url=&#8221;https:\/\/vpi.int\/cz\/08-poplatky-a-refundace\/&#8221; button_text=&#8221;Str\u00e1nku Poplatky a refundace&#8221; disabled_on=&#8221;on|on|off&#8221; _builder_version=&#8221;4.17.1&#8243; _module_preset=&#8221;default&#8221; custom_button=&#8221;on&#8221; button_icon=&#8221;&#x35;||divi||400&#8243; vertical_offset_tablet=&#8221;0&#8243; horizontal_offset_tablet=&#8221;0&#8243; z_index_tablet=&#8221;0&#8243; button_text_shadow_horizontal_length_tablet=&#8221;0px&#8221; button_text_shadow_vertical_length_tablet=&#8221;0px&#8221; button_text_shadow_blur_strength_tablet=&#8221;1px&#8221; box_shadow_horizontal_tablet=&#8221;0px&#8221; box_shadow_vertical_tablet=&#8221;0px&#8221; box_shadow_blur_tablet=&#8221;40px&#8221; box_shadow_spread_tablet=&#8221;0px&#8221; global_colors_info=&#8221;{}&#8221; theme_builder_area=&#8221;post_content&#8221;]<br \/>\n[\/et_pb_button][\/et_pb_column][et_pb_column type=&#8221;1_3&#8243; _builder_version=&#8221;4.17.1&#8243; _module_preset=&#8221;default&#8221; global_colors_info=&#8221;{}&#8221; theme_builder_area=&#8221;post_content&#8221;][et_pb_button button_url=&#8221;https:\/\/vpi.int\/cz\/09-znalostni-centrum\/&#8221; button_text=&#8221;Nav\u0161tivte znalostn\u00ed centrum&#8221; disabled_on=&#8221;on|on|off&#8221; _builder_version=&#8221;4.17.1&#8243; _module_preset=&#8221;default&#8221; custom_button=&#8221;on&#8221; button_icon=&#8221;&#x35;||divi||400&#8243; global_colors_info=&#8221;{}&#8221; theme_builder_area=&#8221;post_content&#8221;]<br \/>\n[\/et_pb_button][\/et_pb_column][\/et_pb_row][\/et_pb_section][et_pb_section fb_built=&#8221;1&#8243; disabled_on=&#8221;on|on|off&#8221; _builder_version=&#8221;4.17.1&#8243; _module_preset=&#8221;default&#8221; background_color=&#8221;#145670&#8243; use_background_color_gradient=&#8221;on&#8221; background_color_gradient_direction=&#8221;70deg&#8221; background_color_gradient_stops=&#8221;rgba(0,17,30,0.78) 25%|rgba(0,117,118,0.5) 100%&#8221; background_image=&#8221;https:\/\/vpi.int\/cz\/wp-content\/uploads\/2022\/06\/VPI_citys_turquise_02_01.jpg&#8221; background_size=&#8221;initial&#8221; background_blend=&#8221;soft-light&#8221; background_enable_pattern_style=&#8221;on&#8221; background_pattern_style=&#8221;diagonal-stripes-2&#8243; background_pattern_color=&#8221;rgba(0,117,118,0.2)&#8221; custom_padding=&#8221;130px||130px||true|false&#8221; animation_style=&#8221;fade&#8221; background_last_edited=&#8221;on|phone&#8221; background_size_tablet=&#8221;contain&#8221; global_colors_info=&#8221;{}&#8221;][et_pb_row _builder_version=&#8221;4.17.1&#8243; _module_preset=&#8221;default&#8221; background_enable_color=&#8221;off&#8221; custom_padding=&#8221;30px|30px|30px|30px|true|true&#8221; border_color_all=&#8221;#007576&#8243; global_colors_info=&#8221;{}&#8221;][et_pb_column type=&#8221;4_4&#8243; _builder_version=&#8221;4.17.1&#8243; _module_preset=&#8221;default&#8221; global_colors_info=&#8221;{}&#8221;][\/et_pb_column][\/et_pb_row][\/et_pb_section][et_pb_section fb_built=&#8221;1&#8243; custom_padding_last_edited=&#8221;on|phone&#8221; disabled_on=&#8221;off|off|on&#8221; _builder_version=&#8221;4.17.1&#8243; _module_preset=&#8221;default&#8221; background_color=&#8221;#145670&#8243; use_background_color_gradient=&#8221;on&#8221; background_color_gradient_direction=&#8221;70deg&#8221; background_color_gradient_stops=&#8221;rgba(0,17,30,0.78) 25%|rgba(0,117,118,0.5) 100%&#8221; background_image=&#8221;https:\/\/vpi.int\/cz\/wp-content\/uploads\/2022\/06\/VPI_citys_turquise_02_01.jpg&#8221; background_size=&#8221;initial&#8221; background_blend=&#8221;soft-light&#8221; background_enable_pattern_style=&#8221;on&#8221; background_pattern_style=&#8221;diagonal-stripes-2&#8243; background_pattern_color=&#8221;rgba(0,117,118,0.2)&#8221; custom_padding=&#8221;130px||130px||true|false&#8221; custom_padding_tablet=&#8221;25px||25px||true|false&#8221; custom_padding_phone=&#8221;140px||140px||true|false&#8221; animation_style=&#8221;fade&#8221; background_last_edited=&#8221;on|desktop&#8221; background_image_phone=&#8221;https:\/\/vpi.int\/cz\/wp-content\/uploads\/2022\/06\/VPI_citys_mobile_01.jpg&#8221; background_enable_image_phone=&#8221;on&#8221; background_size_tablet=&#8221;contain&#8221; background_size_phone=&#8221;cover&#8221; background_image_width_phone=&#8221;0%&#8221; background_image_height_phone=&#8221;34%&#8221; global_colors_info=&#8221;{}&#8221;][et_pb_row _builder_version=&#8221;4.17.1&#8243; _module_preset=&#8221;default&#8221; background_enable_color=&#8221;off&#8221; custom_padding=&#8221;30px|30px|30px|30px|true|true&#8221; border_color_all=&#8221;#007576&#8243; global_colors_info=&#8221;{}&#8221;][et_pb_column type=&#8221;4_4&#8243; _builder_version=&#8221;4.17.1&#8243; _module_preset=&#8221;default&#8221; global_colors_info=&#8221;{}&#8221;][\/et_pb_column][\/et_pb_row][\/et_pb_section]<\/p>\n","protected":false},"excerpt":{"rendered":"<p>RE\u0160ER\u0160E MEZIN\u00c1RODN\u00cdIHO TYPUZJI\u0160\u0164OV\u00c1N\u00cd DOSAVADN\u00cdHO STAVU TECHNIKY V N\u00c1RODN\u00cdM PATENTOV\u00c9M \u0158\u00cdZEN\u00cd &nbsp; Re\u0161er\u0161i mezin\u00e1rodn\u00edho typu (ITS) prov\u00e1d\u00ed org\u00e1n pro mezin\u00e1rodn\u00ed re\u0161er\u0161i (ISA) ve vztahu k n\u00e1rodn\u00ed patentov\u00e9 p\u0159ihl\u00e1\u0161ce, kter\u00e1 je pod\u00e1na u n\u00e1rodn\u00edho \u00fa\u0159adu, s c\u00edlem, v souladu s PCT, nal\u00e9zt nejrelevantn\u011bj\u0161\u00ed dokumenty o stavu techniky, kter\u00e9 se vztahuj\u00ed k p\u0159edm\u011btu n\u00e1rokovan\u00e9mu v p\u0159ihl\u00e1\u0161ce. C\u00edl ITS [&hellip;]<\/p>\n","protected":false},"author":2,"featured_media":0,"parent":0,"menu_order":0,"comment_status":"closed","ping_status":"closed","template":"","meta":{"_et_pb_use_builder":"on","_et_pb_old_content":"","_et_gb_content_width":"","footnotes":""},"class_list":["post-1381","page","type-page","status-publish","hentry"],"_links":{"self":[{"href":"https:\/\/vpi.int\/cz\/wp-json\/wp\/v2\/pages\/1381","targetHints":{"allow":["GET"]}}],"collection":[{"href":"https:\/\/vpi.int\/cz\/wp-json\/wp\/v2\/pages"}],"about":[{"href":"https:\/\/vpi.int\/cz\/wp-json\/wp\/v2\/types\/page"}],"author":[{"embeddable":true,"href":"https:\/\/vpi.int\/cz\/wp-json\/wp\/v2\/users\/2"}],"replies":[{"embeddable":true,"href":"https:\/\/vpi.int\/cz\/wp-json\/wp\/v2\/comments?post=1381"}],"version-history":[{"count":9,"href":"https:\/\/vpi.int\/cz\/wp-json\/wp\/v2\/pages\/1381\/revisions"}],"predecessor-version":[{"id":1497,"href":"https:\/\/vpi.int\/cz\/wp-json\/wp\/v2\/pages\/1381\/revisions\/1497"}],"wp:attachment":[{"href":"https:\/\/vpi.int\/cz\/wp-json\/wp\/v2\/media?parent=1381"}],"curies":[{"name":"wp","href":"https:\/\/api.w.org\/{rel}","templated":true}]}}