{"id":1396,"date":"2023-09-20T12:28:15","date_gmt":"2023-09-20T12:28:15","guid":{"rendered":"https:\/\/vpi.int\/cz\/?page_id=1396"},"modified":"2025-10-01T04:11:59","modified_gmt":"2025-10-01T04:11:59","slug":"14-reserse-na-novost-s-predbeznou-zpravou-o-patentovatelnosti","status":"publish","type":"page","link":"https:\/\/vpi.int\/cz\/14-reserse-na-novost-s-predbeznou-zpravou-o-patentovatelnosti\/","title":{"rendered":"Re\u0161er\u0161e na novost s p\u0159edb\u011b\u017enou zpr\u00e1vou o patentovatelnosti"},"content":{"rendered":"<p>[et_pb_section fb_built=&#8221;1&#8243; _builder_version=&#8221;4.17.1&#8243; _module_preset=&#8221;default&#8221; background_enable_color=&#8221;off&#8221; use_background_color_gradient=&#8221;on&#8221; background_color_gradient_direction=&#8221;70deg&#8221; background_color_gradient_stops=&#8221;#001a44 0%|rgba(0,168,170,0.55) 99%&#8221; background_enable_image=&#8221;off&#8221; background_blend=&#8221;soft-light&#8221; background_enable_pattern_style=&#8221;on&#8221; background_pattern_style=&#8221;diagonal-stripes-2&#8243; background_pattern_color=&#8221;rgba(0,117,118,0.17)&#8221; custom_padding=&#8221;120px||0px||false|false&#8221; animation_style=&#8221;slide&#8221; animation_direction=&#8221;bottom&#8221; animation_intensity_slide=&#8221;5%&#8221; global_colors_info=&#8221;{}&#8221;][et_pb_row _builder_version=&#8221;4.17.1&#8243; _module_preset=&#8221;default&#8221; background_enable_color=&#8221;off&#8221; custom_padding=&#8221;0px|30px|0px|30px|true|true&#8221; border_color_all=&#8221;#007576&#8243; global_colors_info=&#8221;{}&#8221;][et_pb_column type=&#8221;4_4&#8243; _builder_version=&#8221;4.17.1&#8243; _module_preset=&#8221;default&#8221; global_colors_info=&#8221;{}&#8221;][et_pb_text _builder_version=&#8221;4.17.1&#8243; _module_preset=&#8221;default&#8221; text_font=&#8221;Barlow|300||on|||||&#8221; text_text_color=&#8221;#FFFFFF&#8221; text_font_size=&#8221;22px&#8221; text_letter_spacing=&#8221;5px&#8221; text_line_height=&#8221;1.5em&#8221; header_text_color=&#8221;#FFFFFF&#8221; header_2_font=&#8221;Barlow|600||on|||||&#8221; header_2_text_color=&#8221;#FFFFFF&#8221; header_2_font_size=&#8221;40px&#8221; header_2_letter_spacing=&#8221;5px&#8221; header_2_line_height=&#8221;1.1em&#8221; width=&#8221;70%&#8221; header_2_font_size_tablet=&#8221;40px&#8221; header_2_font_size_phone=&#8221;20px&#8221; header_2_font_size_last_edited=&#8221;on|phone&#8221; global_colors_info=&#8221;{}&#8221;]<\/p>\n<h2>RE\u0160ER\u0160E NA NOVOST S P\u0158EDB\u011a\u017dNOU ZPR\u00c1VOU O PATENTOVATELNOSTI<\/h2>\n<p>[\/et_pb_text][et_pb_blurb url=&#8221;#Services&#8221; use_icon=&#8221;on&#8221; icon_color=&#8221;#ffffff&#8221; image_icon_width=&#8221;30px&#8221; _builder_version=&#8221;4.17.1&#8243; _module_preset=&#8221;default&#8221; custom_margin=&#8221;||0px||false|false&#8221; custom_padding=&#8221;||0px||false|false&#8221; global_colors_info=&#8221;{}&#8221;][\/et_pb_blurb][\/et_pb_column][\/et_pb_row][et_pb_row _builder_version=&#8221;4.17.1&#8243; _module_preset=&#8221;default&#8221; global_colors_info=&#8221;{}&#8221;][et_pb_column type=&#8221;4_4&#8243; _builder_version=&#8221;4.17.1&#8243; _module_preset=&#8221;default&#8221; global_colors_info=&#8221;{}&#8221;][et_pb_blurb url=&#8221;#Services&#8221; use_icon=&#8221;on&#8221; font_icon=&#8221;&#x33;||divi||400&#8243; icon_color=&#8221;#ffffff&#8221; image_icon_width=&#8221;30px&#8221; _builder_version=&#8221;4.17.1&#8243; _module_preset=&#8221;default&#8221; custom_margin=&#8221;||0px||false|false&#8221; custom_padding=&#8221;||0px||false|false&#8221; global_colors_info=&#8221;{}&#8221;][\/et_pb_blurb][\/et_pb_column][\/et_pb_row][\/et_pb_section][et_pb_section fb_built=&#8221;1&#8243; admin_label=&#8221;Services&#8221; module_id=&#8221;Services&#8221; _builder_version=&#8221;4.17.1&#8243; _module_preset=&#8221;default&#8221; custom_padding=&#8221;90px|0px|50px|0px||&#8221; global_colors_info=&#8221;{}&#8221;][et_pb_row _builder_version=&#8221;4.17.1&#8243; _module_preset=&#8221;default&#8221; global_colors_info=&#8221;{}&#8221;][et_pb_column type=&#8221;4_4&#8243; _builder_version=&#8221;4.17.1&#8243; _module_preset=&#8221;default&#8221; global_colors_info=&#8221;{}&#8221;][et_pb_divider color=&#8221;#007576&#8243; divider_weight=&#8221;5px&#8221; _builder_version=&#8221;4.17.1&#8243; _module_preset=&#8221;default&#8221; width=&#8221;60px&#8221; module_alignment=&#8221;left&#8221; global_colors_info=&#8221;{}&#8221;][\/et_pb_divider][et_pb_text _builder_version=&#8221;4.17.1&#8243; _module_preset=&#8221;default&#8221; header_2_line_height=&#8221;1.3em&#8221; animation_style=&#8221;slide&#8221; animation_direction=&#8221;left&#8221; animation_intensity_slide=&#8221;5%&#8221; hover_enabled=&#8221;0&#8243; global_colors_info=&#8221;{}&#8221; sticky_enabled=&#8221;0&#8243;]<\/p>\n<h2>ZJI\u0160\u0164OV\u00c1N\u00cd STAVU TECHNIKY A Z\u00cdSK\u00c1N\u00cd INFORMAC\u00cd O PATENTOVATELNOSTI VYN\u00c1LEZU NEBO TECHNICK\u00c9HO \u0158E\u0160EN\u00cd<\/h2>\n<p>&nbsp;<\/p>\n<p>Slu\u017eba t\u00fdkaj\u00edc\u00ed se re\u0161er\u0161e na novost s p\u0159edb\u011b\u017enou zpr\u00e1vou o patentovatelnosti (NSPPR) poskytovan\u00e1 Visegr\u00e1dsk\u00fdm patentov\u00fdm institutem (VPI) se prov\u00e1d\u00ed na z\u00e1klad\u011b Dohody o Visegr\u00e1dsk\u00e9m patentov\u00e9m institutu. NSPPR je VPI slu\u017ebou glob\u00e1ln\u00ed patentov\u00e9 re\u0161er\u0161e, o n\u00ed\u017e m\u016f\u017ee po\u017e\u00e1dat kdokoli na cel\u00e9m sv\u011bt\u011b bez ohledu na st\u00e1tn\u00ed p\u0159\u00edslu\u0161nost.<\/p>\n<p><strong>C\u00edl re\u0161er\u0161e na novost s p\u0159edb\u011b\u017enou zpr\u00e1vou o patentovatelnosti (NSPPR)<\/strong><\/p>\n<p>Re\u0161er\u0161e na novost s p\u0159edb\u011b\u017enou zpr\u00e1vou o patentovatelnosti (NSPPR) zji\u0161\u0165uje patentov\u00e9 dokumenty a jin\u00e9 publikace, kter\u00e9 mohou b\u00fdt relevantn\u00ed pro posouzen\u00ed novosti a vyn\u00e1lezeck\u00e9 \u010dinnosti popsan\u00e9ho vyn\u00e1lezu, a poskytuje podrobn\u00e9 vysv\u011btluj\u00edc\u00ed stanovisko k tomu, zda vyn\u00e1lez spl\u0148uje t\u0159i krit\u00e9ria patentovatelnosti: zda je nov\u00fd a zalo\u017een\u00fd na vyn\u00e1lezeck\u00e9 \u010dinnosti ve vztahu k poznatk\u016fm obsa\u017een\u00fdm v citovan\u00fdch dokumentech, a zda je pr\u016fmyslov\u011b vyu\u017eiteln\u00fd.<\/p>\n<p>NSPPR m\u016f\u017ee b\u00fdt u\u017eite\u010dn\u00e1 v \u0159ad\u011b situac\u00ed, nap\u0159\u00edklad p\u0159i p\u0159\u00edprav\u011b patentov\u00e9 p\u0159ihl\u00e1\u0161ky, v situaci vym\u00e1h\u00e1n\u00ed, p\u0159i jedn\u00e1n\u00ed s investory, p\u0159i vyu\u017e\u00edv\u00e1n\u00ed patentu (ud\u011blov\u00e1n\u00ed licenc\u00ed, prodej, zah\u00e1jen\u00ed v\u00fdroby, investice do dovozn\u00edch nebo v\u00fdvozn\u00edch aktivit atd.) nebo p\u0159i ur\u010dov\u00e1n\u00ed mo\u017en\u00fdch sm\u011br\u016f v\u00fdzkumu a v\u00fdvoje.<\/p>\n<p><strong>Postup<\/strong><\/p>\n<p>Na popis vyn\u00e1lezu nebo technick\u00e9ho \u0159e\u0161en\u00ed nejsou kladeny \u017e\u00e1dn\u00e9 form\u00e1ln\u00ed po\u017eadavky. Nicm\u00e9n\u011b, pro maxim\u00e1ln\u00ed vyu\u017eit\u00ed slu\u017eby se doporu\u010duje uv\u00e9st obdobn\u011b podrobn\u00e9 informace o p\u0159edm\u011btu vyn\u00e1lezu jako v patentov\u00e9 p\u0159ihl\u00e1\u0161ce.<\/p>\n<p>Re\u0161er\u0161e na novost s p\u0159edb\u011b\u017enou zpr\u00e1vou o patentovatelnosti (NSPPR) se prov\u00e1d\u00ed v datab\u00e1z\u00edch patentov\u00e9 a nepatentov\u00e9 literatury pokr\u00fdvaj\u00edc\u00edch minim\u00e1ln\u00ed dokumentaci podle Smlouvy o patentov\u00e9 spolupr\u00e1ci (PCT). Krom\u011b re\u0161er\u0161e na novost NSPPR poskytuje tak\u00e9 podrobn\u00e9 vysv\u011btluj\u00edc\u00ed stanovisko k tomu, zda vyn\u00e1lez spl\u0148uje po\u017eadavky patentovatelnosti z hlediska novosti, vyn\u00e1lezeck\u00e9 \u010dinnosti a pr\u016fmyslov\u00e9 vyu\u017eitelnosti.<\/p>\n<p>Ur\u010den\u00ed, zda jsou \u010di nejsou spln\u011bny podm\u00ednky patentovatelnosti, je zalo\u017eeno na stejn\u00e9 anal\u00fdze a krit\u00e9ri\u00edch jako u p\u00edsemn\u00e9ho posudku (written opinion) vypracovan\u00e9ho org\u00e1nem pro mezin\u00e1rodn\u00ed re\u0161er\u0161i nebo pro mezin\u00e1rodn\u00ed p\u0159edb\u011b\u017en\u00fd pr\u016fzkum podle PCT.<\/p>\n<p>NSPPR se zpracov\u00e1v\u00e1 v angli\u010dtin\u011b. Objedn\u00e1vkov\u00fd formul\u00e1\u0159 pro NSPPR se proto vypl\u0148uje v angli\u010dtin\u011b a v\u0161echny dokumenty mus\u00ed b\u00fdt p\u0159edlo\u017eeny v angli\u010dtin\u011b. NSPPR se tak\u00e9 vyd\u00e1v\u00e1 v angli\u010dtin\u011b.<\/p>\n<p>Objedn\u00e1vky NSPPR se pod\u00e1vaj\u00ed vypln\u011bn\u00edm objedn\u00e1vkov\u00e9ho formul\u00e1\u0159e pro glob\u00e1ln\u00ed patentov\u00e9 slu\u017eby. Objedn\u00e1vkov\u00fd formul\u00e1\u0159 se zas\u00edl\u00e1 po\u0161tou nebo e-mailem p\u0159\u00edmo Sekretari\u00e1tu VPI.<\/p>\n<p>Kontaktn\u00ed \u00fadaje Sekretari\u00e1tu VPI:<br \/>Visegr\u00e1dsk\u00fd patentov\u00fd institut<br \/>po\u0161tovn\u00ed adresa: II. J\u00e1nos P\u00e1l p\u00e1pa t\u00e9r 7.,H-1081 Budapest, Ma\u010farsko<br \/>email: secretariat@vpi.int<\/p>\n<p><a href=\"https:\/\/vpi.int\/en\/wp-content\/uploads\/2025\/09\/global-patent-search-services-order-form.pdf\" target=\"_blank\" rel=\"noopener\"><span style=\"text-decoration: underline;\"><span style=\"color: #002633; text-decoration: underline;\">St\u00e1hn\u011bte si objedn\u00e1vkov\u00fd formul\u00e1\u0159 pro glob\u00e1ln\u00ed patentov\u00e9 slu\u017eby &gt;&gt;<\/span><\/span><\/a><\/p>\n<p><strong>Lh\u016fty a dod\u00e1n\u00ed<\/strong><\/p>\n<p>Visegr\u00e1dsk\u00fd patentov\u00fd institut vypracuje re\u0161er\u0161i na novost s p\u0159edb\u011b\u017enou zpr\u00e1vou o patentovatelnosti (NSPPR) do \u010dty\u0159 t\u00fddn\u016f od data potvrzen\u00ed objedn\u00e1vky, kter\u00e9 je vyd\u00e1no, pokud je k dispozici objedn\u00e1vka se v\u0161emi pot\u0159ebn\u00fdmi informacemi umo\u017e\u0148uj\u00edc\u00edmi smysluplnou re\u0161er\u0161i na vyn\u00e1lez a pokud byl VPI zaplacen poplatek za slu\u017ebu.<\/p>\n<p>NSPPR obsahuje krom\u011b re\u0161er\u0161e na novost tak\u00e9 podrobn\u00e9 vysv\u011btluj\u00edc\u00ed stanovisko k tomu, zda vyn\u00e1lez spl\u0148uje po\u017eadavky patentovatelnosti z hlediska novosti, vyn\u00e1lezeck\u00e9 \u010dinnosti a pr\u016fmyslov\u00e9 vyu\u017eitelnosti. Uv\u00e1d\u011bj\u00ed se rovn\u011b\u017e patentov\u00e9 dokumenty a dal\u0161\u00ed \u00fadaje o stavu techniky, kter\u00e9 se jev\u00ed jako relevantn\u00ed na novost a vyn\u00e1lezeckou \u010dinnost p\u0159edlo\u017een\u00e9ho vyn\u00e1lezu.<\/p>\n<p><strong>Poplatek<\/strong><\/p>\n<p>Vyhotoven\u00ed NSPPR je zpoplatn\u011bno pau\u0161\u00e1ln\u00ed \u010d\u00e1stkou 950 EUR. Poplatek se hrad\u00ed bankovn\u00edm p\u0159evodem p\u0159\u00edmo na n\u00ed\u017ee uveden\u00fd \u00fa\u010det Visegr\u00e1dsk\u00e9ho patentov\u00e9ho institutu p\u0159i zad\u00e1n\u00ed objedn\u00e1vky.<\/p>\n<p>Majitel \u00fa\u010dtu: Visegr\u00e1dsk\u00fd patentov\u00fd institut<br \/>Jm\u00e9no a adresa banky: Raiffeisen Bank Zrt., 116-118. V\u00e1ci \u00fat 1133 Budapest, Ma\u010farsko<br \/>IBAN: HU66-12012204-01799099-00200000<br \/>SWIFT Code: UBRTHUHB<\/p>\n<p><a href=\"https:\/\/vpi.int\/en\/wp-content\/uploads\/2025\/09\/global-patent-search-services-terms-and-conditions.pdf\" target=\"_blank\" rel=\"noopener\"><span style=\"text-decoration: underline;\"><span style=\"color: #002633; text-decoration: underline;\">St\u00e1hn\u011bte si V\u0161eobecn\u00e9 podm\u00ednky glob\u00e1ln\u00edch patentov\u00fdch re\u0161er\u0161n\u00edch slu\u017eeb VPI &gt;&gt;<\/span><\/span><\/a><\/p>\n<p>&nbsp;<\/p>\n<p>[\/et_pb_text][\/et_pb_column][\/et_pb_row][\/et_pb_section][et_pb_section fb_built=&#8221;1&#8243; admin_label=&#8221;Services&#8221; _builder_version=&#8221;4.16&#8243; _module_preset=&#8221;default&#8221; custom_padding=&#8221;90px|0px|90px|0px&#8221; global_colors_info=&#8221;{}&#8221;][et_pb_row column_structure=&#8221;1_3,1_3,1_3&#8243; use_custom_gutter=&#8221;on&#8221; make_equal=&#8221;on&#8221; _builder_version=&#8221;4.17.1&#8243; _module_preset=&#8221;default&#8221; global_colors_info=&#8221;{}&#8221;][et_pb_column type=&#8221;1_3&#8243; _builder_version=&#8221;4.17.1&#8243; _module_preset=&#8221;default&#8221; global_colors_info=&#8221;{}&#8221;][et_pb_divider color=&#8221;#007576&#8243; divider_weight=&#8221;5px&#8221; _builder_version=&#8221;4.17.1&#8243; _module_preset=&#8221;default&#8221; width=&#8221;60px&#8221; module_alignment=&#8221;left&#8221; global_colors_info=&#8221;{}&#8221;]<br \/>\n[\/et_pb_divider][et_pb_text _builder_version=&#8221;4.17.1&#8243; _module_preset=&#8221;default&#8221; animation_style=&#8221;slide&#8221; animation_direction=&#8221;bottom&#8221; animation_intensity_slide=&#8221;5%&#8221; global_colors_info=&#8221;{}&#8221;]<\/p>\n<h2>O PCT<\/h2>\n<p>&nbsp;<\/p>\n<p>PCT je mezin\u00e1rodn\u00ed smlouva, kter\u00e1 umo\u017e\u0148uje po\u017e\u00e1dat o patentovou ochranu sou\u010dasn\u011b ve v\u00edce zem\u00edch pod\u00e1n\u00edm jedin\u00e9 p\u0159ihl\u00e1\u0161ky. Ud\u011blen\u00ed patentu z\u016fst\u00e1v\u00e1 v kompetenci n\u00e1rodn\u00ed nebo region\u00e1ln\u00ed legislativy.<\/p>\n<p>&nbsp;<\/p>\n<p>[\/et_pb_text][et_pb_button button_url=&#8221;https:\/\/vpi.int\/cz\/03-o-pct\/&#8221; button_text=&#8221;Dal\u0161\u00ed informace o PCT&#8221; disabled_on=&#8221;off|off|on&#8221; _builder_version=&#8221;4.17.1&#8243; _module_preset=&#8221;default&#8221; custom_button=&#8221;on&#8221; button_icon=&#8221;&#x35;||divi||400&#8243; global_colors_info=&#8221;{}&#8221;]<br \/>\n[\/et_pb_button][\/et_pb_column][et_pb_column type=&#8221;1_3&#8243; _builder_version=&#8221;4.17.1&#8243; _module_preset=&#8221;default&#8221; global_colors_info=&#8221;{}&#8221;][et_pb_divider color=&#8221;#808080&#8243; divider_weight=&#8221;5px&#8221; _builder_version=&#8221;4.17.1&#8243; _module_preset=&#8221;default&#8221; width=&#8221;60px&#8221; module_alignment=&#8221;left&#8221; global_colors_info=&#8221;{}&#8221;]<br \/>\n[\/et_pb_divider][et_pb_text _builder_version=&#8221;4.17.1&#8243; _module_preset=&#8221;default&#8221; vertical_offset_tablet=&#8221;0&#8243; horizontal_offset_tablet=&#8221;0&#8243; animation_style=&#8221;slide&#8221; animation_direction=&#8221;bottom&#8221; animation_intensity_slide=&#8221;5%&#8221; z_index_tablet=&#8221;0&#8243; text_text_shadow_horizontal_length_tablet=&#8221;0px&#8221; text_text_shadow_vertical_length_tablet=&#8221;0px&#8221; text_text_shadow_blur_strength_tablet=&#8221;1px&#8221; link_text_shadow_horizontal_length_tablet=&#8221;0px&#8221; link_text_shadow_vertical_length_tablet=&#8221;0px&#8221; link_text_shadow_blur_strength_tablet=&#8221;1px&#8221; ul_text_shadow_horizontal_length_tablet=&#8221;0px&#8221; ul_text_shadow_vertical_length_tablet=&#8221;0px&#8221; ul_text_shadow_blur_strength_tablet=&#8221;1px&#8221; ol_text_shadow_horizontal_length_tablet=&#8221;0px&#8221; ol_text_shadow_vertical_length_tablet=&#8221;0px&#8221; ol_text_shadow_blur_strength_tablet=&#8221;1px&#8221; quote_text_shadow_horizontal_length_tablet=&#8221;0px&#8221; quote_text_shadow_vertical_length_tablet=&#8221;0px&#8221; quote_text_shadow_blur_strength_tablet=&#8221;1px&#8221; header_text_shadow_horizontal_length_tablet=&#8221;0px&#8221; header_text_shadow_vertical_length_tablet=&#8221;0px&#8221; header_text_shadow_blur_strength_tablet=&#8221;1px&#8221; header_2_text_shadow_horizontal_length_tablet=&#8221;0px&#8221; header_2_text_shadow_vertical_length_tablet=&#8221;0px&#8221; header_2_text_shadow_blur_strength_tablet=&#8221;1px&#8221; header_3_text_shadow_horizontal_length_tablet=&#8221;0px&#8221; header_3_text_shadow_vertical_length_tablet=&#8221;0px&#8221; header_3_text_shadow_blur_strength_tablet=&#8221;1px&#8221; header_4_text_shadow_horizontal_length_tablet=&#8221;0px&#8221; header_4_text_shadow_vertical_length_tablet=&#8221;0px&#8221; header_4_text_shadow_blur_strength_tablet=&#8221;1px&#8221; header_5_text_shadow_horizontal_length_tablet=&#8221;0px&#8221; header_5_text_shadow_vertical_length_tablet=&#8221;0px&#8221; header_5_text_shadow_blur_strength_tablet=&#8221;1px&#8221; header_6_text_shadow_horizontal_length_tablet=&#8221;0px&#8221; header_6_text_shadow_vertical_length_tablet=&#8221;0px&#8221; header_6_text_shadow_blur_strength_tablet=&#8221;1px&#8221; box_shadow_horizontal_tablet=&#8221;0px&#8221; box_shadow_vertical_tablet=&#8221;0px&#8221; box_shadow_blur_tablet=&#8221;40px&#8221; box_shadow_spread_tablet=&#8221;0px&#8221; global_colors_info=&#8221;{}&#8221;]<\/p>\n<h2>Poplatky a refundace<\/h2>\n<p>&nbsp;<\/p>\n<p>Na t\u00e9to str\u00e1nce si st\u00e1hnete formul\u00e1\u0159 pro \u010d\u00e1ste\u010dn\u00e9 vr\u00e1cen\u00ed poplatku za re\u0161er\u0161i a naleznete zde podrobn\u00e9 pokyny, jak jej odeslat pro rychlou platbu. V na\u0161ich ofici\u00e1ln\u00edch dokumentech si p\u0159e\u010dtete informace o zaji\u0161t\u011bn\u00ed kvality a o pr\u00e1vn\u00edm r\u00e1mci fungov\u00e1n\u00ed VPI.<\/p>\n<p>[\/et_pb_text][et_pb_button button_url=&#8221;https:\/\/vpi.int\/cz\/08-poplatky-a-refundace\/&#8221; button_text=&#8221;Str\u00e1nku Poplatky a refundace&#8221; disabled_on=&#8221;off|off|on&#8221; _builder_version=&#8221;4.17.1&#8243; _module_preset=&#8221;default&#8221; custom_button=&#8221;on&#8221; button_icon=&#8221;&#x35;||divi||400&#8243; vertical_offset_tablet=&#8221;0&#8243; horizontal_offset_tablet=&#8221;0&#8243; z_index_tablet=&#8221;0&#8243; button_text_shadow_horizontal_length_tablet=&#8221;0px&#8221; button_text_shadow_vertical_length_tablet=&#8221;0px&#8221; button_text_shadow_blur_strength_tablet=&#8221;1px&#8221; box_shadow_horizontal_tablet=&#8221;0px&#8221; box_shadow_vertical_tablet=&#8221;0px&#8221; box_shadow_blur_tablet=&#8221;40px&#8221; box_shadow_spread_tablet=&#8221;0px&#8221; global_colors_info=&#8221;{}&#8221;]<br \/>\n[\/et_pb_button][\/et_pb_column][et_pb_column type=&#8221;1_3&#8243; _builder_version=&#8221;4.17.1&#8243; _module_preset=&#8221;default&#8221; global_colors_info=&#8221;{}&#8221;][et_pb_divider color=&#8221;#145670&#8243; divider_weight=&#8221;5px&#8221; _builder_version=&#8221;4.17.1&#8243; _module_preset=&#8221;default&#8221; width=&#8221;60px&#8221; module_alignment=&#8221;left&#8221; global_colors_info=&#8221;{}&#8221;]<br \/>\n[\/et_pb_divider][et_pb_text _builder_version=&#8221;4.17.1&#8243; _module_preset=&#8221;default&#8221; animation_style=&#8221;slide&#8221; animation_direction=&#8221;bottom&#8221; animation_intensity_slide=&#8221;5%&#8221; global_colors_info=&#8221;{}&#8221;]<\/p>\n<h2>Znalostn\u00ed centrum<\/h2>\n<p>&nbsp;<\/p>\n<p>Znalostn\u00ed centrum Visegr\u00e1dsk\u00e9ho patentov\u00e9ho institutu bylo vytvo\u0159eno za \u00fa\u010delem sd\u00edlen\u00ed v\u00fdzkumu, statistik, osv\u011bd\u010den\u00fdch postup\u016f v oblasti pr\u016fmyslu a srovn\u00e1vac\u00edch informac\u00ed o mezin\u00e1rodn\u00edm p\u0159ihla\u0161ov\u00e1n\u00ed a patentech v zem\u00edch Visegr\u00e1du prost\u0159ednictv\u00edm publikac\u00ed a akc\u00ed.<\/p>\n<p>[\/et_pb_text][et_pb_button button_url=&#8221;https:\/\/vpi.int\/cz\/09-znalostni-centrum\/\/&#8221; button_text=&#8221;Nav\u0161tivte znalostn\u00ed centrum&#8221; disabled_on=&#8221;off|off|on&#8221; _builder_version=&#8221;4.17.1&#8243; _module_preset=&#8221;default&#8221; custom_button=&#8221;on&#8221; button_icon=&#8221;&#x35;||divi||400&#8243; global_colors_info=&#8221;{}&#8221;]<br \/>\n[\/et_pb_button][\/et_pb_column][\/et_pb_row][et_pb_row column_structure=&#8221;1_3,1_3,1_3&#8243; _builder_version=&#8221;4.17.1&#8243; _module_preset=&#8221;default&#8221; global_colors_info=&#8221;{}&#8221;][et_pb_column type=&#8221;1_3&#8243; _builder_version=&#8221;4.17.1&#8243; _module_preset=&#8221;default&#8221; global_colors_info=&#8221;{}&#8221;][et_pb_button button_url=&#8221;https:\/\/vpi.int\/cz\/03-o-pct\/&#8221; button_text=&#8221;Dal\u0161\u00ed informace o PCT&#8221; disabled_on=&#8221;on|on|off&#8221; _builder_version=&#8221;4.17.1&#8243; _module_preset=&#8221;default&#8221; custom_button=&#8221;on&#8221; button_icon=&#8221;&#x35;||divi||400&#8243; global_colors_info=&#8221;{}&#8221;]<br \/>\n[\/et_pb_button][\/et_pb_column][et_pb_column type=&#8221;1_3&#8243; _builder_version=&#8221;4.17.1&#8243; _module_preset=&#8221;default&#8221; global_colors_info=&#8221;{}&#8221;][et_pb_button button_url=&#8221;https:\/\/vpi.int\/cz\/08-poplatky-a-refundace\/&#8221; button_text=&#8221;Str\u00e1nku Poplatky a refundace&#8221; disabled_on=&#8221;on|on|off&#8221; _builder_version=&#8221;4.17.1&#8243; _module_preset=&#8221;default&#8221; custom_button=&#8221;on&#8221; button_icon=&#8221;&#x35;||divi||400&#8243; vertical_offset_tablet=&#8221;0&#8243; horizontal_offset_tablet=&#8221;0&#8243; z_index_tablet=&#8221;0&#8243; button_text_shadow_horizontal_length_tablet=&#8221;0px&#8221; button_text_shadow_vertical_length_tablet=&#8221;0px&#8221; button_text_shadow_blur_strength_tablet=&#8221;1px&#8221; box_shadow_horizontal_tablet=&#8221;0px&#8221; box_shadow_vertical_tablet=&#8221;0px&#8221; box_shadow_blur_tablet=&#8221;40px&#8221; box_shadow_spread_tablet=&#8221;0px&#8221; global_colors_info=&#8221;{}&#8221;]<br \/>\n[\/et_pb_button][\/et_pb_column][et_pb_column type=&#8221;1_3&#8243; _builder_version=&#8221;4.17.1&#8243; _module_preset=&#8221;default&#8221; global_colors_info=&#8221;{}&#8221;][et_pb_button button_url=&#8221;https:\/\/vpi.int\/cz\/09-znalostni-centrum\/&#8221; button_text=&#8221;Nav\u0161tivte znalostn\u00ed centrum&#8221; disabled_on=&#8221;on|on|off&#8221; _builder_version=&#8221;4.17.1&#8243; _module_preset=&#8221;default&#8221; custom_button=&#8221;on&#8221; button_icon=&#8221;&#x35;||divi||400&#8243; global_colors_info=&#8221;{}&#8221;]<br \/>\n[\/et_pb_button][\/et_pb_column][\/et_pb_row][\/et_pb_section][et_pb_section fb_built=&#8221;1&#8243; disabled_on=&#8221;on|on|off&#8221; _builder_version=&#8221;4.17.1&#8243; _module_preset=&#8221;default&#8221; background_color=&#8221;#145670&#8243; use_background_color_gradient=&#8221;on&#8221; background_color_gradient_direction=&#8221;70deg&#8221; background_color_gradient_stops=&#8221;rgba(0,17,30,0.78) 25%|rgba(0,117,118,0.5) 100%&#8221; background_image=&#8221;https:\/\/vpi.int\/cz\/wp-content\/uploads\/2022\/06\/VPI_citys_turquise_02_01.jpg&#8221; background_size=&#8221;initial&#8221; background_blend=&#8221;soft-light&#8221; background_enable_pattern_style=&#8221;on&#8221; background_pattern_style=&#8221;diagonal-stripes-2&#8243; background_pattern_color=&#8221;rgba(0,117,118,0.2)&#8221; custom_padding=&#8221;130px||130px||true|false&#8221; animation_style=&#8221;fade&#8221; background_last_edited=&#8221;on|phone&#8221; background_size_tablet=&#8221;contain&#8221; global_colors_info=&#8221;{}&#8221;][et_pb_row _builder_version=&#8221;4.17.1&#8243; _module_preset=&#8221;default&#8221; background_enable_color=&#8221;off&#8221; custom_padding=&#8221;30px|30px|30px|30px|true|true&#8221; border_color_all=&#8221;#007576&#8243; global_colors_info=&#8221;{}&#8221;][et_pb_column type=&#8221;4_4&#8243; _builder_version=&#8221;4.17.1&#8243; _module_preset=&#8221;default&#8221; global_colors_info=&#8221;{}&#8221;][\/et_pb_column][\/et_pb_row][\/et_pb_section][et_pb_section fb_built=&#8221;1&#8243; custom_padding_last_edited=&#8221;on|phone&#8221; disabled_on=&#8221;off|off|on&#8221; _builder_version=&#8221;4.17.1&#8243; _module_preset=&#8221;default&#8221; background_color=&#8221;#145670&#8243; use_background_color_gradient=&#8221;on&#8221; background_color_gradient_direction=&#8221;70deg&#8221; background_color_gradient_stops=&#8221;rgba(0,17,30,0.78) 25%|rgba(0,117,118,0.5) 100%&#8221; background_image=&#8221;https:\/\/vpi.int\/cz\/wp-content\/uploads\/2022\/06\/VPI_citys_turquise_02_01.jpg&#8221; background_size=&#8221;initial&#8221; background_blend=&#8221;soft-light&#8221; background_enable_pattern_style=&#8221;on&#8221; background_pattern_style=&#8221;diagonal-stripes-2&#8243; background_pattern_color=&#8221;rgba(0,117,118,0.2)&#8221; custom_padding=&#8221;130px||130px||true|false&#8221; custom_padding_tablet=&#8221;25px||25px||true|false&#8221; custom_padding_phone=&#8221;140px||140px||true|false&#8221; animation_style=&#8221;fade&#8221; background_last_edited=&#8221;on|desktop&#8221; background_image_phone=&#8221;https:\/\/vpi.int\/cz\/wp-content\/uploads\/2022\/06\/VPI_citys_mobile_01.jpg&#8221; background_enable_image_phone=&#8221;on&#8221; background_size_tablet=&#8221;contain&#8221; background_size_phone=&#8221;cover&#8221; background_image_width_phone=&#8221;0%&#8221; background_image_height_phone=&#8221;34%&#8221; global_colors_info=&#8221;{}&#8221;][et_pb_row _builder_version=&#8221;4.17.1&#8243; _module_preset=&#8221;default&#8221; background_enable_color=&#8221;off&#8221; custom_padding=&#8221;30px|30px|30px|30px|true|true&#8221; border_color_all=&#8221;#007576&#8243; global_colors_info=&#8221;{}&#8221;][et_pb_column type=&#8221;4_4&#8243; _builder_version=&#8221;4.17.1&#8243; _module_preset=&#8221;default&#8221; global_colors_info=&#8221;{}&#8221;][\/et_pb_column][\/et_pb_row][\/et_pb_section]<\/p>\n","protected":false},"excerpt":{"rendered":"<p>RE\u0160ER\u0160E NA NOVOST S P\u0158EDB\u011a\u017dNOU ZPR\u00c1VOU O PATENTOVATELNOSTIZJI\u0160\u0164OV\u00c1N\u00cd STAVU TECHNIKY A Z\u00cdSK\u00c1N\u00cd INFORMAC\u00cd O PATENTOVATELNOSTI VYN\u00c1LEZU NEBO TECHNICK\u00c9HO \u0158E\u0160EN\u00cd &nbsp; Slu\u017eba t\u00fdkaj\u00edc\u00ed se re\u0161er\u0161e na novost s p\u0159edb\u011b\u017enou zpr\u00e1vou o patentovatelnosti (NSPPR) poskytovan\u00e1 Visegr\u00e1dsk\u00fdm patentov\u00fdm institutem (VPI) se prov\u00e1d\u00ed na z\u00e1klad\u011b Dohody o Visegr\u00e1dsk\u00e9m patentov\u00e9m institutu. NSPPR je VPI slu\u017ebou glob\u00e1ln\u00ed patentov\u00e9 re\u0161er\u0161e, o n\u00ed\u017e [&hellip;]<\/p>\n","protected":false},"author":2,"featured_media":0,"parent":0,"menu_order":0,"comment_status":"closed","ping_status":"closed","template":"","meta":{"_et_pb_use_builder":"on","_et_pb_old_content":"","_et_gb_content_width":"","footnotes":""},"class_list":["post-1396","page","type-page","status-publish","hentry"],"_links":{"self":[{"href":"https:\/\/vpi.int\/cz\/wp-json\/wp\/v2\/pages\/1396","targetHints":{"allow":["GET"]}}],"collection":[{"href":"https:\/\/vpi.int\/cz\/wp-json\/wp\/v2\/pages"}],"about":[{"href":"https:\/\/vpi.int\/cz\/wp-json\/wp\/v2\/types\/page"}],"author":[{"embeddable":true,"href":"https:\/\/vpi.int\/cz\/wp-json\/wp\/v2\/users\/2"}],"replies":[{"embeddable":true,"href":"https:\/\/vpi.int\/cz\/wp-json\/wp\/v2\/comments?post=1396"}],"version-history":[{"count":9,"href":"https:\/\/vpi.int\/cz\/wp-json\/wp\/v2\/pages\/1396\/revisions"}],"predecessor-version":[{"id":1667,"href":"https:\/\/vpi.int\/cz\/wp-json\/wp\/v2\/pages\/1396\/revisions\/1667"}],"wp:attachment":[{"href":"https:\/\/vpi.int\/cz\/wp-json\/wp\/v2\/media?parent=1396"}],"curies":[{"name":"wp","href":"https:\/\/api.w.org\/{rel}","templated":true}]}}