{"id":1639,"date":"2025-09-14T14:00:49","date_gmt":"2025-09-14T14:00:49","guid":{"rendered":"https:\/\/vpi.int\/cz\/?page_id=1639"},"modified":"2025-10-01T04:08:23","modified_gmt":"2025-10-01T04:08:23","slug":"15-reserse-platnosti-patentu","status":"publish","type":"page","link":"https:\/\/vpi.int\/cz\/15-reserse-platnosti-patentu\/","title":{"rendered":"Re\u0161er\u0161e platnosti patentu"},"content":{"rendered":"<p>[et_pb_section fb_built=&#8221;1&#8243; _builder_version=&#8221;4.17.1&#8243; _module_preset=&#8221;default&#8221; background_enable_color=&#8221;off&#8221; use_background_color_gradient=&#8221;on&#8221; background_color_gradient_direction=&#8221;70deg&#8221; background_color_gradient_stops=&#8221;#001a44 0%|rgba(0,168,170,0.55) 99%&#8221; background_enable_image=&#8221;off&#8221; background_blend=&#8221;soft-light&#8221; background_enable_pattern_style=&#8221;on&#8221; background_pattern_style=&#8221;diagonal-stripes-2&#8243; background_pattern_color=&#8221;rgba(0,117,118,0.17)&#8221; custom_padding=&#8221;120px||0px||false|false&#8221; animation_style=&#8221;slide&#8221; animation_direction=&#8221;bottom&#8221; animation_intensity_slide=&#8221;5%&#8221; global_colors_info=&#8221;{}&#8221;][et_pb_row _builder_version=&#8221;4.17.1&#8243; _module_preset=&#8221;default&#8221; background_enable_color=&#8221;off&#8221; custom_padding=&#8221;0px|30px|0px|30px|true|true&#8221; border_color_all=&#8221;#007576&#8243; global_colors_info=&#8221;{}&#8221;][et_pb_column type=&#8221;4_4&#8243; _builder_version=&#8221;4.17.1&#8243; _module_preset=&#8221;default&#8221; global_colors_info=&#8221;{}&#8221;][et_pb_text _builder_version=&#8221;4.17.1&#8243; _module_preset=&#8221;default&#8221; text_font=&#8221;Barlow|300||on|||||&#8221; text_text_color=&#8221;#FFFFFF&#8221; text_font_size=&#8221;22px&#8221; text_letter_spacing=&#8221;5px&#8221; text_line_height=&#8221;1.5em&#8221; header_text_color=&#8221;#FFFFFF&#8221; header_2_font=&#8221;Barlow|600||on|||||&#8221; header_2_text_color=&#8221;#FFFFFF&#8221; header_2_font_size=&#8221;40px&#8221; header_2_letter_spacing=&#8221;5px&#8221; header_2_line_height=&#8221;1.1em&#8221; width=&#8221;70%&#8221; header_2_font_size_tablet=&#8221;40px&#8221; header_2_font_size_phone=&#8221;20px&#8221; header_2_font_size_last_edited=&#8221;on|phone&#8221; global_colors_info=&#8221;{}&#8221;]<\/p>\n<h2>Re\u0161er\u0161e platnosti patentu<\/h2>\n<p>[\/et_pb_text][et_pb_blurb url=&#8221;#Services&#8221; use_icon=&#8221;on&#8221; icon_color=&#8221;#ffffff&#8221; image_icon_width=&#8221;30px&#8221; _builder_version=&#8221;4.17.1&#8243; _module_preset=&#8221;default&#8221; custom_margin=&#8221;||0px||false|false&#8221; custom_padding=&#8221;||0px||false|false&#8221; global_colors_info=&#8221;{}&#8221;][\/et_pb_blurb][\/et_pb_column][\/et_pb_row][et_pb_row _builder_version=&#8221;4.17.1&#8243; _module_preset=&#8221;default&#8221; global_colors_info=&#8221;{}&#8221;][et_pb_column type=&#8221;4_4&#8243; _builder_version=&#8221;4.17.1&#8243; _module_preset=&#8221;default&#8221; global_colors_info=&#8221;{}&#8221;][et_pb_blurb url=&#8221;#Services&#8221; use_icon=&#8221;on&#8221; font_icon=&#8221;&#x33;||divi||400&#8243; icon_color=&#8221;#ffffff&#8221; image_icon_width=&#8221;30px&#8221; _builder_version=&#8221;4.17.1&#8243; _module_preset=&#8221;default&#8221; custom_margin=&#8221;||0px||false|false&#8221; custom_padding=&#8221;||0px||false|false&#8221; global_colors_info=&#8221;{}&#8221;][\/et_pb_blurb][\/et_pb_column][\/et_pb_row][\/et_pb_section][et_pb_section fb_built=&#8221;1&#8243; admin_label=&#8221;Services&#8221; module_id=&#8221;Services&#8221; _builder_version=&#8221;4.17.1&#8243; _module_preset=&#8221;default&#8221; custom_padding=&#8221;90px|0px|50px|0px||&#8221; global_colors_info=&#8221;{}&#8221;][et_pb_row _builder_version=&#8221;4.17.1&#8243; _module_preset=&#8221;default&#8221; global_colors_info=&#8221;{}&#8221;][et_pb_column type=&#8221;4_4&#8243; _builder_version=&#8221;4.17.1&#8243; _module_preset=&#8221;default&#8221; global_colors_info=&#8221;{}&#8221;][et_pb_divider color=&#8221;#007576&#8243; divider_weight=&#8221;5px&#8221; _builder_version=&#8221;4.17.1&#8243; _module_preset=&#8221;default&#8221; width=&#8221;60px&#8221; module_alignment=&#8221;left&#8221; global_colors_info=&#8221;{}&#8221;][\/et_pb_divider][et_pb_text _builder_version=&#8221;4.17.1&#8243; _module_preset=&#8221;default&#8221; header_2_line_height=&#8221;1.3em&#8221; animation_style=&#8221;slide&#8221; animation_direction=&#8221;left&#8221; animation_intensity_slide=&#8221;5%&#8221; hover_enabled=&#8221;0&#8243; global_colors_info=&#8221;{}&#8221; sticky_enabled=&#8221;0&#8243;]<\/p>\n<h2>Z\u00cdSKAT V\u00ddSLEDKY Z HLOUBKOV\u00c9 RE\u0160ER\u0160E T\u00ddKAJ\u00cdC\u00cd SE PLATNOSTI PLATN\u00c9HO PATENTU<\/h2>\n<p>&nbsp;<\/p>\n<p>Slu\u017eba Re\u0161er\u0161e platnosti patentu (VSS) je jednou z Glob\u00e1ln\u00edch patentov\u00fdch re\u0161er\u0161n\u00edch slu\u017eeb Visegr\u00e1dsk\u00e9ho patentov\u00e9ho institutu (VPI), kter\u00e1 je k dispozici komukoliv na sv\u011bt\u011b bez ohledu na n\u00e1rodnost. VSS je poskytov\u00e1na v r\u00e1mci VPI na z\u00e1klad\u011b Smlouvy o VPI.<\/p>\n<p><strong>C\u00edle slu\u017eby Re\u0161er\u0161e platnosti patentu (VSS)<\/strong><\/p>\n<p>Slu\u017eba Re\u0161er\u0161e platnosti patentu (VSS) poskytuje informace o d\u0159\u00edv\u011bj\u0161\u00edm stavu techniky\/stavu techniky pro dan\u00fd platn\u00fd patent. VSS ur\u010d\u00ed patentov\u00e9 dokumenty a dal\u0161\u00ed publikace, kter\u00e9 je t\u0159eba vz\u00edt v \u00favahu p\u0159i hodnocen\u00ed podm\u00ednek novosti a vyn\u00e1lezeck\u00e9 \u010dinnosti vzhledem ke konkr\u00e9tn\u00edmu patentu.<\/p>\n<p>VSS m\u016f\u017ee b\u00fdt u\u017eite\u010dn\u00e1 v mnoha situac\u00edch, p\u0159i kter\u00fdch je pot\u0159eba v\u00edce informac\u00ed o relevantn\u00edm stavu techniky ve vztahu k platn\u00e9mu patentu. Tyto informace mohou b\u00fdt pou\u017eity p\u0159i pod\u00e1n\u00ed odporu\/p\u0159ezkumu po ud\u011blen\u00ed patentu nebo v r\u00e1mci soudn\u00edho \u0159\u00edzen\u00ed, a mohou nap\u0159\u00edklad pomoci p\u0159i sestavov\u00e1n\u00ed siln\u011bj\u0161\u00ed argumentace pro \u017ealobu na poru\u0161en\u00ed pr\u00e1v. Hloubkov\u00e1 patentov\u00e1 re\u0161er\u0161e m\u016f\u017ee tak\u00e9 ochr\u00e1nit investice p\u0159ed transakc\u00ed t\u00fdkaj\u00edc\u00ed se dan\u00e9ho patentu.<\/p>\n<p><strong>Postup<\/strong><\/p>\n<p>Patent, kter\u00fd m\u00e1 b\u00fdt p\u0159edm\u011btem slu\u017eby Re\u0161er\u0161e platnosti patentu (VSS), mus\u00ed b\u00fdt specifikov\u00e1n z\u00e1kazn\u00edkem.<\/p>\n<p>VSS prost\u0159ednictv\u00edm VPI nem\u016f\u017ee b\u00fdt vy\u017eadov\u00e1na pro patenty ud\u011blen\u00e9 kter\u00fdmkoliv \u00da\u0159adem pr\u016fmyslov\u00e9ho vlastnictv\u00ed smluvn\u00edch st\u00e1t\u016f VPI.<\/p>\n<p>VSS je prov\u00e1d\u011bna za pou\u017eit\u00ed datab\u00e1z\u00ed jak patentov\u00e9, tak nepatentov\u00e9 literatury, kter\u00e9 pokr\u00fdvaj\u00ed PCT Minim\u00e1ln\u00ed dokumentaci. VSS je poskytov\u00e1na v anglick\u00e9m jazyce. Objedn\u00e1vkov\u00fd formul\u00e1\u0159 pro VSS je t\u0159eba vyplnit a ve\u0161ker\u00e9 dal\u0161\u00ed dokumenty p\u0159edkl\u00e1dat v anglick\u00e9m jazyce. Zpr\u00e1va o re\u0161er\u0161i platnosti patentu je tak\u00e9 vyd\u00e1na v anglick\u00e9m jazyce.<\/p>\n<p>Objedn\u00e1vky pro VSS se pod\u00e1vaj\u00ed vypln\u011bn\u00edm objedn\u00e1vkov\u00e9ho formul\u00e1\u0159e pro Glob\u00e1ln\u00ed patentov\u00e9 re\u0161er\u0161n\u00ed slu\u017eby. Objedn\u00e1vkov\u00fd formul\u00e1\u0159 se zas\u00edl\u00e1 po\u0161tou nebo e-mailem p\u0159\u00edmo Sekretari\u00e1tu VPI.<\/p>\n<p><strong>Kontaktn\u00ed \u00fadaje Sekretari\u00e1tu VPI:<\/strong><br \/>Visegr\u00e1dsk\u00fd patentov\u00fd institut<br \/>po\u0161tovn\u00ed adresa: II. J\u00e1nos P\u00e1l p\u00e1pa t\u00e9r 7., H-1081 Budapest, Ma\u010farsko<br \/>email: secretariat@vpi.int<\/p>\n<p><a href=\"https:\/\/vpi.int\/en\/wp-content\/uploads\/2025\/09\/global-patent-search-services-order-form.pdf\" target=\"_blank\" rel=\"noopener\"><span style=\"text-decoration: underline;\">St\u00e1hn\u011bte si objedn\u00e1vkov\u00fd formul\u00e1\u0159 pro Glob\u00e1ln\u00ed patentov\u00e9 re\u0161er\u0161n\u00ed slu\u017eby &gt;&gt;<\/span><\/a><\/p>\n<p><strong>Lh\u016fty a dod\u00e1n\u00ed<\/strong><\/p>\n<p>VPI vypracuje Zpr\u00e1vu o re\u0161er\u0161i platnosti patentu (VSR) do \u010dty\u0159 t\u00fddn\u016f od data potvrzen\u00ed objedn\u00e1vky, kter\u00e9 je vyd\u00e1no, jakmile je k dispozici objedn\u00e1vka se v\u0161emi nezbytn\u00fdmi informacemi umo\u017e\u0148uj\u00edc\u00edmi prov\u00e9st smysluplnou re\u0161er\u0161i na patent a je zaplacen\u00fd poplatek za tuto slu\u017ebu VPI.<\/p>\n<p>VSR obsahuje seznam dokument\u016f, kter\u00e9 mohou m\u00edt vliv na platnost patentu (patentov\u00e9 dokumenty a dal\u0161\u00ed \u00fadaje o stavu techniky) s jejich vztahem k vyn\u00e1lezu chr\u00e1n\u011bn\u00e9mu v dan\u00e9m patentu prost\u0159ednictv\u00edm p\u0159\u00edslu\u0161n\u011b pou\u017eit\u00fdch k\u00f3d\u016f kategori\u00ed (tj. X, Y a A). Na z\u00e1klad\u011b citovan\u00fdch dokument\u016f se poskytne posudek s podrobn\u00fdm vysv\u011btlen\u00edm, zda p\u0159edm\u011bt vyn\u00e1lezu popsan\u00fd v dan\u00e9m patentu spl\u0148uje z\u00e1kladn\u00ed podm\u00ednky patentovatelnosti.<\/p>\n<p><strong>Poplatek<\/strong><\/p>\n<p>Poplatek za slu\u017ebu Re\u0161er\u0161e platnosti patentu (VSS) se pohybuje mezi 1000 a 2000 EUR v z\u00e1vislosti na slo\u017eitosti dan\u00e9ho p\u0159\u00edpadu. Jakmile z\u00e1kazn\u00edk ode\u0161le objedn\u00e1vku, vystav\u00ed se cenov\u00e1 nab\u00eddka. Poplatek za VSS je splatn\u00fd ve lh\u016ft\u011b uveden\u00e9 v cenov\u00e9 nab\u00eddce. Zaplacen\u00ed poplatku p\u0159edstavuje v\u00fdslovn\u00fd souhlas s cenovou nab\u00eddkou.<\/p>\n<p>Do dvou m\u011bs\u00edc\u016f po dokon\u010den\u00ed VSR m\u016f\u017ee z\u00e1kazn\u00edk po\u017e\u00e1dat o dodate\u010dnou konzultaci s pr\u016fzkumov\u00fdm referentem prov\u00e1d\u011bj\u00edc\u00edm Re\u0161er\u0161i platnosti patentu v cenov\u00e9 sazb\u011b 100 EUR\/h. Lh\u016fta pro \u00fahradu tohoto poplatku je uvedena na faktu\u0159e vystaven\u00e9 po konzultaci.<br \/>Poplatky se hrad\u00ed p\u0159\u00edmo na n\u00e1sleduj\u00edc\u00ed bankovn\u00ed \u00fa\u010det VPI bankovn\u00edm p\u0159evodem.<\/p>\n<p>Majitel \u00fa\u010dtu: Visegr\u00e1dsk\u00fd patentov\u00fd institut<br \/>N\u00e1zev a adresa banky: Raiffeisen Bank Zrt., 116-118. V\u00e1ci \u00fat, 1133 Budapest, Hungary<br \/>IBAN: HU66-12012204-01799099-00200000<br \/>SWIFT Code: UBRTHUHB<\/p>\n<p><a href=\"https:\/\/vpi.int\/en\/wp-content\/uploads\/2025\/09\/global-patent-search-services-terms-and-conditions.pdf\" target=\"_blank\" rel=\"noopener\"><span style=\"text-decoration: underline;\">St\u00e1hn\u011bte si V\u0161eobecn\u00e9 obchodn\u00ed podm\u00ednky pro Glob\u00e1ln\u00ed patentov\u00e9 re\u0161er\u0161n\u00ed slu\u017eby VPI &gt;&gt;<\/span><\/a><\/p>\n<p>[\/et_pb_text][\/et_pb_column][\/et_pb_row][\/et_pb_section][et_pb_section fb_built=&#8221;1&#8243; admin_label=&#8221;Services&#8221; _builder_version=&#8221;4.16&#8243; _module_preset=&#8221;default&#8221; custom_padding=&#8221;90px|0px|90px|0px&#8221; global_colors_info=&#8221;{}&#8221;][et_pb_row column_structure=&#8221;1_3,1_3,1_3&#8243; use_custom_gutter=&#8221;on&#8221; make_equal=&#8221;on&#8221; _builder_version=&#8221;4.17.1&#8243; _module_preset=&#8221;default&#8221; global_colors_info=&#8221;{}&#8221;][et_pb_column type=&#8221;1_3&#8243; _builder_version=&#8221;4.17.1&#8243; _module_preset=&#8221;default&#8221; global_colors_info=&#8221;{}&#8221;][et_pb_divider color=&#8221;#007576&#8243; divider_weight=&#8221;5px&#8221; _builder_version=&#8221;4.17.1&#8243; _module_preset=&#8221;default&#8221; width=&#8221;60px&#8221; module_alignment=&#8221;left&#8221; global_colors_info=&#8221;{}&#8221;]<br \/>\n[\/et_pb_divider][et_pb_text _builder_version=&#8221;4.17.1&#8243; _module_preset=&#8221;default&#8221; animation_style=&#8221;slide&#8221; animation_direction=&#8221;bottom&#8221; animation_intensity_slide=&#8221;5%&#8221; global_colors_info=&#8221;{}&#8221;]<\/p>\n<h2>O PCT<\/h2>\n<p>&nbsp;<\/p>\n<p>PCT je mezin\u00e1rodn\u00ed smlouva, kter\u00e1 umo\u017e\u0148uje po\u017e\u00e1dat o patentovou ochranu sou\u010dasn\u011b ve v\u00edce zem\u00edch pod\u00e1n\u00edm jedin\u00e9 p\u0159ihl\u00e1\u0161ky. Ud\u011blen\u00ed patentu z\u016fst\u00e1v\u00e1 v kompetenci n\u00e1rodn\u00ed nebo region\u00e1ln\u00ed legislativy.<\/p>\n<p>&nbsp;<\/p>\n<p>[\/et_pb_text][et_pb_button button_url=&#8221;https:\/\/vpi.int\/cz\/03-o-pct\/&#8221; button_text=&#8221;Dal\u0161\u00ed informace o PCT&#8221; disabled_on=&#8221;off|off|on&#8221; _builder_version=&#8221;4.17.1&#8243; _module_preset=&#8221;default&#8221; custom_button=&#8221;on&#8221; button_icon=&#8221;&#x35;||divi||400&#8243; global_colors_info=&#8221;{}&#8221;]<br \/>\n[\/et_pb_button][\/et_pb_column][et_pb_column type=&#8221;1_3&#8243; _builder_version=&#8221;4.17.1&#8243; _module_preset=&#8221;default&#8221; global_colors_info=&#8221;{}&#8221;][et_pb_divider color=&#8221;#808080&#8243; divider_weight=&#8221;5px&#8221; _builder_version=&#8221;4.17.1&#8243; _module_preset=&#8221;default&#8221; width=&#8221;60px&#8221; module_alignment=&#8221;left&#8221; global_colors_info=&#8221;{}&#8221;]<br \/>\n[\/et_pb_divider][et_pb_text _builder_version=&#8221;4.17.1&#8243; _module_preset=&#8221;default&#8221; vertical_offset_tablet=&#8221;0&#8243; horizontal_offset_tablet=&#8221;0&#8243; animation_style=&#8221;slide&#8221; animation_direction=&#8221;bottom&#8221; animation_intensity_slide=&#8221;5%&#8221; z_index_tablet=&#8221;0&#8243; text_text_shadow_horizontal_length_tablet=&#8221;0px&#8221; text_text_shadow_vertical_length_tablet=&#8221;0px&#8221; text_text_shadow_blur_strength_tablet=&#8221;1px&#8221; link_text_shadow_horizontal_length_tablet=&#8221;0px&#8221; link_text_shadow_vertical_length_tablet=&#8221;0px&#8221; link_text_shadow_blur_strength_tablet=&#8221;1px&#8221; ul_text_shadow_horizontal_length_tablet=&#8221;0px&#8221; ul_text_shadow_vertical_length_tablet=&#8221;0px&#8221; ul_text_shadow_blur_strength_tablet=&#8221;1px&#8221; ol_text_shadow_horizontal_length_tablet=&#8221;0px&#8221; ol_text_shadow_vertical_length_tablet=&#8221;0px&#8221; ol_text_shadow_blur_strength_tablet=&#8221;1px&#8221; quote_text_shadow_horizontal_length_tablet=&#8221;0px&#8221; quote_text_shadow_vertical_length_tablet=&#8221;0px&#8221; quote_text_shadow_blur_strength_tablet=&#8221;1px&#8221; header_text_shadow_horizontal_length_tablet=&#8221;0px&#8221; header_text_shadow_vertical_length_tablet=&#8221;0px&#8221; header_text_shadow_blur_strength_tablet=&#8221;1px&#8221; header_2_text_shadow_horizontal_length_tablet=&#8221;0px&#8221; header_2_text_shadow_vertical_length_tablet=&#8221;0px&#8221; header_2_text_shadow_blur_strength_tablet=&#8221;1px&#8221; header_3_text_shadow_horizontal_length_tablet=&#8221;0px&#8221; header_3_text_shadow_vertical_length_tablet=&#8221;0px&#8221; header_3_text_shadow_blur_strength_tablet=&#8221;1px&#8221; header_4_text_shadow_horizontal_length_tablet=&#8221;0px&#8221; header_4_text_shadow_vertical_length_tablet=&#8221;0px&#8221; header_4_text_shadow_blur_strength_tablet=&#8221;1px&#8221; header_5_text_shadow_horizontal_length_tablet=&#8221;0px&#8221; header_5_text_shadow_vertical_length_tablet=&#8221;0px&#8221; header_5_text_shadow_blur_strength_tablet=&#8221;1px&#8221; header_6_text_shadow_horizontal_length_tablet=&#8221;0px&#8221; header_6_text_shadow_vertical_length_tablet=&#8221;0px&#8221; header_6_text_shadow_blur_strength_tablet=&#8221;1px&#8221; box_shadow_horizontal_tablet=&#8221;0px&#8221; box_shadow_vertical_tablet=&#8221;0px&#8221; box_shadow_blur_tablet=&#8221;40px&#8221; box_shadow_spread_tablet=&#8221;0px&#8221; global_colors_info=&#8221;{}&#8221;]<\/p>\n<h2>Poplatky a refundace<\/h2>\n<p>&nbsp;<\/p>\n<p>Na t\u00e9to str\u00e1nce si st\u00e1hnete formul\u00e1\u0159 pro \u010d\u00e1ste\u010dn\u00e9 vr\u00e1cen\u00ed poplatku za re\u0161er\u0161i a naleznete zde podrobn\u00e9 pokyny, jak jej odeslat pro rychlou platbu. V na\u0161ich ofici\u00e1ln\u00edch dokumentech si p\u0159e\u010dtete informace o zaji\u0161t\u011bn\u00ed kvality a o pr\u00e1vn\u00edm r\u00e1mci fungov\u00e1n\u00ed VPI.<\/p>\n<p>[\/et_pb_text][et_pb_button button_url=&#8221;https:\/\/vpi.int\/cz\/08-poplatky-a-refundace\/&#8221; button_text=&#8221;Str\u00e1nku Poplatky a refundace&#8221; disabled_on=&#8221;off|off|on&#8221; _builder_version=&#8221;4.17.1&#8243; _module_preset=&#8221;default&#8221; custom_button=&#8221;on&#8221; button_icon=&#8221;&#x35;||divi||400&#8243; vertical_offset_tablet=&#8221;0&#8243; horizontal_offset_tablet=&#8221;0&#8243; z_index_tablet=&#8221;0&#8243; button_text_shadow_horizontal_length_tablet=&#8221;0px&#8221; button_text_shadow_vertical_length_tablet=&#8221;0px&#8221; button_text_shadow_blur_strength_tablet=&#8221;1px&#8221; box_shadow_horizontal_tablet=&#8221;0px&#8221; box_shadow_vertical_tablet=&#8221;0px&#8221; box_shadow_blur_tablet=&#8221;40px&#8221; box_shadow_spread_tablet=&#8221;0px&#8221; global_colors_info=&#8221;{}&#8221;]<br \/>\n[\/et_pb_button][\/et_pb_column][et_pb_column type=&#8221;1_3&#8243; _builder_version=&#8221;4.17.1&#8243; _module_preset=&#8221;default&#8221; global_colors_info=&#8221;{}&#8221;][et_pb_divider color=&#8221;#145670&#8243; divider_weight=&#8221;5px&#8221; _builder_version=&#8221;4.17.1&#8243; _module_preset=&#8221;default&#8221; width=&#8221;60px&#8221; module_alignment=&#8221;left&#8221; global_colors_info=&#8221;{}&#8221;]<br \/>\n[\/et_pb_divider][et_pb_text _builder_version=&#8221;4.17.1&#8243; _module_preset=&#8221;default&#8221; animation_style=&#8221;slide&#8221; animation_direction=&#8221;bottom&#8221; animation_intensity_slide=&#8221;5%&#8221; global_colors_info=&#8221;{}&#8221;]<\/p>\n<h2>Znalostn\u00ed centrum<\/h2>\n<p>&nbsp;<\/p>\n<p>Znalostn\u00ed centrum Visegr\u00e1dsk\u00e9ho patentov\u00e9ho institutu bylo vytvo\u0159eno za \u00fa\u010delem sd\u00edlen\u00ed v\u00fdzkumu, statistik, osv\u011bd\u010den\u00fdch postup\u016f v oblasti pr\u016fmyslu a srovn\u00e1vac\u00edch informac\u00ed o mezin\u00e1rodn\u00edm p\u0159ihla\u0161ov\u00e1n\u00ed a patentech v zem\u00edch Visegr\u00e1du prost\u0159ednictv\u00edm publikac\u00ed a akc\u00ed.<\/p>\n<p>[\/et_pb_text][et_pb_button button_url=&#8221;https:\/\/vpi.int\/cz\/09-znalostni-centrum\/\/&#8221; button_text=&#8221;Nav\u0161tivte znalostn\u00ed centrum&#8221; disabled_on=&#8221;off|off|on&#8221; _builder_version=&#8221;4.17.1&#8243; _module_preset=&#8221;default&#8221; custom_button=&#8221;on&#8221; button_icon=&#8221;&#x35;||divi||400&#8243; global_colors_info=&#8221;{}&#8221;]<br \/>\n[\/et_pb_button][\/et_pb_column][\/et_pb_row][et_pb_row column_structure=&#8221;1_3,1_3,1_3&#8243; _builder_version=&#8221;4.17.1&#8243; _module_preset=&#8221;default&#8221; global_colors_info=&#8221;{}&#8221;][et_pb_column type=&#8221;1_3&#8243; _builder_version=&#8221;4.17.1&#8243; _module_preset=&#8221;default&#8221; global_colors_info=&#8221;{}&#8221;][et_pb_button button_url=&#8221;https:\/\/vpi.int\/cz\/03-o-pct\/&#8221; button_text=&#8221;Dal\u0161\u00ed informace o PCT&#8221; disabled_on=&#8221;on|on|off&#8221; _builder_version=&#8221;4.17.1&#8243; _module_preset=&#8221;default&#8221; custom_button=&#8221;on&#8221; button_icon=&#8221;&#x35;||divi||400&#8243; global_colors_info=&#8221;{}&#8221;]<br \/>\n[\/et_pb_button][\/et_pb_column][et_pb_column type=&#8221;1_3&#8243; _builder_version=&#8221;4.17.1&#8243; _module_preset=&#8221;default&#8221; global_colors_info=&#8221;{}&#8221;][et_pb_button button_url=&#8221;https:\/\/vpi.int\/cz\/08-poplatky-a-refundace\/&#8221; button_text=&#8221;Str\u00e1nku Poplatky a refundace&#8221; disabled_on=&#8221;on|on|off&#8221; _builder_version=&#8221;4.17.1&#8243; _module_preset=&#8221;default&#8221; custom_button=&#8221;on&#8221; button_icon=&#8221;&#x35;||divi||400&#8243; vertical_offset_tablet=&#8221;0&#8243; horizontal_offset_tablet=&#8221;0&#8243; z_index_tablet=&#8221;0&#8243; button_text_shadow_horizontal_length_tablet=&#8221;0px&#8221; button_text_shadow_vertical_length_tablet=&#8221;0px&#8221; button_text_shadow_blur_strength_tablet=&#8221;1px&#8221; box_shadow_horizontal_tablet=&#8221;0px&#8221; box_shadow_vertical_tablet=&#8221;0px&#8221; box_shadow_blur_tablet=&#8221;40px&#8221; box_shadow_spread_tablet=&#8221;0px&#8221; global_colors_info=&#8221;{}&#8221;]<br \/>\n[\/et_pb_button][\/et_pb_column][et_pb_column type=&#8221;1_3&#8243; _builder_version=&#8221;4.17.1&#8243; _module_preset=&#8221;default&#8221; global_colors_info=&#8221;{}&#8221;][et_pb_button button_url=&#8221;https:\/\/vpi.int\/cz\/09-znalostni-centrum\/&#8221; button_text=&#8221;Nav\u0161tivte znalostn\u00ed centrum&#8221; disabled_on=&#8221;on|on|off&#8221; _builder_version=&#8221;4.17.1&#8243; _module_preset=&#8221;default&#8221; custom_button=&#8221;on&#8221; button_icon=&#8221;&#x35;||divi||400&#8243; global_colors_info=&#8221;{}&#8221;]<br \/>\n[\/et_pb_button][\/et_pb_column][\/et_pb_row][\/et_pb_section][et_pb_section fb_built=&#8221;1&#8243; disabled_on=&#8221;on|on|off&#8221; _builder_version=&#8221;4.17.1&#8243; _module_preset=&#8221;default&#8221; background_color=&#8221;#145670&#8243; use_background_color_gradient=&#8221;on&#8221; background_color_gradient_direction=&#8221;70deg&#8221; background_color_gradient_stops=&#8221;rgba(0,17,30,0.78) 25%|rgba(0,117,118,0.5) 100%&#8221; background_image=&#8221;https:\/\/vpi.int\/cz\/wp-content\/uploads\/2022\/06\/VPI_citys_turquise_02_01.jpg&#8221; background_size=&#8221;initial&#8221; background_blend=&#8221;soft-light&#8221; background_enable_pattern_style=&#8221;on&#8221; background_pattern_style=&#8221;diagonal-stripes-2&#8243; background_pattern_color=&#8221;rgba(0,117,118,0.2)&#8221; custom_padding=&#8221;130px||130px||true|false&#8221; animation_style=&#8221;fade&#8221; background_last_edited=&#8221;on|phone&#8221; background_size_tablet=&#8221;contain&#8221; global_colors_info=&#8221;{}&#8221;][et_pb_row _builder_version=&#8221;4.17.1&#8243; _module_preset=&#8221;default&#8221; background_enable_color=&#8221;off&#8221; custom_padding=&#8221;30px|30px|30px|30px|true|true&#8221; border_color_all=&#8221;#007576&#8243; global_colors_info=&#8221;{}&#8221;][et_pb_column type=&#8221;4_4&#8243; _builder_version=&#8221;4.17.1&#8243; _module_preset=&#8221;default&#8221; global_colors_info=&#8221;{}&#8221;][\/et_pb_column][\/et_pb_row][\/et_pb_section][et_pb_section fb_built=&#8221;1&#8243; custom_padding_last_edited=&#8221;on|phone&#8221; disabled_on=&#8221;off|off|on&#8221; _builder_version=&#8221;4.17.1&#8243; _module_preset=&#8221;default&#8221; background_color=&#8221;#145670&#8243; use_background_color_gradient=&#8221;on&#8221; background_color_gradient_direction=&#8221;70deg&#8221; background_color_gradient_stops=&#8221;rgba(0,17,30,0.78) 25%|rgba(0,117,118,0.5) 100%&#8221; background_image=&#8221;https:\/\/vpi.int\/cz\/wp-content\/uploads\/2022\/06\/VPI_citys_turquise_02_01.jpg&#8221; background_size=&#8221;initial&#8221; background_blend=&#8221;soft-light&#8221; background_enable_pattern_style=&#8221;on&#8221; background_pattern_style=&#8221;diagonal-stripes-2&#8243; background_pattern_color=&#8221;rgba(0,117,118,0.2)&#8221; custom_padding=&#8221;130px||130px||true|false&#8221; custom_padding_tablet=&#8221;25px||25px||true|false&#8221; custom_padding_phone=&#8221;140px||140px||true|false&#8221; animation_style=&#8221;fade&#8221; background_last_edited=&#8221;on|desktop&#8221; background_image_phone=&#8221;https:\/\/vpi.int\/cz\/wp-content\/uploads\/2022\/06\/VPI_citys_mobile_01.jpg&#8221; background_enable_image_phone=&#8221;on&#8221; background_size_tablet=&#8221;contain&#8221; background_size_phone=&#8221;cover&#8221; background_image_width_phone=&#8221;0%&#8221; background_image_height_phone=&#8221;34%&#8221; global_colors_info=&#8221;{}&#8221;][et_pb_row _builder_version=&#8221;4.17.1&#8243; _module_preset=&#8221;default&#8221; background_enable_color=&#8221;off&#8221; custom_padding=&#8221;30px|30px|30px|30px|true|true&#8221; border_color_all=&#8221;#007576&#8243; global_colors_info=&#8221;{}&#8221;][et_pb_column type=&#8221;4_4&#8243; _builder_version=&#8221;4.17.1&#8243; _module_preset=&#8221;default&#8221; global_colors_info=&#8221;{}&#8221;][\/et_pb_column][\/et_pb_row][\/et_pb_section]<\/p>\n","protected":false},"excerpt":{"rendered":"<p>Re\u0161er\u0161e platnosti patentuZ\u00cdSKAT V\u00ddSLEDKY Z HLOUBKOV\u00c9 RE\u0160ER\u0160E T\u00ddKAJ\u00cdC\u00cd SE PLATNOSTI PLATN\u00c9HO PATENTU &nbsp; Slu\u017eba Re\u0161er\u0161e platnosti patentu (VSS) je jednou z Glob\u00e1ln\u00edch patentov\u00fdch re\u0161er\u0161n\u00edch slu\u017eeb Visegr\u00e1dsk\u00e9ho patentov\u00e9ho institutu (VPI), kter\u00e1 je k dispozici komukoliv na sv\u011bt\u011b bez ohledu na n\u00e1rodnost. VSS je poskytov\u00e1na v r\u00e1mci VPI na z\u00e1klad\u011b Smlouvy o VPI. C\u00edle slu\u017eby Re\u0161er\u0161e platnosti [&hellip;]<\/p>\n","protected":false},"author":2,"featured_media":0,"parent":0,"menu_order":0,"comment_status":"closed","ping_status":"closed","template":"","meta":{"_et_pb_use_builder":"on","_et_pb_old_content":"","_et_gb_content_width":"","footnotes":""},"class_list":["post-1639","page","type-page","status-publish","hentry"],"_links":{"self":[{"href":"https:\/\/vpi.int\/cz\/wp-json\/wp\/v2\/pages\/1639","targetHints":{"allow":["GET"]}}],"collection":[{"href":"https:\/\/vpi.int\/cz\/wp-json\/wp\/v2\/pages"}],"about":[{"href":"https:\/\/vpi.int\/cz\/wp-json\/wp\/v2\/types\/page"}],"author":[{"embeddable":true,"href":"https:\/\/vpi.int\/cz\/wp-json\/wp\/v2\/users\/2"}],"replies":[{"embeddable":true,"href":"https:\/\/vpi.int\/cz\/wp-json\/wp\/v2\/comments?post=1639"}],"version-history":[{"count":9,"href":"https:\/\/vpi.int\/cz\/wp-json\/wp\/v2\/pages\/1639\/revisions"}],"predecessor-version":[{"id":1663,"href":"https:\/\/vpi.int\/cz\/wp-json\/wp\/v2\/pages\/1639\/revisions\/1663"}],"wp:attachment":[{"href":"https:\/\/vpi.int\/cz\/wp-json\/wp\/v2\/media?parent=1639"}],"curies":[{"name":"wp","href":"https:\/\/api.w.org\/{rel}","templated":true}]}}