{"id":1349,"date":"2023-09-20T18:32:48","date_gmt":"2023-09-20T18:32:48","guid":{"rendered":"https:\/\/vpi.int\/hu\/?page_id=1349"},"modified":"2025-10-01T04:34:20","modified_gmt":"2025-10-01T04:34:20","slug":"13-ujdonsagkutatasi-szolgaltatas","status":"publish","type":"page","link":"https:\/\/vpi.int\/hu\/13-ujdonsagkutatasi-szolgaltatas\/","title":{"rendered":"\u00dajdons\u00e1gkutat\u00e1si szolg\u00e1ltat\u00e1s"},"content":{"rendered":"<p>[et_pb_section fb_built=&#8221;1&#8243; _builder_version=&#8221;4.17.1&#8243; _module_preset=&#8221;default&#8221; background_enable_color=&#8221;off&#8221; use_background_color_gradient=&#8221;on&#8221; background_color_gradient_direction=&#8221;70deg&#8221; background_color_gradient_stops=&#8221;#001a44 0%|rgba(0,168,170,0.55) 99%&#8221; background_enable_image=&#8221;off&#8221; background_blend=&#8221;soft-light&#8221; background_enable_pattern_style=&#8221;on&#8221; background_pattern_style=&#8221;diagonal-stripes-2&#8243; background_pattern_color=&#8221;rgba(0,117,118,0.17)&#8221; custom_padding=&#8221;120px||0px||false|false&#8221; animation_style=&#8221;slide&#8221; animation_direction=&#8221;bottom&#8221; animation_intensity_slide=&#8221;5%&#8221; global_colors_info=&#8221;{}&#8221;][et_pb_row _builder_version=&#8221;4.17.1&#8243; _module_preset=&#8221;default&#8221; background_enable_color=&#8221;off&#8221; custom_padding=&#8221;0px|30px|0px|30px|true|true&#8221; border_color_all=&#8221;#007576&#8243; global_colors_info=&#8221;{}&#8221;][et_pb_column type=&#8221;4_4&#8243; _builder_version=&#8221;4.17.1&#8243; _module_preset=&#8221;default&#8221; global_colors_info=&#8221;{}&#8221;][et_pb_text _builder_version=&#8221;4.17.1&#8243; _module_preset=&#8221;default&#8221; text_font=&#8221;Barlow|300||on|||||&#8221; text_text_color=&#8221;#FFFFFF&#8221; text_font_size=&#8221;22px&#8221; text_letter_spacing=&#8221;5px&#8221; text_line_height=&#8221;1.5em&#8221; header_text_color=&#8221;#FFFFFF&#8221; header_2_font=&#8221;Barlow|600||on|||||&#8221; header_2_text_color=&#8221;#FFFFFF&#8221; header_2_font_size=&#8221;40px&#8221; header_2_letter_spacing=&#8221;5px&#8221; header_2_line_height=&#8221;1.1em&#8221; width=&#8221;100%&#8221; header_2_font_size_tablet=&#8221;40px&#8221; header_2_font_size_phone=&#8221;20px&#8221; header_2_font_size_last_edited=&#8221;on|phone&#8221; global_colors_info=&#8221;{}&#8221;]<\/p>\n<h2>\u00dajdons\u00e1gkutat\u00e1si szolg\u00e1ltat\u00e1s<\/h2>\n<p>[\/et_pb_text][et_pb_blurb url=&#8221;#Services&#8221; use_icon=&#8221;on&#8221; icon_color=&#8221;#ffffff&#8221; image_icon_width=&#8221;30px&#8221; _builder_version=&#8221;4.17.1&#8243; _module_preset=&#8221;default&#8221; custom_margin=&#8221;||0px||false|false&#8221; custom_padding=&#8221;||0px||false|false&#8221; global_colors_info=&#8221;{}&#8221;][\/et_pb_blurb][\/et_pb_column][\/et_pb_row][et_pb_row _builder_version=&#8221;4.17.1&#8243; _module_preset=&#8221;default&#8221; global_colors_info=&#8221;{}&#8221;][et_pb_column type=&#8221;4_4&#8243; _builder_version=&#8221;4.17.1&#8243; _module_preset=&#8221;default&#8221; global_colors_info=&#8221;{}&#8221;][et_pb_blurb url=&#8221;#Services&#8221; use_icon=&#8221;on&#8221; font_icon=&#8221;&#x33;||divi||400&#8243; icon_color=&#8221;#ffffff&#8221; image_icon_width=&#8221;30px&#8221; _builder_version=&#8221;4.17.1&#8243; _module_preset=&#8221;default&#8221; custom_margin=&#8221;||0px||false|false&#8221; custom_padding=&#8221;||0px||false|false&#8221; global_colors_info=&#8221;{}&#8221;][\/et_pb_blurb][\/et_pb_column][\/et_pb_row][\/et_pb_section][et_pb_section fb_built=&#8221;1&#8243; admin_label=&#8221;Services&#8221; module_id=&#8221;Services&#8221; _builder_version=&#8221;4.17.1&#8243; _module_preset=&#8221;default&#8221; custom_padding=&#8221;90px|0px|50px|0px||&#8221; global_colors_info=&#8221;{}&#8221;][et_pb_row _builder_version=&#8221;4.17.1&#8243; _module_preset=&#8221;default&#8221; global_colors_info=&#8221;{}&#8221;][et_pb_column type=&#8221;4_4&#8243; _builder_version=&#8221;4.17.1&#8243; _module_preset=&#8221;default&#8221; global_colors_info=&#8221;{}&#8221;][et_pb_divider color=&#8221;#007576&#8243; divider_weight=&#8221;5px&#8221; _builder_version=&#8221;4.17.1&#8243; _module_preset=&#8221;default&#8221; width=&#8221;60px&#8221; module_alignment=&#8221;left&#8221; global_colors_info=&#8221;{}&#8221;][\/et_pb_divider][et_pb_text _builder_version=&#8221;4.17.1&#8243; _module_preset=&#8221;default&#8221; header_2_line_height=&#8221;1.3em&#8221; animation_style=&#8221;slide&#8221; animation_direction=&#8221;left&#8221; animation_intensity_slide=&#8221;5%&#8221; hover_enabled=&#8221;0&#8243; global_colors_info=&#8221;{}&#8221; sticky_enabled=&#8221;0&#8243;]<\/p>\n<h2>ISMERJE MEG A TECHNIKA \u00c1LL\u00c1S\u00c1RA VONATKOZ\u00d3 INFORM\u00c1CI\u00d3KAT EGY TAL\u00c1LM\u00c1NNYAL VAGY M\u0170SZAKI MEGOLD\u00c1SSAL KAPCSOLATBAN<\/h2>\n<p>&nbsp;<\/p>\n<p>A VSZI az \u00fajdons\u00e1gkutat\u00e1si szolg\u00e1ltat\u00e1st (Novelty Search Service, NSS) a Visegr\u00e1di Szabadalmi Int\u00e9zetr\u0151l sz\u00f3l\u00f3 Meg\u00e1llapod\u00e1s alapj\u00e1n v\u00e9gzi. Az \u00fajdons\u00e1gkutat\u00e1si szolg\u00e1ltat\u00e1s egy glob\u00e1lis szabadalomkutat\u00e1si szolg\u00e1ltat\u00e1s, amelyet \u00e1llampolg\u00e1rs\u00e1gt\u00f3l \u00e9s sz\u00e9khelyt\u0151l f\u00fcggetlen\u00fcl b\u00e1rki k\u00e9rhet.<\/p>\n<p><strong>Az \u00fajdons\u00e1gkutat\u00e1si szolg\u00e1ltat\u00e1s c\u00e9lja (NSS)<\/strong><\/p>\n<p>Az \u00fajdons\u00e1gkutat\u00e1si szolg\u00e1ltat\u00e1s inform\u00e1ci\u00f3t ny\u00fajt egy tal\u00e1lm\u00e1ny vagy m\u0171szaki megold\u00e1s tekintet\u00e9ben a technika \u00e1ll\u00e1s\u00e1r\u00f3l. Az \u00fajdons\u00e1gkutat\u00e1si szolg\u00e1ltat\u00e1s felt\u00e1rja azokat a szabadalmi dokumentumokat \u00e9s egy\u00e9b publik\u00e1ci\u00f3kat, amelyek figyelembe vehet\u0151k a felt\u00e1rt tal\u00e1lm\u00e1ny \u00fajdons\u00e1g\u00e1nak \u00e9s a feltal\u00e1l\u00f3i tev\u00e9kenys\u00e9g k\u00f6vetelm\u00e9ny\u00e9nek meg\u00edt\u00e9l\u00e9s\u00e9hez.<\/p>\n<p>Az \u00fajdons\u00e1gkutat\u00e1si szolg\u00e1ltat\u00e1s sz\u00e1mos helyzetben hasznos lehet, p\u00e9ld\u00e1ul szabadalmi bejelent\u00e9s elk\u00e9sz\u00edt\u00e9sekor, jog\u00e9rv\u00e9nyes\u00edt\u00e9si helyzetben, befektet\u0151kkel folytatott t\u00e1rgyal\u00e1sokn\u00e1l, a szabadalom hasznos\u00edt\u00e1s\u00e1n\u00e1l (hasznos\u00edt\u00e1si enged\u00e9ly, \u00e9rt\u00e9kes\u00edt\u00e9s, gy\u00e1rt\u00e1s megkezd\u00e9se, beruh\u00e1z\u00e1s export vagy import tev\u00e9kenys\u00e9gekbe stb.), vagy potenci\u00e1lis kutat\u00e1s-fejleszt\u00e9si ir\u00e1nyok meghat\u00e1roz\u00e1s\u00e1n\u00e1l.<\/p>\n<p><strong>Az elj\u00e1r\u00e1s<\/strong><\/p>\n<p>A tal\u00e1lm\u00e1ny vagy m\u0171szaki megold\u00e1s le\u00edr\u00e1s\u00e1t illet\u0151en nincsenek form\u00e1lis k\u00f6vetelm\u00e9nyek. Ahhoz azonban, hogy a lehet\u0151 legt\u00f6bbet hozzuk ki a szolg\u00e1ltat\u00e1sb\u00f3l, \u00e9rdemes a szabadalmi bejelent\u00e9shez hasonl\u00f3an r\u00e9szletes inform\u00e1ci\u00f3kat k\u00f6z\u00f6lni a m\u0171szaki megold\u00e1sr\u00f3l.<\/p>\n<p>A VSZI az \u00fajdons\u00e1gkutat\u00e1si szolg\u00e1ltat\u00e1st a Szabadalmi Egy\u00fcttm\u0171k\u00f6d\u00e9si Szerz\u0151d\u00e9s minimumdokument\u00e1ci\u00f3j\u00e1t fel\u00f6lel\u0151 szabadalmi \u00e9s nem szabadalmi szakirodalom adatb\u00e1zisai alapj\u00e1n v\u00e9gzi.<\/p>\n<p>Az \u00fajdons\u00e1gkutat\u00e1si szolg\u00e1ltat\u00e1s nyelve az angol. Ennek megfelel\u0151en az \u00fajdons\u00e1gkutat\u00e1si szolg\u00e1ltat\u00e1s megrendel\u0151lapj\u00e1t \u00e9s minden dokumentumot angol nyelven kell beny\u00fajtani. Az \u00fajdons\u00e1gkutat\u00e1si jelent\u00e9s (Novelty Search Report, NSR) szint\u00e9n angol nyelven k\u00e9sz\u00fcl el.<\/p>\n<p>Az \u00fajdons\u00e1gkutat\u00e1si szolg\u00e1ltat\u00e1sra vonatkoz\u00f3 megrendel\u00e9seket a glob\u00e1lis szabadalomkutat\u00e1si szolg\u00e1ltat\u00e1sok megrendel\u0151lapj\u00e1nak kit\u00f6lt\u00e9s\u00e9vel kell beny\u00fajtani. Az \u00fcgyf\u00e9lnek a megrendel\u0151lapot k\u00f6zvetlen\u00fcl a VSZI Titk\u00e1rs\u00e1g r\u00e9sz\u00e9re kell megk\u00fcldenie postai \u00faton vagy e-mailen.<\/p>\n<p>A VSZI Titk\u00e1rs\u00e1g el\u00e9rhet\u0151s\u00e9gei:<\/p>\n<p>Visegr\u00e1di Szabadalmi Int\u00e9zet<br \/>C\u00edm: II. J\u00e1nos P\u00e1l p\u00e1pa t\u00e9r 7.,H-1081 Budapest<br \/>Email: secretariat@vpi.int<\/p>\n<p><a href=\"https:\/\/vpi.int\/en\/wp-content\/uploads\/2025\/09\/global-patent-search-services-order-form.pdf\" target=\"_blank\" rel=\"noopener\"><span style=\"text-decoration: underline;\"><span style=\"color: #002633; text-decoration: underline;\">T\u00f6ltse le a glob\u00e1lis szabadalomkutat\u00e1si szolg\u00e1ltat\u00e1sok megrendel\u0151lapj\u00e1t &gt;&gt;<\/span><\/span><\/a><\/p>\n<p><strong>Hat\u00e1rid\u0151k \u00e9s teljes\u00edt\u00e9s<\/strong><\/p>\n<p>A VSZI a megrendel\u00e9s visszaigazol\u00e1s\u00e1nak napj\u00e1t\u00f3l sz\u00e1m\u00edtott n\u00e9gy h\u00e9ten bel\u00fcl k\u00e9sz\u00edti el az \u00fajdons\u00e1gkutat\u00e1si jelent\u00e9st. A VSZI a visszaigazol\u00e1st akkor \u00e1ll\u00edtja ki, ha a tal\u00e1lm\u00e1nyra vonatkoz\u00f3 \u00e9rdemi kutat\u00e1st lehet\u0151v\u00e9 tev\u0151 \u00f6sszes sz\u00fcks\u00e9ges inform\u00e1ci\u00f3 rendelkez\u00e9sre \u00e1ll, \u00e9s a szolg\u00e1ltat\u00e1s d\u00edj\u00e1t a VSZI r\u00e9sz\u00e9re megfizett\u00e9k.<\/p>\n<p>Az \u00fajdons\u00e1gkutat\u00e1si jelent\u00e9s tartalmazza a hivatkozott dokumentumok (szabadalmi dokumentumok \u00e9s a technika \u00e1ll\u00e1s\u00e1ra vonatkoz\u00f3 egy\u00e9b adatok) r\u00f6vid \u00f6sszefoglal\u00e1s\u00e1t \u00e9s a tal\u00e1lm\u00e1nyhoz val\u00f3 viszonyukat a megfelel\u0151 nemzetk\u00f6zi kateg\u00f3riak\u00f3dokat (X, Y \u00e9s A) felt\u00fcntetve.<\/p>\n<p><strong>D\u00edjak<\/strong><\/p>\n<p>Az \u00fajdons\u00e1gkutat\u00e1si jelent\u00e9s elk\u00e9sz\u00edt\u00e9s\u00e9nek \u00e1tal\u00e1nyd\u00edja 650 eur\u00f3. A d\u00edjat a megrendel\u00e9ssel egyidej\u0171leg, banki \u00e1tutal\u00e1ssal, k\u00f6zvetlen\u00fcl a VSZI al\u00e1bbi sz\u00e1ml\u00e1j\u00e1ra kell megfizetni.<\/p>\n<p>Sz\u00e1mlatulajdonos: Visegr\u00e1di Szabadalmi Int\u00e9zet<br \/>Bank neve \u00e9s c\u00edme: Raiffeisen Bank Zrt., 116-118. V\u00e1ci \u00fat 1133 Budapest, Magyarorsz\u00e1g<br \/>IBAN: HU66-12012204-01799099-00200000<br \/>SWIFT K\u00f3d: UBRTHUHB<\/p>\n<p><a href=\"https:\/\/vpi.int\/en\/wp-content\/uploads\/2025\/09\/global-patent-search-services-terms-and-conditions.pdf\" target=\"_blank\" rel=\"noopener\"><span style=\"text-decoration: underline;\"><span style=\"color: #002633; text-decoration: underline;\">T\u00f6ltse le a VSZI glob\u00e1lis szabadalomkutat\u00e1si szolg\u00e1ltat\u00e1sainak \u00e1ltal\u00e1nos szerz\u0151d\u00e9si felt\u00e9teleit &gt;&gt;<\/span><\/span><\/a><\/p>\n<p>&nbsp;<\/p>\n<p>[\/et_pb_text][\/et_pb_column][\/et_pb_row][\/et_pb_section][et_pb_section fb_built=&#8221;1&#8243; admin_label=&#8221;Services&#8221; _builder_version=&#8221;4.16&#8243; _module_preset=&#8221;default&#8221; custom_padding=&#8221;90px|0px|90px|0px&#8221; global_colors_info=&#8221;{}&#8221;][et_pb_row column_structure=&#8221;1_3,1_3,1_3&#8243; use_custom_gutter=&#8221;on&#8221; make_equal=&#8221;on&#8221; _builder_version=&#8221;4.17.1&#8243; _module_preset=&#8221;default&#8221; global_colors_info=&#8221;{}&#8221;][et_pb_column type=&#8221;1_3&#8243; _builder_version=&#8221;4.17.1&#8243; _module_preset=&#8221;default&#8221; global_colors_info=&#8221;{}&#8221;][et_pb_divider color=&#8221;#007576&#8243; divider_weight=&#8221;5px&#8221; _builder_version=&#8221;4.17.1&#8243; _module_preset=&#8221;default&#8221; width=&#8221;60px&#8221; module_alignment=&#8221;left&#8221; global_colors_info=&#8221;{}&#8221;][\/et_pb_divider][et_pb_text _builder_version=&#8221;4.17.1&#8243; _module_preset=&#8221;default&#8221; animation_style=&#8221;slide&#8221; animation_direction=&#8221;bottom&#8221; animation_intensity_slide=&#8221;5%&#8221; global_colors_info=&#8221;{}&#8221;]<\/p>\n<h2>A PCT-r\u0151l<\/h2>\n<p>&nbsp;<\/p>\n<p>A PCT egy olyan nemzetk\u00f6zi szerz\u0151d\u00e9s, amely lehet\u0151v\u00e9 teszi, hogy egyetlen bejelent\u00e9s beny\u00fajt\u00e1s\u00e1val egyidej\u0171leg sz\u00e1mos orsz\u00e1gban lehessen szabadalmi oltalmat ig\u00e9nyelni. A szabadalom megad\u00e1s\u00e1ra nemzeti vagy region\u00e1lis jogszab\u00e1lyok vonatkoznak.<\/p>\n<p>[\/et_pb_text][et_pb_button button_url=&#8221;https:\/\/vpi.int\/hu\/03-a-pct-rol\/&#8221; button_text=&#8221;A PCT-R\u0150L&#8221; disabled_on=&#8221;off|off|on&#8221; _builder_version=&#8221;4.17.1&#8243; _module_preset=&#8221;default&#8221; custom_button=&#8221;on&#8221; button_icon=&#8221;&#x35;||divi||400&#8243; global_colors_info=&#8221;{}&#8221;][\/et_pb_button][\/et_pb_column][et_pb_column type=&#8221;1_3&#8243; _builder_version=&#8221;4.17.1&#8243; _module_preset=&#8221;default&#8221; global_colors_info=&#8221;{}&#8221;][et_pb_divider color=&#8221;#808080&#8243; divider_weight=&#8221;5px&#8221; _builder_version=&#8221;4.17.1&#8243; _module_preset=&#8221;default&#8221; width=&#8221;60px&#8221; module_alignment=&#8221;left&#8221; global_colors_info=&#8221;{}&#8221;][\/et_pb_divider][et_pb_text _builder_version=&#8221;4.17.1&#8243; _module_preset=&#8221;default&#8221; animation_style=&#8221;slide&#8221; animation_direction=&#8221;bottom&#8221; animation_intensity_slide=&#8221;5%&#8221; global_colors_info=&#8221;{}&#8221;]<\/p>\n<h2>D\u00edjak \u00e9s visszat\u00e9r\u00edt\u00e9sek<\/h2>\n<p>&nbsp;<\/p>\n<p>T\u00f6ltse le a kutat\u00e1si d\u00edj visszat\u00e9r\u00edt\u00e9si \u0171rlapot err\u0151l az oldalr\u00f3l, ahol r\u00e9szletes utas\u00edt\u00e1sokat tal\u00e1l a beny\u00fajt\u00e1s m\u00f3dj\u00e1r\u00f3l a gyors kifizet\u00e9s \u00e9rdek\u00e9ben. A VSZI min\u0151s\u00e9gbiztos\u00edt\u00e1s\u00e1r\u00f3l \u00e9s a jogi keretekr\u0151l hivatalos dokumentumainkban olvashat.<\/p>\n<p>[\/et_pb_text][et_pb_button button_url=&#8221;https:\/\/vpi.int\/hu\/08-dijak-es-visszateritesek\/&#8221; button_text=&#8221;D\u00edjek \u00e9s visszat\u00e9r\u00edt\u00e9sek&#8221; disabled_on=&#8221;off|off|on&#8221; _builder_version=&#8221;4.17.1&#8243; _module_preset=&#8221;default&#8221; custom_button=&#8221;on&#8221; button_icon=&#8221;&#x35;||divi||400&#8243; global_colors_info=&#8221;{}&#8221;][\/et_pb_button][\/et_pb_column][et_pb_column type=&#8221;1_3&#8243; _builder_version=&#8221;4.17.1&#8243; _module_preset=&#8221;default&#8221; global_colors_info=&#8221;{}&#8221;][et_pb_divider color=&#8221;#145670&#8243; divider_weight=&#8221;5px&#8221; _builder_version=&#8221;4.17.1&#8243; _module_preset=&#8221;default&#8221; width=&#8221;60px&#8221; module_alignment=&#8221;left&#8221; global_colors_info=&#8221;{}&#8221;][\/et_pb_divider][et_pb_text _builder_version=&#8221;4.17.1&#8243; _module_preset=&#8221;default&#8221; animation_style=&#8221;slide&#8221; animation_direction=&#8221;bottom&#8221; animation_intensity_slide=&#8221;5%&#8221; global_colors_info=&#8221;{}&#8221;]<\/p>\n<h2>Tud\u00e1sk\u00f6zpont<\/h2>\n<p>&nbsp;<\/p>\n<p>A Visegr\u00e1di Szabadalmi Int\u00e9zet Tud\u00e1sk\u00f6zpontj\u00e1t azzal a c\u00e9llal hoztuk l\u00e9tre, hogy kiadv\u00e1nyok \u00e9s rendezv\u00e9nyek r\u00e9v\u00e9n megosszuk a visegr\u00e1di orsz\u00e1gok nemzetk\u00f6zi szabadalmaztat\u00e1s\u00e1val kapcsolatos kutat\u00e1sokat, statisztik\u00e1kat \u00e9s az ipar legjobb gyakorlatait.<\/p>\n<p>[\/et_pb_text][et_pb_button button_url=&#8221;https:\/\/vpi.int\/hu\/09-tudaskozpont\/&#8221; button_text=&#8221;Tud\u00e1sk\u00f6zpont&#8221; disabled_on=&#8221;off|off|on&#8221; _builder_version=&#8221;4.17.1&#8243; _module_preset=&#8221;default&#8221; custom_button=&#8221;on&#8221; button_icon=&#8221;&#x35;||divi||400&#8243; global_colors_info=&#8221;{}&#8221;][\/et_pb_button][\/et_pb_column][\/et_pb_row][et_pb_row column_structure=&#8221;1_3,1_3,1_3&#8243; _builder_version=&#8221;4.17.1&#8243; _module_preset=&#8221;default&#8221; global_colors_info=&#8221;{}&#8221;][et_pb_column type=&#8221;1_3&#8243; _builder_version=&#8221;4.17.1&#8243; _module_preset=&#8221;default&#8221; global_colors_info=&#8221;{}&#8221;][et_pb_button button_url=&#8221;https:\/\/vpi.int\/hu\/03-a-pct-rol\/&#8221; button_text=&#8221;A PCT-R\u0150L&#8221; disabled_on=&#8221;on|on|off&#8221; _builder_version=&#8221;4.17.1&#8243; _module_preset=&#8221;default&#8221; custom_button=&#8221;on&#8221; button_icon=&#8221;&#x35;||divi||400&#8243; global_colors_info=&#8221;{}&#8221;][\/et_pb_button][\/et_pb_column][et_pb_column type=&#8221;1_3&#8243; _builder_version=&#8221;4.17.1&#8243; _module_preset=&#8221;default&#8221; global_colors_info=&#8221;{}&#8221;][et_pb_button button_url=&#8221;https:\/\/vpi.int\/hu\/08-dijak-es-visszateritesek\/&#8221; button_text=&#8221;D\u00edjak \u00e9s visszat\u00e9r\u00edt\u00e9sek&#8221; disabled_on=&#8221;on|on|off&#8221; _builder_version=&#8221;4.17.1&#8243; _module_preset=&#8221;default&#8221; custom_button=&#8221;on&#8221; button_icon=&#8221;&#x35;||divi||400&#8243; global_colors_info=&#8221;{}&#8221;][\/et_pb_button][\/et_pb_column][et_pb_column type=&#8221;1_3&#8243; _builder_version=&#8221;4.17.1&#8243; _module_preset=&#8221;default&#8221; global_colors_info=&#8221;{}&#8221;][et_pb_button button_url=&#8221;https:\/\/vpi.int\/hu\/09-tudaskozpont\/&#8221; button_text=&#8221;Tud\u00e1sk\u00f6zpont&#8221; disabled_on=&#8221;on|on|off&#8221; _builder_version=&#8221;4.17.1&#8243; _module_preset=&#8221;default&#8221; custom_button=&#8221;on&#8221; button_icon=&#8221;&#x35;||divi||400&#8243; global_colors_info=&#8221;{}&#8221;][\/et_pb_button][\/et_pb_column][\/et_pb_row][\/et_pb_section][et_pb_section fb_built=&#8221;1&#8243; disabled_on=&#8221;on|on|off&#8221; _builder_version=&#8221;4.17.1&#8243; _module_preset=&#8221;default&#8221; background_color=&#8221;#145670&#8243; use_background_color_gradient=&#8221;on&#8221; background_color_gradient_direction=&#8221;70deg&#8221; background_color_gradient_stops=&#8221;rgba(0,17,30,0.78) 25%|rgba(0,117,118,0.5) 100%&#8221; background_image=&#8221;https:\/\/vpi.int\/hu\/wp-content\/uploads\/2022\/06\/VPI_citys_turquise_02_01.jpg&#8221; background_size=&#8221;initial&#8221; background_blend=&#8221;soft-light&#8221; background_enable_pattern_style=&#8221;on&#8221; background_pattern_style=&#8221;diagonal-stripes-2&#8243; background_pattern_color=&#8221;rgba(0,117,118,0.2)&#8221; custom_padding=&#8221;130px||130px||true|false&#8221; animation_style=&#8221;fade&#8221; background_last_edited=&#8221;on|phone&#8221; background_size_tablet=&#8221;contain&#8221; global_colors_info=&#8221;{}&#8221;][et_pb_row _builder_version=&#8221;4.17.1&#8243; _module_preset=&#8221;default&#8221; background_enable_color=&#8221;off&#8221; custom_padding=&#8221;30px|30px|30px|30px|true|true&#8221; border_color_all=&#8221;#007576&#8243; global_colors_info=&#8221;{}&#8221;][et_pb_column type=&#8221;4_4&#8243; _builder_version=&#8221;4.17.1&#8243; _module_preset=&#8221;default&#8221; global_colors_info=&#8221;{}&#8221;][\/et_pb_column][\/et_pb_row][\/et_pb_section][et_pb_section fb_built=&#8221;1&#8243; custom_padding_last_edited=&#8221;on|phone&#8221; disabled_on=&#8221;off|off|on&#8221; _builder_version=&#8221;4.17.1&#8243; _module_preset=&#8221;default&#8221; background_color=&#8221;#145670&#8243; use_background_color_gradient=&#8221;on&#8221; background_color_gradient_direction=&#8221;70deg&#8221; background_color_gradient_stops=&#8221;rgba(0,17,30,0.78) 25%|rgba(0,117,118,0.5) 100%&#8221; background_image=&#8221;https:\/\/vpi.int\/hu\/wp-content\/uploads\/2022\/06\/VPI_citys_turquise_02_01.jpg&#8221; background_size=&#8221;initial&#8221; background_blend=&#8221;soft-light&#8221; background_enable_pattern_style=&#8221;on&#8221; background_pattern_style=&#8221;diagonal-stripes-2&#8243; background_pattern_color=&#8221;rgba(0,117,118,0.2)&#8221; custom_padding=&#8221;130px||130px||true|false&#8221; custom_padding_tablet=&#8221;25px||25px||true|false&#8221; custom_padding_phone=&#8221;140px||140px||true|false&#8221; animation_style=&#8221;fade&#8221; background_last_edited=&#8221;on|desktop&#8221; background_image_phone=&#8221;https:\/\/vpi.int\/hu\/wp-content\/uploads\/2022\/06\/VPI_citys_mobile_01.jpg&#8221; background_enable_image_phone=&#8221;on&#8221; background_size_tablet=&#8221;contain&#8221; background_size_phone=&#8221;cover&#8221; background_image_width_phone=&#8221;0%&#8221; background_image_height_phone=&#8221;34%&#8221; global_colors_info=&#8221;{}&#8221;][et_pb_row _builder_version=&#8221;4.17.1&#8243; _module_preset=&#8221;default&#8221; background_enable_color=&#8221;off&#8221; custom_padding=&#8221;30px|30px|30px|30px|true|true&#8221; border_color_all=&#8221;#007576&#8243; global_colors_info=&#8221;{}&#8221;][et_pb_column type=&#8221;4_4&#8243; _builder_version=&#8221;4.17.1&#8243; _module_preset=&#8221;default&#8221; global_colors_info=&#8221;{}&#8221;][\/et_pb_column][\/et_pb_row][\/et_pb_section]<\/p>\n","protected":false},"excerpt":{"rendered":"<p>\u00dajdons\u00e1gkutat\u00e1si szolg\u00e1ltat\u00e1sISMERJE MEG A TECHNIKA \u00c1LL\u00c1S\u00c1RA VONATKOZ\u00d3 INFORM\u00c1CI\u00d3KAT EGY TAL\u00c1LM\u00c1NNYAL VAGY M\u0170SZAKI MEGOLD\u00c1SSAL KAPCSOLATBAN &nbsp; A VSZI az \u00fajdons\u00e1gkutat\u00e1si szolg\u00e1ltat\u00e1st (Novelty Search Service, NSS) a Visegr\u00e1di Szabadalmi Int\u00e9zetr\u0151l sz\u00f3l\u00f3 Meg\u00e1llapod\u00e1s alapj\u00e1n v\u00e9gzi. Az \u00fajdons\u00e1gkutat\u00e1si szolg\u00e1ltat\u00e1s egy glob\u00e1lis szabadalomkutat\u00e1si szolg\u00e1ltat\u00e1s, amelyet \u00e1llampolg\u00e1rs\u00e1gt\u00f3l \u00e9s sz\u00e9khelyt\u0151l f\u00fcggetlen\u00fcl b\u00e1rki k\u00e9rhet. Az \u00fajdons\u00e1gkutat\u00e1si szolg\u00e1ltat\u00e1s c\u00e9lja (NSS) Az \u00fajdons\u00e1gkutat\u00e1si szolg\u00e1ltat\u00e1s inform\u00e1ci\u00f3t [&hellip;]<\/p>\n","protected":false},"author":2,"featured_media":0,"parent":0,"menu_order":0,"comment_status":"closed","ping_status":"closed","template":"","meta":{"_et_pb_use_builder":"on","_et_pb_old_content":"","_et_gb_content_width":"","footnotes":""},"class_list":["post-1349","page","type-page","status-publish","hentry"],"_links":{"self":[{"href":"https:\/\/vpi.int\/hu\/wp-json\/wp\/v2\/pages\/1349","targetHints":{"allow":["GET"]}}],"collection":[{"href":"https:\/\/vpi.int\/hu\/wp-json\/wp\/v2\/pages"}],"about":[{"href":"https:\/\/vpi.int\/hu\/wp-json\/wp\/v2\/types\/page"}],"author":[{"embeddable":true,"href":"https:\/\/vpi.int\/hu\/wp-json\/wp\/v2\/users\/2"}],"replies":[{"embeddable":true,"href":"https:\/\/vpi.int\/hu\/wp-json\/wp\/v2\/comments?post=1349"}],"version-history":[{"count":8,"href":"https:\/\/vpi.int\/hu\/wp-json\/wp\/v2\/pages\/1349\/revisions"}],"predecessor-version":[{"id":1609,"href":"https:\/\/vpi.int\/hu\/wp-json\/wp\/v2\/pages\/1349\/revisions\/1609"}],"wp:attachment":[{"href":"https:\/\/vpi.int\/hu\/wp-json\/wp\/v2\/media?parent=1349"}],"curies":[{"name":"wp","href":"https:\/\/api.w.org\/{rel}","templated":true}]}}