{"id":1586,"date":"2025-09-14T14:18:01","date_gmt":"2025-09-14T14:18:01","guid":{"rendered":"https:\/\/vpi.int\/hu\/?page_id=1586"},"modified":"2025-10-03T09:56:47","modified_gmt":"2025-10-03T09:56:47","slug":"15-jogervenyessegi-kutatas","status":"publish","type":"page","link":"https:\/\/vpi.int\/hu\/15-jogervenyessegi-kutatas\/","title":{"rendered":"Jog\u00e9rv\u00e9nyess\u00e9gi kutat\u00e1s"},"content":{"rendered":"<p>[et_pb_section fb_built=&#8221;1&#8243; _builder_version=&#8221;4.17.1&#8243; _module_preset=&#8221;default&#8221; background_enable_color=&#8221;off&#8221; use_background_color_gradient=&#8221;on&#8221; background_color_gradient_direction=&#8221;70deg&#8221; background_color_gradient_stops=&#8221;#001a44 0%|rgba(0,168,170,0.55) 99%&#8221; background_enable_image=&#8221;off&#8221; background_blend=&#8221;soft-light&#8221; background_enable_pattern_style=&#8221;on&#8221; background_pattern_style=&#8221;diagonal-stripes-2&#8243; background_pattern_color=&#8221;rgba(0,117,118,0.17)&#8221; custom_padding=&#8221;120px||0px||false|false&#8221; animation_style=&#8221;slide&#8221; animation_direction=&#8221;bottom&#8221; animation_intensity_slide=&#8221;5%&#8221; global_colors_info=&#8221;{}&#8221;][et_pb_row _builder_version=&#8221;4.17.1&#8243; _module_preset=&#8221;default&#8221; background_enable_color=&#8221;off&#8221; custom_padding=&#8221;0px|30px|0px|30px|true|true&#8221; border_color_all=&#8221;#007576&#8243; global_colors_info=&#8221;{}&#8221;][et_pb_column type=&#8221;4_4&#8243; _builder_version=&#8221;4.17.1&#8243; _module_preset=&#8221;default&#8221; global_colors_info=&#8221;{}&#8221;][et_pb_text _builder_version=&#8221;4.17.1&#8243; _module_preset=&#8221;default&#8221; text_font=&#8221;Barlow|300||on|||||&#8221; text_text_color=&#8221;#FFFFFF&#8221; text_font_size=&#8221;22px&#8221; text_letter_spacing=&#8221;5px&#8221; text_line_height=&#8221;1.5em&#8221; header_text_color=&#8221;#FFFFFF&#8221; header_2_font=&#8221;Barlow|600||on|||||&#8221; header_2_text_color=&#8221;#FFFFFF&#8221; header_2_font_size=&#8221;40px&#8221; header_2_letter_spacing=&#8221;5px&#8221; header_2_line_height=&#8221;1.1em&#8221; width=&#8221;100%&#8221; header_2_font_size_tablet=&#8221;40px&#8221; header_2_font_size_phone=&#8221;20px&#8221; header_2_font_size_last_edited=&#8221;on|phone&#8221; global_colors_info=&#8221;{}&#8221;]<\/p>\n<h2>Jog\u00e9rv\u00e9nyess\u00e9gi kutat\u00e1s<\/h2>\n<p>[\/et_pb_text][et_pb_blurb url=&#8221;#Services&#8221; use_icon=&#8221;on&#8221; icon_color=&#8221;#ffffff&#8221; image_icon_width=&#8221;30px&#8221; _builder_version=&#8221;4.17.1&#8243; _module_preset=&#8221;default&#8221; custom_margin=&#8221;||0px||false|false&#8221; custom_padding=&#8221;||0px||false|false&#8221; global_colors_info=&#8221;{}&#8221;][\/et_pb_blurb][\/et_pb_column][\/et_pb_row][et_pb_row _builder_version=&#8221;4.17.1&#8243; _module_preset=&#8221;default&#8221; global_colors_info=&#8221;{}&#8221;][et_pb_column type=&#8221;4_4&#8243; _builder_version=&#8221;4.17.1&#8243; _module_preset=&#8221;default&#8221; global_colors_info=&#8221;{}&#8221;][et_pb_blurb url=&#8221;#Services&#8221; use_icon=&#8221;on&#8221; font_icon=&#8221;&#x33;||divi||400&#8243; icon_color=&#8221;#ffffff&#8221; image_icon_width=&#8221;30px&#8221; _builder_version=&#8221;4.17.1&#8243; _module_preset=&#8221;default&#8221; custom_margin=&#8221;||0px||false|false&#8221; custom_padding=&#8221;||0px||false|false&#8221; global_colors_info=&#8221;{}&#8221;][\/et_pb_blurb][\/et_pb_column][\/et_pb_row][\/et_pb_section][et_pb_section fb_built=&#8221;1&#8243; admin_label=&#8221;Services&#8221; module_id=&#8221;Services&#8221; _builder_version=&#8221;4.17.1&#8243; _module_preset=&#8221;default&#8221; custom_padding=&#8221;90px|0px|50px|0px||&#8221; global_colors_info=&#8221;{}&#8221;][et_pb_row _builder_version=&#8221;4.17.1&#8243; _module_preset=&#8221;default&#8221; global_colors_info=&#8221;{}&#8221;][et_pb_column type=&#8221;4_4&#8243; _builder_version=&#8221;4.17.1&#8243; _module_preset=&#8221;default&#8221; global_colors_info=&#8221;{}&#8221;][et_pb_divider color=&#8221;#007576&#8243; divider_weight=&#8221;5px&#8221; _builder_version=&#8221;4.17.1&#8243; _module_preset=&#8221;default&#8221; width=&#8221;60px&#8221; module_alignment=&#8221;left&#8221; global_colors_info=&#8221;{}&#8221;][\/et_pb_divider][et_pb_text _builder_version=&#8221;4.17.1&#8243; _module_preset=&#8221;default&#8221; header_2_line_height=&#8221;1.3em&#8221; animation_style=&#8221;slide&#8221; animation_direction=&#8221;left&#8221; animation_intensity_slide=&#8221;5%&#8221; hover_enabled=&#8221;0&#8243; global_colors_info=&#8221;{}&#8221; sticky_enabled=&#8221;0&#8243;]<\/p>\n<h2>R\u00c9SZLETES KUTAT\u00c1SI EREDM\u00c9NYT KAPHAT EGY SZABADALOM \u00c9RV\u00c9NYESS\u00c9G\u00c9R\u0150L<\/h2>\n<p>&nbsp;<\/p>\n<p>A jog\u00e9rv\u00e9nyess\u00e9gi kutat\u00e1s (VSS) a Visegr\u00e1di Szabadalmi Int\u00e9zet (VSZI) glob\u00e1lis szabadalomkutat\u00e1si szolg\u00e1ltat\u00e1sa, amelyet \u00e1llampolg\u00e1rs\u00e1gt\u00f3l \u00e9s sz\u00e9khelyt\u0151l f\u00fcggetlen\u00fcl b\u00e1rki k\u00e9rhet. A VSZI a jog\u00e9rv\u00e9nyess\u00e9gi kutat\u00e1st a Visegr\u00e1di Szabadalmi Int\u00e9zetr\u0151l sz\u00f3l\u00f3 meg\u00e1llapod\u00e1s alapj\u00e1n ny\u00fajtja.<\/p>\n<p><strong>A jog\u00e9rv\u00e9nyess\u00e9gi kutat\u00e1s (VSS) c\u00e9lja<\/strong><\/p>\n<p>A jog\u00e9rv\u00e9nyess\u00e9gi kutat\u00e1s (VSS) egy adott, \u00e9rv\u00e9nyben l\u00e9v\u0151 szabadalomra vonatkoz\u00f3an a technika \u00e1ll\u00e1s\u00e1r\u00f3l ny\u00fajt inform\u00e1ci\u00f3t. A szolg\u00e1ltat\u00e1s felt\u00e1rja azokat a szabadalmi dokumentumokat \u00e9s egy\u00e9b publik\u00e1ci\u00f3kat, amelyek az \u00e9rintett szabadalommal kapcsolatban figyelembe vehet\u0151k az \u00fajdons\u00e1g \u00e9s a feltal\u00e1l\u00f3i tev\u00e9kenys\u00e9g k\u00f6vetelm\u00e9ny\u00e9nek \u00e9rt\u00e9kel\u00e9se sor\u00e1n.<\/p>\n<p>A jog\u00e9rv\u00e9nyess\u00e9gi kutat\u00e1s sz\u00e1mos helyzetben hasznos lehet, ha az \u00e9rv\u00e9nyben l\u00e9v\u0151 szabadalom tekintet\u00e9ben tov\u00e1bbi inform\u00e1ci\u00f3ra van sz\u00fcks\u00e9g a technika \u00e1ll\u00e1s\u00e1r\u00f3l, p\u00e9ld\u00e1ul felsz\u00f3lal\u00e1s\/ megad\u00e1s ut\u00e1ni fel\u00fclvizsg\u00e1lat beny\u00fajt\u00e1skor vagy peres elj\u00e1r\u00e1s sor\u00e1n, tov\u00e1bb\u00e1 seg\u00edthet a jogs\u00e9rt\u00e9si ig\u00e9nyek al\u00e1t\u00e1maszt\u00e1s\u00e1ban. Az adott szabadalommal kapcsolatos \u00fcgylet el\u0151tti r\u00e9szletes szabadalomkutat\u00e1s a beruh\u00e1z\u00e1s v\u00e9delm\u00e9t szolg\u00e1lhatja.<\/p>\n<p><strong>Az elj\u00e1r\u00e1s<\/strong><\/p>\n<p>Az \u00fcgyf\u00e9lnek meg kell jel\u00f6lnie azt a szabadalmat, amelyre n\u00e9zve a jog\u00e9rv\u00e9nyess\u00e9gi kutat\u00e1st ig\u00e9nybe k\u00edv\u00e1nja venni.<\/p>\n<p>A VSZI ezen szolg\u00e1ltat\u00e1sa nem ig\u00e9nyelhet\u0151 a VSZI szerz\u0151d\u0151 orsz\u00e1gainak szellemi tulajdon hivatalai \u00e1ltal megadott szabadalmakra vonatkoz\u00f3an.<\/p>\n<p>A VSZI a jog\u00e9rv\u00e9nyess\u00e9gi kutat\u00e1st a Szabadalmi Egy\u00fcttm\u0171k\u00f6d\u00e9si Szerz\u0151d\u00e9s (PCT) szerinti minimumdokument\u00e1ci\u00f3t fel\u00f6lel\u0151 szabadalmi \u00e9s nem szabadalmi szakirodalom adatb\u00e1zisai alapj\u00e1n v\u00e9gzi. A szolg\u00e1ltat\u00e1s nyelve angol. A VSS megrendel\u0151lapj\u00e1t \u00e9s a tov\u00e1bbi dokumentumokat angol nyelven kell beny\u00fajtani. A jog\u00e9rv\u00e9nyess\u00e9gi kutat\u00e1si jelent\u00e9s szint\u00e9n angol nyelven k\u00e9sz\u00fcl.<\/p>\n<p>A szolg\u00e1ltat\u00e1sra vonatkoz\u00f3 megrendel\u00e9seket a glob\u00e1lis szabadalomkutat\u00e1si szolg\u00e1ltat\u00e1sok megrendel\u0151lapj\u00e1nak kit\u00f6lt\u00e9s\u00e9vel kell beny\u00fajtani. A megrendel\u0151lapot postai \u00faton vagy email \u00fczenetben kell k\u00f6zvetlen\u00fcl a VSZI Titk\u00e1rs\u00e1g r\u00e9sz\u00e9re elk\u00fcldeni.<\/p>\n<p><strong>A VSZI Titk\u00e1rs\u00e1g el\u00e9rhet\u0151s\u00e9gei:<\/strong><\/p>\n<p>Visegr\u00e1di Szabadalmi Int\u00e9zet<br \/>C\u00edm: 1081 Budapest, II. J\u00e1nos P\u00e1l p\u00e1pa t\u00e9r 7.<\/p>\n<p>E-mail: secretariat@vpi.int<\/p>\n<p><a href=\"https:\/\/vpi.int\/en\/wp-content\/uploads\/2025\/09\/global-patent-search-services-order-form.pdf\" target=\"_blank\" rel=\"noopener\"><span style=\"text-decoration: underline;\">Megrendel\u0151lap let\u00f6lt\u00e9se a Glob\u00e1lis Szabadalomkutat\u00e1si Szolg\u00e1ltat\u00e1sok ig\u00e9nybev\u00e9tel\u00e9hez &gt;&gt;<\/span><\/a><\/p>\n<p><strong>Hat\u00e1rid\u0151k \u00e9s teljes\u00edt\u00e9s<\/strong><\/p>\n<p>A VSZI a megrendel\u00e9s visszaigazol\u00e1s\u00e1nak napj\u00e1t\u00f3l sz\u00e1m\u00edtott n\u00e9gy h\u00e9ten bel\u00fcl k\u00e9sz\u00edti el a jog\u00e9rv\u00e9nyess\u00e9gi kutat\u00e1si jelent\u00e9st (Validity Search Report &#8211; VSR). A VSZI a visszaigazol\u00e1st akkor \u00e1ll\u00edtja ki, ha a szabadalomra vonatkoz\u00f3 \u00e9rdemi kutat\u00e1st lehet\u0151v\u00e9 tev\u0151 \u00f6sszes inform\u00e1ci\u00f3 rendelkez\u00e9sre \u00e1ll \u00e9s a szolg\u00e1ltat\u00e1s d\u00edj\u00e1t a VSZI r\u00e9sz\u00e9re megfizett\u00e9k.<\/p>\n<p>A jelent\u00e9s tartalmazza a szabadalom \u00e9rv\u00e9nyess\u00e9g\u00e9t befoly\u00e1sol\u00f3 dokumentumok list\u00e1j\u00e1t (szabadalmi dokumentumok \u00e9s egy\u00e9b, a technika \u00e1ll\u00e1s\u00e1ra vonatkoz\u00f3 adatok), a vonatkoz\u00f3 nemzetk\u00f6zi oszt\u00e1lyoz\u00e1si k\u00f3dok (X, Y \u00e9s A) seg\u00edts\u00e9g\u00e9vel jelezve ezek viszony\u00e1t az adott szabadalom t\u00e1rgy\u00e1t k\u00e9pez\u0151 tal\u00e1lm\u00e1nyhoz. Az \u00fcgyf\u00e9l r\u00e9szletes indokol\u00e1ssal ell\u00e1tott v\u00e9lem\u00e9nyt kap arr\u00f3l, hogy a hivatkozott dokumentumok alapj\u00e1n az \u00e9rintett szabadalom szerinti tal\u00e1lm\u00e1ny megfelel-e a szabadalmazhat\u00f3s\u00e1g alapvet\u0151 k\u00f6vetelm\u00e9nyeinek.<\/p>\n<p><strong>D\u00edjak<\/strong><\/p>\n<p>A jog\u00e9rv\u00e9nyess\u00e9gi kutat\u00e1s (VSS) d\u00edja \u2013 az \u00fcgy \u00f6sszetetts\u00e9g\u00e9t\u0151l f\u00fcgg\u0151en \u2013 1000 \u00e9s 2000 eur\u00f3 k\u00f6z\u00f6tti \u00f6sszegben ker\u00fcl meg\u00e1llap\u00edt\u00e1sra. Az \u00e1raj\u00e1nlat az \u00fcgyf\u00e9l \u00e1ltal beny\u00fajtott megrendel\u0151lap alapj\u00e1n k\u00e9sz\u00fcl. A VSS d\u00edj\u00e1t az \u00e1raj\u00e1nlatban megadott hat\u00e1rid\u0151ig kell megfizetni. A d\u00edj megfizet\u00e9se az \u00e1raj\u00e1nlat kifejezett elfogad\u00e1s\u00e1t jelenti.<\/p>\n<p>A jog\u00e9rv\u00e9nyess\u00e9gi kutat\u00e1si jelent\u00e9s (VSR) elk\u00e9sz\u00fclt\u00e9t\u0151l sz\u00e1m\u00edtott k\u00e9t h\u00f3napon bel\u00fcl tov\u00e1bbi konzult\u00e1ci\u00f3 k\u00e9rhet\u0151 a vizsg\u00e1l\u00f3t\u00f3l, 100 eur\u00f3\/\u00f3rad\u00edj ellen\u00e9ben. A d\u00edj megfizet\u00e9s\u00e9nek hat\u00e1rideje a konzult\u00e1ci\u00f3t k\u00f6vet\u0151en ki\u00e1ll\u00edtott sz\u00e1ml\u00e1n szerepel.<\/p>\n<p>A d\u00edjakat banki \u00e1tutal\u00e1ssal, k\u00f6zvetlen\u00fcl a VSZI al\u00e1bbi banksz\u00e1ml\u00e1j\u00e1ra kell megfizetni:<\/p>\n<p>Sz\u00e1mlatulajdonos: Visegr\u00e1di Szabadalmi Int\u00e9zet<br \/>Bank neve \u00e9s c\u00edme: Raiffeisen Bank Zrt., 1133 Budapest, V\u00e1ci \u00fat 116-118, Budapest, Magyarorsz\u00e1g<br \/>IBAN: HU66-12012204-01799099-00200000<br \/>SWIFT-k\u00f3d: UBRTHUHB<\/p>\n<p><a href=\"https:\/\/vpi.int\/en\/wp-content\/uploads\/2025\/09\/global-patent-search-services-terms-and-conditions.pdf\" target=\"_blank\" rel=\"noopener\"><span style=\"text-decoration: underline;\">VSZI Glob\u00e1lis Szabadalomkutat\u00e1si Szolg\u00e1ltat\u00e1sok \u00e1ltal\u00e1nos szerz\u0151d\u00e9si felt\u00e9teleinek let\u00f6lt\u00e9se &gt;&gt;<\/span><\/a><\/p>\n<p>&nbsp;<\/p>\n<p>[\/et_pb_text][\/et_pb_column][\/et_pb_row][\/et_pb_section][et_pb_section fb_built=&#8221;1&#8243; admin_label=&#8221;Services&#8221; _builder_version=&#8221;4.16&#8243; _module_preset=&#8221;default&#8221; custom_padding=&#8221;90px|0px|90px|0px&#8221; global_colors_info=&#8221;{}&#8221;][et_pb_row column_structure=&#8221;1_3,1_3,1_3&#8243; use_custom_gutter=&#8221;on&#8221; make_equal=&#8221;on&#8221; _builder_version=&#8221;4.17.1&#8243; _module_preset=&#8221;default&#8221; global_colors_info=&#8221;{}&#8221;][et_pb_column type=&#8221;1_3&#8243; _builder_version=&#8221;4.17.1&#8243; _module_preset=&#8221;default&#8221; global_colors_info=&#8221;{}&#8221;][et_pb_divider color=&#8221;#007576&#8243; divider_weight=&#8221;5px&#8221; _builder_version=&#8221;4.17.1&#8243; _module_preset=&#8221;default&#8221; width=&#8221;60px&#8221; module_alignment=&#8221;left&#8221; global_colors_info=&#8221;{}&#8221;][\/et_pb_divider][et_pb_text _builder_version=&#8221;4.17.1&#8243; _module_preset=&#8221;default&#8221; animation_style=&#8221;slide&#8221; animation_direction=&#8221;bottom&#8221; animation_intensity_slide=&#8221;5%&#8221; global_colors_info=&#8221;{}&#8221;]<\/p>\n<h2>A PCT-r\u0151l<\/h2>\n<p>&nbsp;<\/p>\n<p>A PCT egy olyan nemzetk\u00f6zi szerz\u0151d\u00e9s, amely lehet\u0151v\u00e9 teszi, hogy egyetlen bejelent\u00e9s beny\u00fajt\u00e1s\u00e1val egyidej\u0171leg sz\u00e1mos orsz\u00e1gban lehessen szabadalmi oltalmat ig\u00e9nyelni. A szabadalom megad\u00e1s\u00e1ra nemzeti vagy region\u00e1lis jogszab\u00e1lyok vonatkoznak.<\/p>\n<p>[\/et_pb_text][et_pb_button button_url=&#8221;https:\/\/vpi.int\/hu\/03-a-pct-rol\/&#8221; button_text=&#8221;A PCT-R\u0150L&#8221; disabled_on=&#8221;off|off|on&#8221; _builder_version=&#8221;4.17.1&#8243; _module_preset=&#8221;default&#8221; custom_button=&#8221;on&#8221; button_icon=&#8221;&#x35;||divi||400&#8243; global_colors_info=&#8221;{}&#8221;][\/et_pb_button][\/et_pb_column][et_pb_column type=&#8221;1_3&#8243; _builder_version=&#8221;4.17.1&#8243; _module_preset=&#8221;default&#8221; global_colors_info=&#8221;{}&#8221;][et_pb_divider color=&#8221;#808080&#8243; divider_weight=&#8221;5px&#8221; _builder_version=&#8221;4.17.1&#8243; _module_preset=&#8221;default&#8221; width=&#8221;60px&#8221; module_alignment=&#8221;left&#8221; global_colors_info=&#8221;{}&#8221;][\/et_pb_divider][et_pb_text _builder_version=&#8221;4.17.1&#8243; _module_preset=&#8221;default&#8221; animation_style=&#8221;slide&#8221; animation_direction=&#8221;bottom&#8221; animation_intensity_slide=&#8221;5%&#8221; global_colors_info=&#8221;{}&#8221;]<\/p>\n<h2>D\u00edjak \u00e9s visszat\u00e9r\u00edt\u00e9sek<\/h2>\n<p>&nbsp;<\/p>\n<p>T\u00f6ltse le a kutat\u00e1si d\u00edj visszat\u00e9r\u00edt\u00e9si \u0171rlapot err\u0151l az oldalr\u00f3l, ahol r\u00e9szletes utas\u00edt\u00e1sokat tal\u00e1l a beny\u00fajt\u00e1s m\u00f3dj\u00e1r\u00f3l a gyors kifizet\u00e9s \u00e9rdek\u00e9ben. A VSZI min\u0151s\u00e9gbiztos\u00edt\u00e1s\u00e1r\u00f3l \u00e9s a jogi keretekr\u0151l hivatalos dokumentumainkban olvashat.<\/p>\n<p>[\/et_pb_text][et_pb_button button_url=&#8221;https:\/\/vpi.int\/hu\/08-dijak-es-visszateritesek\/&#8221; button_text=&#8221;D\u00edjek \u00e9s visszat\u00e9r\u00edt\u00e9sek&#8221; disabled_on=&#8221;off|off|on&#8221; _builder_version=&#8221;4.17.1&#8243; _module_preset=&#8221;default&#8221; custom_button=&#8221;on&#8221; button_icon=&#8221;&#x35;||divi||400&#8243; global_colors_info=&#8221;{}&#8221;][\/et_pb_button][\/et_pb_column][et_pb_column type=&#8221;1_3&#8243; _builder_version=&#8221;4.17.1&#8243; _module_preset=&#8221;default&#8221; global_colors_info=&#8221;{}&#8221;][et_pb_divider color=&#8221;#145670&#8243; divider_weight=&#8221;5px&#8221; _builder_version=&#8221;4.17.1&#8243; _module_preset=&#8221;default&#8221; width=&#8221;60px&#8221; module_alignment=&#8221;left&#8221; global_colors_info=&#8221;{}&#8221;][\/et_pb_divider][et_pb_text _builder_version=&#8221;4.17.1&#8243; _module_preset=&#8221;default&#8221; animation_style=&#8221;slide&#8221; animation_direction=&#8221;bottom&#8221; animation_intensity_slide=&#8221;5%&#8221; global_colors_info=&#8221;{}&#8221;]<\/p>\n<h2>Tud\u00e1sk\u00f6zpont<\/h2>\n<p>&nbsp;<\/p>\n<p>A Visegr\u00e1di Szabadalmi Int\u00e9zet Tud\u00e1sk\u00f6zpontj\u00e1t azzal a c\u00e9llal hoztuk l\u00e9tre, hogy kiadv\u00e1nyok \u00e9s rendezv\u00e9nyek r\u00e9v\u00e9n megosszuk a visegr\u00e1di orsz\u00e1gok nemzetk\u00f6zi szabadalmaztat\u00e1s\u00e1val kapcsolatos kutat\u00e1sokat, statisztik\u00e1kat \u00e9s az ipar legjobb gyakorlatait.<\/p>\n<p>[\/et_pb_text][et_pb_button button_url=&#8221;https:\/\/vpi.int\/hu\/09-tudaskozpont\/&#8221; button_text=&#8221;Tud\u00e1sk\u00f6zpont&#8221; disabled_on=&#8221;off|off|on&#8221; _builder_version=&#8221;4.17.1&#8243; _module_preset=&#8221;default&#8221; custom_button=&#8221;on&#8221; button_icon=&#8221;&#x35;||divi||400&#8243; global_colors_info=&#8221;{}&#8221;][\/et_pb_button][\/et_pb_column][\/et_pb_row][et_pb_row column_structure=&#8221;1_3,1_3,1_3&#8243; _builder_version=&#8221;4.17.1&#8243; _module_preset=&#8221;default&#8221; global_colors_info=&#8221;{}&#8221;][et_pb_column type=&#8221;1_3&#8243; _builder_version=&#8221;4.17.1&#8243; _module_preset=&#8221;default&#8221; global_colors_info=&#8221;{}&#8221;][et_pb_button button_url=&#8221;https:\/\/vpi.int\/hu\/03-a-pct-rol\/&#8221; button_text=&#8221;A PCT-R\u0150L&#8221; disabled_on=&#8221;on|on|off&#8221; _builder_version=&#8221;4.17.1&#8243; _module_preset=&#8221;default&#8221; custom_button=&#8221;on&#8221; button_icon=&#8221;&#x35;||divi||400&#8243; global_colors_info=&#8221;{}&#8221;][\/et_pb_button][\/et_pb_column][et_pb_column type=&#8221;1_3&#8243; _builder_version=&#8221;4.17.1&#8243; _module_preset=&#8221;default&#8221; global_colors_info=&#8221;{}&#8221;][et_pb_button button_url=&#8221;https:\/\/vpi.int\/hu\/08-dijak-es-visszateritesek\/&#8221; button_text=&#8221;D\u00edjak \u00e9s visszat\u00e9r\u00edt\u00e9sek&#8221; disabled_on=&#8221;on|on|off&#8221; _builder_version=&#8221;4.17.1&#8243; _module_preset=&#8221;default&#8221; custom_button=&#8221;on&#8221; button_icon=&#8221;&#x35;||divi||400&#8243; global_colors_info=&#8221;{}&#8221;][\/et_pb_button][\/et_pb_column][et_pb_column type=&#8221;1_3&#8243; _builder_version=&#8221;4.17.1&#8243; _module_preset=&#8221;default&#8221; global_colors_info=&#8221;{}&#8221;][et_pb_button button_url=&#8221;https:\/\/vpi.int\/hu\/09-tudaskozpont\/&#8221; button_text=&#8221;Tud\u00e1sk\u00f6zpont&#8221; disabled_on=&#8221;on|on|off&#8221; _builder_version=&#8221;4.17.1&#8243; _module_preset=&#8221;default&#8221; custom_button=&#8221;on&#8221; button_icon=&#8221;&#x35;||divi||400&#8243; global_colors_info=&#8221;{}&#8221;][\/et_pb_button][\/et_pb_column][\/et_pb_row][\/et_pb_section][et_pb_section fb_built=&#8221;1&#8243; disabled_on=&#8221;on|on|off&#8221; _builder_version=&#8221;4.17.1&#8243; _module_preset=&#8221;default&#8221; background_color=&#8221;#145670&#8243; use_background_color_gradient=&#8221;on&#8221; background_color_gradient_direction=&#8221;70deg&#8221; background_color_gradient_stops=&#8221;rgba(0,17,30,0.78) 25%|rgba(0,117,118,0.5) 100%&#8221; background_image=&#8221;https:\/\/vpi.int\/hu\/wp-content\/uploads\/2022\/06\/VPI_citys_turquise_02_01.jpg&#8221; background_size=&#8221;initial&#8221; background_blend=&#8221;soft-light&#8221; background_enable_pattern_style=&#8221;on&#8221; background_pattern_style=&#8221;diagonal-stripes-2&#8243; background_pattern_color=&#8221;rgba(0,117,118,0.2)&#8221; custom_padding=&#8221;130px||130px||true|false&#8221; animation_style=&#8221;fade&#8221; background_last_edited=&#8221;on|phone&#8221; background_size_tablet=&#8221;contain&#8221; global_colors_info=&#8221;{}&#8221;][et_pb_row _builder_version=&#8221;4.17.1&#8243; _module_preset=&#8221;default&#8221; background_enable_color=&#8221;off&#8221; custom_padding=&#8221;30px|30px|30px|30px|true|true&#8221; border_color_all=&#8221;#007576&#8243; global_colors_info=&#8221;{}&#8221;][et_pb_column type=&#8221;4_4&#8243; _builder_version=&#8221;4.17.1&#8243; _module_preset=&#8221;default&#8221; global_colors_info=&#8221;{}&#8221;][\/et_pb_column][\/et_pb_row][\/et_pb_section][et_pb_section fb_built=&#8221;1&#8243; custom_padding_last_edited=&#8221;on|phone&#8221; disabled_on=&#8221;off|off|on&#8221; _builder_version=&#8221;4.17.1&#8243; _module_preset=&#8221;default&#8221; background_color=&#8221;#145670&#8243; use_background_color_gradient=&#8221;on&#8221; background_color_gradient_direction=&#8221;70deg&#8221; background_color_gradient_stops=&#8221;rgba(0,17,30,0.78) 25%|rgba(0,117,118,0.5) 100%&#8221; background_image=&#8221;https:\/\/vpi.int\/hu\/wp-content\/uploads\/2022\/06\/VPI_citys_turquise_02_01.jpg&#8221; background_size=&#8221;initial&#8221; background_blend=&#8221;soft-light&#8221; background_enable_pattern_style=&#8221;on&#8221; background_pattern_style=&#8221;diagonal-stripes-2&#8243; background_pattern_color=&#8221;rgba(0,117,118,0.2)&#8221; custom_padding=&#8221;130px||130px||true|false&#8221; custom_padding_tablet=&#8221;25px||25px||true|false&#8221; custom_padding_phone=&#8221;140px||140px||true|false&#8221; animation_style=&#8221;fade&#8221; background_last_edited=&#8221;on|desktop&#8221; background_image_phone=&#8221;https:\/\/vpi.int\/hu\/wp-content\/uploads\/2022\/06\/VPI_citys_mobile_01.jpg&#8221; background_enable_image_phone=&#8221;on&#8221; background_size_tablet=&#8221;contain&#8221; background_size_phone=&#8221;cover&#8221; background_image_width_phone=&#8221;0%&#8221; background_image_height_phone=&#8221;34%&#8221; global_colors_info=&#8221;{}&#8221;][et_pb_row _builder_version=&#8221;4.17.1&#8243; _module_preset=&#8221;default&#8221; background_enable_color=&#8221;off&#8221; custom_padding=&#8221;30px|30px|30px|30px|true|true&#8221; border_color_all=&#8221;#007576&#8243; global_colors_info=&#8221;{}&#8221;][et_pb_column type=&#8221;4_4&#8243; _builder_version=&#8221;4.17.1&#8243; _module_preset=&#8221;default&#8221; global_colors_info=&#8221;{}&#8221;][\/et_pb_column][\/et_pb_row][\/et_pb_section]<\/p>\n","protected":false},"excerpt":{"rendered":"<p>Jog\u00e9rv\u00e9nyess\u00e9gi kutat\u00e1sR\u00c9SZLETES KUTAT\u00c1SI EREDM\u00c9NYT KAPHAT EGY SZABADALOM \u00c9RV\u00c9NYESS\u00c9G\u00c9R\u0150L &nbsp; A jog\u00e9rv\u00e9nyess\u00e9gi kutat\u00e1s (VSS) a Visegr\u00e1di Szabadalmi Int\u00e9zet (VSZI) glob\u00e1lis szabadalomkutat\u00e1si szolg\u00e1ltat\u00e1sa, amelyet \u00e1llampolg\u00e1rs\u00e1gt\u00f3l \u00e9s sz\u00e9khelyt\u0151l f\u00fcggetlen\u00fcl b\u00e1rki k\u00e9rhet. A VSZI a jog\u00e9rv\u00e9nyess\u00e9gi kutat\u00e1st a Visegr\u00e1di Szabadalmi Int\u00e9zetr\u0151l sz\u00f3l\u00f3 meg\u00e1llapod\u00e1s alapj\u00e1n ny\u00fajtja. A jog\u00e9rv\u00e9nyess\u00e9gi kutat\u00e1s (VSS) c\u00e9lja A jog\u00e9rv\u00e9nyess\u00e9gi kutat\u00e1s (VSS) egy adott, \u00e9rv\u00e9nyben l\u00e9v\u0151 szabadalomra [&hellip;]<\/p>\n","protected":false},"author":2,"featured_media":0,"parent":0,"menu_order":0,"comment_status":"closed","ping_status":"closed","template":"","meta":{"_et_pb_use_builder":"on","_et_pb_old_content":"","_et_gb_content_width":"","footnotes":""},"class_list":["post-1586","page","type-page","status-publish","hentry"],"_links":{"self":[{"href":"https:\/\/vpi.int\/hu\/wp-json\/wp\/v2\/pages\/1586","targetHints":{"allow":["GET"]}}],"collection":[{"href":"https:\/\/vpi.int\/hu\/wp-json\/wp\/v2\/pages"}],"about":[{"href":"https:\/\/vpi.int\/hu\/wp-json\/wp\/v2\/types\/page"}],"author":[{"embeddable":true,"href":"https:\/\/vpi.int\/hu\/wp-json\/wp\/v2\/users\/2"}],"replies":[{"embeddable":true,"href":"https:\/\/vpi.int\/hu\/wp-json\/wp\/v2\/comments?post=1586"}],"version-history":[{"count":9,"href":"https:\/\/vpi.int\/hu\/wp-json\/wp\/v2\/pages\/1586\/revisions"}],"predecessor-version":[{"id":1620,"href":"https:\/\/vpi.int\/hu\/wp-json\/wp\/v2\/pages\/1586\/revisions\/1620"}],"wp:attachment":[{"href":"https:\/\/vpi.int\/hu\/wp-json\/wp\/v2\/media?parent=1586"}],"curies":[{"name":"wp","href":"https:\/\/api.w.org\/{rel}","templated":true}]}}