{"id":1398,"date":"2023-09-20T08:03:30","date_gmt":"2023-09-20T08:03:30","guid":{"rendered":"https:\/\/vpi.int\/pl\/?page_id=1398"},"modified":"2024-01-31T20:21:45","modified_gmt":"2024-01-31T20:21:45","slug":"12-poszukiwanie-typu-miedzynarodowego","status":"publish","type":"page","link":"https:\/\/vpi.int\/pl\/12-poszukiwanie-typu-miedzynarodowego\/","title":{"rendered":"Poszukiwanie typu mi\u0119dzynarodowego"},"content":{"rendered":"<p>[et_pb_section fb_built=&#8221;1&#8243; _builder_version=&#8221;4.17.1&#8243; _module_preset=&#8221;default&#8221; background_enable_color=&#8221;off&#8221; use_background_color_gradient=&#8221;on&#8221; background_color_gradient_direction=&#8221;70deg&#8221; background_color_gradient_stops=&#8221;#001a44 0%|rgba(0,168,170,0.55) 99%&#8221; background_enable_image=&#8221;off&#8221; background_blend=&#8221;soft-light&#8221; background_enable_pattern_style=&#8221;on&#8221; background_pattern_style=&#8221;diagonal-stripes-2&#8243; background_pattern_color=&#8221;rgba(0,117,118,0.17)&#8221; custom_padding=&#8221;120px||0px||false|false&#8221; animation_style=&#8221;slide&#8221; animation_direction=&#8221;bottom&#8221; animation_intensity_slide=&#8221;5%&#8221; global_colors_info=&#8221;{}&#8221;][et_pb_row _builder_version=&#8221;4.17.1&#8243; _module_preset=&#8221;default&#8221; background_enable_color=&#8221;off&#8221; custom_padding=&#8221;0px|30px|0px|30px|true|true&#8221; border_color_all=&#8221;#007576&#8243; global_colors_info=&#8221;{}&#8221;][et_pb_column type=&#8221;4_4&#8243; _builder_version=&#8221;4.17.1&#8243; _module_preset=&#8221;default&#8221; global_colors_info=&#8221;{}&#8221;][et_pb_text _builder_version=&#8221;4.17.1&#8243; _module_preset=&#8221;default&#8221; text_font=&#8221;Barlow|300||on|||||&#8221; text_text_color=&#8221;#FFFFFF&#8221; text_font_size=&#8221;22px&#8221; text_letter_spacing=&#8221;5px&#8221; text_line_height=&#8221;1.5em&#8221; header_text_color=&#8221;#FFFFFF&#8221; header_2_font=&#8221;Barlow|600||on|||||&#8221; header_2_text_color=&#8221;#FFFFFF&#8221; header_2_font_size=&#8221;40px&#8221; header_2_letter_spacing=&#8221;5px&#8221; header_2_line_height=&#8221;1.1em&#8221; width=&#8221;100%&#8221; header_2_font_size_tablet=&#8221;40px&#8221; header_2_font_size_phone=&#8221;20px&#8221; header_2_font_size_last_edited=&#8221;on|phone&#8221; global_colors_info=&#8221;{}&#8221;]<\/p>\n<h2>POSZUKIWANIE TYPU MI\u0118DZYNARODOWEGO<\/h2>\n<p>[\/et_pb_text][et_pb_blurb url=&#8221;#Services&#8221; use_icon=&#8221;on&#8221; icon_color=&#8221;#ffffff&#8221; image_icon_width=&#8221;30px&#8221; _builder_version=&#8221;4.17.1&#8243; _module_preset=&#8221;default&#8221; custom_margin=&#8221;||0px||false|false&#8221; custom_padding=&#8221;||0px||false|false&#8221; global_colors_info=&#8221;{}&#8221;][\/et_pb_blurb][\/et_pb_column][\/et_pb_row][et_pb_row _builder_version=&#8221;4.17.1&#8243; _module_preset=&#8221;default&#8221; global_colors_info=&#8221;{}&#8221;][et_pb_column type=&#8221;4_4&#8243; _builder_version=&#8221;4.17.1&#8243; _module_preset=&#8221;default&#8221; global_colors_info=&#8221;{}&#8221;][et_pb_blurb url=&#8221;#Services&#8221; use_icon=&#8221;on&#8221; font_icon=&#8221;&#x33;||divi||400&#8243; icon_color=&#8221;#ffffff&#8221; image_icon_width=&#8221;30px&#8221; _builder_version=&#8221;4.17.1&#8243; _module_preset=&#8221;default&#8221; custom_margin=&#8221;||0px||false|false&#8221; custom_padding=&#8221;||0px||false|false&#8221; global_colors_info=&#8221;{}&#8221;][\/et_pb_blurb][\/et_pb_column][\/et_pb_row][\/et_pb_section][et_pb_section fb_built=&#8221;1&#8243; admin_label=&#8221;Services&#8221; module_id=&#8221;Services&#8221; _builder_version=&#8221;4.17.1&#8243; _module_preset=&#8221;default&#8221; custom_padding=&#8221;90px|0px|50px|0px||&#8221; global_colors_info=&#8221;{}&#8221;][et_pb_row _builder_version=&#8221;4.17.1&#8243; _module_preset=&#8221;default&#8221; global_colors_info=&#8221;{}&#8221;][et_pb_column type=&#8221;4_4&#8243; _builder_version=&#8221;4.17.1&#8243; _module_preset=&#8221;default&#8221; global_colors_info=&#8221;{}&#8221;][et_pb_divider color=&#8221;#007576&#8243; divider_weight=&#8221;5px&#8221; _builder_version=&#8221;4.17.1&#8243; _module_preset=&#8221;default&#8221; width=&#8221;60px&#8221; module_alignment=&#8221;left&#8221; global_colors_info=&#8221;{}&#8221;][\/et_pb_divider][et_pb_text _builder_version=&#8221;4.17.1&#8243; _module_preset=&#8221;default&#8221; header_2_line_height=&#8221;1.3em&#8221; animation_style=&#8221;slide&#8221; animation_direction=&#8221;left&#8221; animation_intensity_slide=&#8221;5%&#8221; global_colors_info=&#8221;{}&#8221;]<\/p>\n<h2>POZNAJ STAN TECHNIKI W KRAJOWEJ PROCEDURZE PATENTOWEJ<\/h2>\n<p>&nbsp;<\/p>\n<p>Poszukiwanie typu mi\u0119dzynarodowego (ITS) przeprowadzane jest przez Mi\u0119dzynarodowy Organ Poszukiwa\u0144 (ISA) w odniesieniu do krajowego zg\u0142oszenia patentowego sk\u0142adanego w urz\u0119dzie krajowym, w celu znalezienia najbli\u017cszego stanu techniki dotycz\u0105cego zg\u0142oszenia w oparciu o PCT.<\/p>\n<p><strong>Cel ITS<\/strong><\/p>\n<p>Celem ITS jest poznanie stanu techniki, kt\u00f3ry jest istotny dla ustalenia, czy, a je\u015bli tak, to w jakim stopniu wynalazek, kt\u00f3rego dotyczy krajowe zg\u0142oszenie patentowe, jest lub nie jest nowy oraz czy posiada poziom wynalazczy. Na tej podstawie ISA sporz\u0105dza albo raport z poszukiwania typu mi\u0119dzynarodowego (ITSR), albo o\u015bwiadczenie o niesporz\u0105dzaniu takiego raportu. Do raportu z poszukiwa\u0144 typu mi\u0119dzynarodowego nie sporz\u0105dza si\u0119 pisemnej opinii.<\/p>\n<p><strong>Procedura<\/strong><\/p>\n<p>Wnioski o poszukiwania typu mi\u0119dzynarodowego mo\u017cna sk\u0142ada\u0107 w krajowym urz\u0119dzie patentowym, w kt\u00f3rym odpowiednie krajowe prawo patentowe przewiduje mo\u017cliwo\u015b\u0107 wnioskowania o takie poszukiwanie. Obecnie sk\u0142adanie wniosk\u00f3w o ITS jest mo\u017cliwe w nast\u0119puj\u0105cych Urz\u0119dach Krajowych Umawiaj\u0105cych si\u0119 Pa\u0144stw WIP w oparciu o odpowiednie krajowe przepisy patentowe:<\/p>\n<p>W\u0119gierski Urz\u0105d ds. W\u0142asno\u015bci Intelektualnej,<br \/>Urz\u0105d Patentowy RP, oraz<br \/>Urz\u0105d W\u0142asno\u015bci Przemys\u0142owej Republiki S\u0142owackiej.<\/p>\n<p>Wnioski o ITS nale\u017cy z\u0142o\u017cy\u0107 bezpo\u015brednio w Urz\u0119dzie Krajowym, w kt\u00f3rym wniesiono krajowe zg\u0142oszenie patentowe.<br \/>Poszukiwanie typu mi\u0119dzynarodowego przeprowadza si\u0119 w oparciu o Wytyczne dotycz\u0105ce mi\u0119dzynarodowych poszukiwa\u0144 i bada\u0144 wst\u0119pnych w ramach PCT.<\/p>\n<p><a href=\"https:\/\/vpi.int\/pl\/wp-content\/uploads\/2024\/01\/its-request-form-pl.pdf\" target=\"_blank\" rel=\"noopener\" title=\"Formularz wniosku poszukiwanie typu mi\u0119dzynarodowego\"><span style=\"text-decoration: underline;\"><span style=\"color: #002633; text-decoration: underline;\">Pobierz formularz wniosku o ITS<\/span><\/span><\/a><span style=\"color: #002633;\"><a href=\"https:\/\/vpi.int\/pl\/wp-content\/uploads\/2024\/01\/its-request-form-pl.pdf\" target=\"_blank\" rel=\"noopener\" title=\"Formularz wniosku poszukiwanie typu mi\u0119dzynarodowego\"><span style=\"text-decoration: underline;\"> &gt;&gt;<\/span><\/a><br \/><\/span><\/p>\n<p><strong>Terminy i dor\u0119czanie<\/strong><\/p>\n<p>Wyszehradzki Instytut Patentowy WIP wykona ITS w przeci\u0105gu trzech miesi\u0119cy od daty wp\u0142yni\u0119cia formularza wniosku i op\u0142aty za us\u0142ug\u0119 do WIP.<br \/>Je\u017celi wniosek b\u0119d\u0105cy przedmiotem ITS obejmuje wi\u0119cej ni\u017c jeden wynalazek (a zg\u0142oszenie krajowe uznaje si\u0119 za niejednolite), w raporcie z poszukiwania typu mi\u0119dzynarodowego (ITSR) nie umieszcza si\u0119 uzasadnionego stwierdzenia o braku jedno\u015bci. Ponadto nie wydaje si\u0119 wezwania do uiszczenia dodatkowych op\u0142at, ale zg\u0142aszaj\u0105cy mo\u017ce mie\u0107 mo\u017cliwo\u015b\u0107 uiszczenia tych op\u0142at bezpo\u015brednio w urz\u0119dzie krajowym, gdzie procedowane jest krajowe zg\u0142oszenie patentowe, w zwi\u0105zku z kt\u00f3rym z\u0142o\u017cono wniosek o ITS.<\/p>\n<p><strong>Op\u0142ata<\/strong><\/p>\n<p>Op\u0142aty za ITS nale\u017cy wnosi\u0107 bezpo\u015brednio do Wyszehradzkiego Instytutu Patentowego. Obowi\u0105zuj\u0105ce stawki op\u0142at s\u0105 okre\u015blone w tabeli op\u0142at WIP.<\/p>\n<p>[\/et_pb_text][\/et_pb_column][\/et_pb_row][\/et_pb_section][et_pb_section fb_built=&#8221;1&#8243; admin_label=&#8221;Services&#8221; _builder_version=&#8221;4.16&#8243; _module_preset=&#8221;default&#8221; custom_padding=&#8221;90px|0px|90px|0px&#8221; global_colors_info=&#8221;{}&#8221; theme_builder_area=&#8221;post_content&#8221;][et_pb_row column_structure=&#8221;1_3,1_3,1_3&#8243; use_custom_gutter=&#8221;on&#8221; make_equal=&#8221;on&#8221; _builder_version=&#8221;4.17.1&#8243; _module_preset=&#8221;default&#8221; global_colors_info=&#8221;{}&#8221; theme_builder_area=&#8221;post_content&#8221;][et_pb_column type=&#8221;1_3&#8243; _builder_version=&#8221;4.17.1&#8243; _module_preset=&#8221;default&#8221; global_colors_info=&#8221;{}&#8221; theme_builder_area=&#8221;post_content&#8221;][et_pb_divider color=&#8221;#007576&#8243; divider_weight=&#8221;5px&#8221; _builder_version=&#8221;4.17.1&#8243; _module_preset=&#8221;default&#8221; width=&#8221;60px&#8221; module_alignment=&#8221;left&#8221; global_colors_info=&#8221;{}&#8221; theme_builder_area=&#8221;post_content&#8221;][\/et_pb_divider][et_pb_text _builder_version=&#8221;4.17.1&#8243; _module_preset=&#8221;default&#8221; animation_style=&#8221;slide&#8221; animation_direction=&#8221;bottom&#8221; animation_intensity_slide=&#8221;5%&#8221; global_colors_info=&#8221;{}&#8221; theme_builder_area=&#8221;post_content&#8221;]<\/p>\n<h2>O PCT<\/h2>\n<p>&nbsp;<\/p>\n<p>PCT jest umow\u0105 mi\u0119dzynarodow\u0105, kt\u00f3ra umo\u017cliwia jednoczesne ubieganie si\u0119 o ochron\u0119 patentow\u0105 w wielu krajach poprzez wniesienie jednego zg\u0142oszenia. Udzielenie patentu podlega przepisom krajowym lub regionalnym.<\/p>\n<p>[\/et_pb_text][et_pb_button button_url=&#8221;https:\/\/vpi.int\/pl\/03-o-pct\/&#8221; button_text=&#8221;Wi\u0119cej o PCT&#8221; disabled_on=&#8221;off|off|on&#8221; _builder_version=&#8221;4.17.1&#8243; _module_preset=&#8221;default&#8221; custom_button=&#8221;on&#8221; button_icon=&#8221;&#x35;||divi||400&#8243; global_colors_info=&#8221;{}&#8221; theme_builder_area=&#8221;post_content&#8221;][\/et_pb_button][\/et_pb_column][et_pb_column type=&#8221;1_3&#8243; _builder_version=&#8221;4.17.1&#8243; _module_preset=&#8221;default&#8221; global_colors_info=&#8221;{}&#8221; theme_builder_area=&#8221;post_content&#8221;][et_pb_divider color=&#8221;#808080&#8243; divider_weight=&#8221;5px&#8221; _builder_version=&#8221;4.17.1&#8243; _module_preset=&#8221;default&#8221; width=&#8221;60px&#8221; module_alignment=&#8221;left&#8221; global_colors_info=&#8221;{}&#8221; theme_builder_area=&#8221;post_content&#8221;][\/et_pb_divider][et_pb_text _builder_version=&#8221;4.17.1&#8243; _module_preset=&#8221;default&#8221; animation_style=&#8221;slide&#8221; animation_direction=&#8221;bottom&#8221; animation_intensity_slide=&#8221;5%&#8221; global_colors_info=&#8221;{}&#8221; theme_builder_area=&#8221;post_content&#8221;]<\/p>\n<h2>Op\u0142aty i zwroty<\/h2>\n<p>&nbsp;<\/p>\n<p>Pobierz formularz zwrotu op\u0142aty za poszukiwanie z tej strony i znajd\u017a szczeg\u00f3\u0142owe instrukcje, jak przes\u0142a\u0107 go w celu szybkiej p\u0142atno\u015bci. Przeczytaj o zapewnieniu jako\u015bci oraz ramach prawnych funkcjonowania WIP w naszych oficjalnych dokumentach.<\/p>\n<p>[\/et_pb_text][et_pb_button button_url=&#8221;https:\/\/vpi.int\/pl\/08-oplaty-i-zwroty\/&#8221; button_text=&#8221;Stron\u0119 Op\u0142aty i zwroty&#8221; disabled_on=&#8221;off|off|on&#8221; _builder_version=&#8221;4.17.1&#8243; _module_preset=&#8221;default&#8221; custom_button=&#8221;on&#8221; button_icon=&#8221;&#x35;||divi||400&#8243; global_colors_info=&#8221;{}&#8221; theme_builder_area=&#8221;post_content&#8221;][\/et_pb_button][\/et_pb_column][et_pb_column type=&#8221;1_3&#8243; _builder_version=&#8221;4.17.1&#8243; _module_preset=&#8221;default&#8221; global_colors_info=&#8221;{}&#8221; theme_builder_area=&#8221;post_content&#8221;][et_pb_divider color=&#8221;#145670&#8243; divider_weight=&#8221;5px&#8221; _builder_version=&#8221;4.17.1&#8243; _module_preset=&#8221;default&#8221; width=&#8221;60px&#8221; module_alignment=&#8221;left&#8221; global_colors_info=&#8221;{}&#8221; theme_builder_area=&#8221;post_content&#8221;][\/et_pb_divider][et_pb_text _builder_version=&#8221;4.17.1&#8243; _module_preset=&#8221;default&#8221; animation_style=&#8221;slide&#8221; animation_direction=&#8221;bottom&#8221; animation_intensity_slide=&#8221;5%&#8221; global_colors_info=&#8221;{}&#8221; theme_builder_area=&#8221;post_content&#8221;]<\/p>\n<h2>Centrum wiedzy<\/h2>\n<p>&nbsp;<\/p>\n<p>Centrum wiedzy Wyszehradzkiego Instytutu Patentowego zosta\u0142o utworzone w celu dzielenia si\u0119 badaniami, statystykami, najlepszymi praktykami przemys\u0142owymi i informacjami por\u00f3wnawczymi na temat mi\u0119dzynarodowych patent\u00f3w w krajach Grupy Wyszehradzkiej poprzez publikacje i wydarzenia.<\/p>\n<p>[\/et_pb_text][et_pb_button button_url=&#8221;https:\/\/vpi.int\/pl\/09-centrum-wiedzy\/&#8221; button_text=&#8221;Odwied\u017a Centrum wiedzy&#8221; disabled_on=&#8221;off|off|on&#8221; _builder_version=&#8221;4.17.1&#8243; _module_preset=&#8221;default&#8221; custom_button=&#8221;on&#8221; button_icon=&#8221;&#x35;||divi||400&#8243; global_colors_info=&#8221;{}&#8221; theme_builder_area=&#8221;post_content&#8221;][\/et_pb_button][\/et_pb_column][\/et_pb_row][et_pb_row column_structure=&#8221;1_3,1_3,1_3&#8243; _builder_version=&#8221;4.17.1&#8243; _module_preset=&#8221;default&#8221; global_colors_info=&#8221;{}&#8221; theme_builder_area=&#8221;post_content&#8221;][et_pb_column type=&#8221;1_3&#8243; _builder_version=&#8221;4.17.1&#8243; _module_preset=&#8221;default&#8221; global_colors_info=&#8221;{}&#8221; theme_builder_area=&#8221;post_content&#8221;][et_pb_button button_url=&#8221;https:\/\/vpi.int\/pl\/03-o-pct\/&#8221; button_text=&#8221;Wi\u0119cej o PCT&#8221; disabled_on=&#8221;on|on|off&#8221; _builder_version=&#8221;4.17.1&#8243; _module_preset=&#8221;default&#8221; custom_button=&#8221;on&#8221; button_icon=&#8221;&#x35;||divi||400&#8243; global_colors_info=&#8221;{}&#8221; theme_builder_area=&#8221;post_content&#8221;][\/et_pb_button][\/et_pb_column][et_pb_column type=&#8221;1_3&#8243; _builder_version=&#8221;4.17.1&#8243; _module_preset=&#8221;default&#8221; global_colors_info=&#8221;{}&#8221; theme_builder_area=&#8221;post_content&#8221;][et_pb_button button_url=&#8221;https:\/\/vpi.int\/pl\/08-oplaty-i-zwroty\/&#8221; button_text=&#8221;Stron\u0119 Op\u0142aty i zwroty&#8221; disabled_on=&#8221;on|on|off&#8221; _builder_version=&#8221;4.17.1&#8243; _module_preset=&#8221;default&#8221; custom_button=&#8221;on&#8221; button_icon=&#8221;&#x35;||divi||400&#8243; global_colors_info=&#8221;{}&#8221; theme_builder_area=&#8221;post_content&#8221;][\/et_pb_button][\/et_pb_column][et_pb_column type=&#8221;1_3&#8243; _builder_version=&#8221;4.17.1&#8243; _module_preset=&#8221;default&#8221; global_colors_info=&#8221;{}&#8221; theme_builder_area=&#8221;post_content&#8221;][et_pb_button button_url=&#8221;https:\/\/vpi.int\/pl\/09-centrum-wiedzy\/&#8221; button_text=&#8221;Odwied\u017a Centrum wiedzy&#8221; disabled_on=&#8221;on|on|off&#8221; _builder_version=&#8221;4.17.1&#8243; _module_preset=&#8221;default&#8221; custom_button=&#8221;on&#8221; button_icon=&#8221;&#x35;||divi||400&#8243; global_colors_info=&#8221;{}&#8221; theme_builder_area=&#8221;post_content&#8221;][\/et_pb_button][\/et_pb_column][\/et_pb_row][\/et_pb_section][et_pb_section fb_built=&#8221;1&#8243; disabled_on=&#8221;on|on|off&#8221; _builder_version=&#8221;4.17.1&#8243; _module_preset=&#8221;default&#8221; background_color=&#8221;#145670&#8243; use_background_color_gradient=&#8221;on&#8221; background_color_gradient_direction=&#8221;70deg&#8221; background_color_gradient_stops=&#8221;rgba(0,17,30,0.78) 25%|rgba(0,117,118,0.5) 100%&#8221; background_image=&#8221;https:\/\/vpi.int\/pl\/wp-content\/uploads\/2022\/06\/VPI_citys_turquise_02_01.jpg&#8221; background_size=&#8221;initial&#8221; background_blend=&#8221;soft-light&#8221; background_enable_pattern_style=&#8221;on&#8221; background_pattern_style=&#8221;diagonal-stripes-2&#8243; background_pattern_color=&#8221;rgba(0,117,118,0.2)&#8221; custom_padding=&#8221;130px||130px||true|false&#8221; animation_style=&#8221;fade&#8221; background_last_edited=&#8221;on|phone&#8221; background_size_tablet=&#8221;contain&#8221; global_colors_info=&#8221;{}&#8221;][et_pb_row _builder_version=&#8221;4.17.1&#8243; _module_preset=&#8221;default&#8221; background_enable_color=&#8221;off&#8221; custom_padding=&#8221;30px|30px|30px|30px|true|true&#8221; border_color_all=&#8221;#007576&#8243; global_colors_info=&#8221;{}&#8221;][et_pb_column type=&#8221;4_4&#8243; _builder_version=&#8221;4.17.1&#8243; _module_preset=&#8221;default&#8221; global_colors_info=&#8221;{}&#8221;][\/et_pb_column][\/et_pb_row][\/et_pb_section][et_pb_section fb_built=&#8221;1&#8243; custom_padding_last_edited=&#8221;on|phone&#8221; disabled_on=&#8221;off|off|on&#8221; _builder_version=&#8221;4.17.1&#8243; _module_preset=&#8221;default&#8221; background_color=&#8221;#145670&#8243; use_background_color_gradient=&#8221;on&#8221; background_color_gradient_direction=&#8221;70deg&#8221; background_color_gradient_stops=&#8221;rgba(0,17,30,0.78) 25%|rgba(0,117,118,0.5) 100%&#8221; background_image=&#8221;https:\/\/vpi.int\/pl\/wp-content\/uploads\/2022\/06\/VPI_citys_turquise_02_01.jpg&#8221; background_size=&#8221;initial&#8221; background_blend=&#8221;soft-light&#8221; background_enable_pattern_style=&#8221;on&#8221; background_pattern_style=&#8221;diagonal-stripes-2&#8243; background_pattern_color=&#8221;rgba(0,117,118,0.2)&#8221; custom_padding=&#8221;130px||130px||true|false&#8221; custom_padding_tablet=&#8221;25px||25px||true|false&#8221; custom_padding_phone=&#8221;140px||140px||true|false&#8221; animation_style=&#8221;fade&#8221; background_last_edited=&#8221;on|desktop&#8221; background_image_phone=&#8221;https:\/\/vpi.int\/pl\/wp-content\/uploads\/2022\/06\/VPI_citys_mobile_01.jpg&#8221; background_enable_image_phone=&#8221;on&#8221; background_size_tablet=&#8221;contain&#8221; background_size_phone=&#8221;cover&#8221; background_image_width_phone=&#8221;0%&#8221; background_image_height_phone=&#8221;34%&#8221; global_colors_info=&#8221;{}&#8221;][et_pb_row _builder_version=&#8221;4.17.1&#8243; _module_preset=&#8221;default&#8221; background_enable_color=&#8221;off&#8221; custom_padding=&#8221;30px|30px|30px|30px|true|true&#8221; border_color_all=&#8221;#007576&#8243; global_colors_info=&#8221;{}&#8221;][et_pb_column type=&#8221;4_4&#8243; _builder_version=&#8221;4.17.1&#8243; _module_preset=&#8221;default&#8221; global_colors_info=&#8221;{}&#8221;][\/et_pb_column][\/et_pb_row][\/et_pb_section]<\/p>\n","protected":false},"excerpt":{"rendered":"<p>POSZUKIWANIE TYPU MI\u0118DZYNARODOWEGOPOZNAJ STAN TECHNIKI W KRAJOWEJ PROCEDURZE PATENTOWEJ &nbsp; Poszukiwanie typu mi\u0119dzynarodowego (ITS) przeprowadzane jest przez Mi\u0119dzynarodowy Organ Poszukiwa\u0144 (ISA) w odniesieniu do krajowego zg\u0142oszenia patentowego sk\u0142adanego w urz\u0119dzie krajowym, w celu znalezienia najbli\u017cszego stanu techniki dotycz\u0105cego zg\u0142oszenia w oparciu o PCT. Cel ITS Celem ITS jest poznanie stanu techniki, kt\u00f3ry jest istotny dla [&hellip;]<\/p>\n","protected":false},"author":2,"featured_media":0,"parent":0,"menu_order":0,"comment_status":"closed","ping_status":"closed","template":"","meta":{"_et_pb_use_builder":"on","_et_pb_old_content":"","_et_gb_content_width":"","footnotes":""},"class_list":["post-1398","page","type-page","status-publish","hentry"],"_links":{"self":[{"href":"https:\/\/vpi.int\/pl\/wp-json\/wp\/v2\/pages\/1398","targetHints":{"allow":["GET"]}}],"collection":[{"href":"https:\/\/vpi.int\/pl\/wp-json\/wp\/v2\/pages"}],"about":[{"href":"https:\/\/vpi.int\/pl\/wp-json\/wp\/v2\/types\/page"}],"author":[{"embeddable":true,"href":"https:\/\/vpi.int\/pl\/wp-json\/wp\/v2\/users\/2"}],"replies":[{"embeddable":true,"href":"https:\/\/vpi.int\/pl\/wp-json\/wp\/v2\/comments?post=1398"}],"version-history":[{"count":8,"href":"https:\/\/vpi.int\/pl\/wp-json\/wp\/v2\/pages\/1398\/revisions"}],"predecessor-version":[{"id":1499,"href":"https:\/\/vpi.int\/pl\/wp-json\/wp\/v2\/pages\/1398\/revisions\/1499"}],"wp:attachment":[{"href":"https:\/\/vpi.int\/pl\/wp-json\/wp\/v2\/media?parent=1398"}],"curies":[{"name":"wp","href":"https:\/\/api.w.org\/{rel}","templated":true}]}}