{"id":1404,"date":"2023-09-20T08:17:24","date_gmt":"2023-09-20T08:17:24","guid":{"rendered":"https:\/\/vpi.int\/pl\/?page_id=1404"},"modified":"2025-10-01T04:17:10","modified_gmt":"2025-10-01T04:17:10","slug":"13-usluga-poszukiwania-nowosci","status":"publish","type":"page","link":"https:\/\/vpi.int\/pl\/13-usluga-poszukiwania-nowosci\/","title":{"rendered":"Us\u0142uga poszukiwania nowo\u015bci"},"content":{"rendered":"<p>[et_pb_section fb_built=&#8221;1&#8243; _builder_version=&#8221;4.17.1&#8243; _module_preset=&#8221;default&#8221; background_enable_color=&#8221;off&#8221; use_background_color_gradient=&#8221;on&#8221; background_color_gradient_direction=&#8221;70deg&#8221; background_color_gradient_stops=&#8221;#001a44 0%|rgba(0,168,170,0.55) 99%&#8221; background_enable_image=&#8221;off&#8221; background_blend=&#8221;soft-light&#8221; background_enable_pattern_style=&#8221;on&#8221; background_pattern_style=&#8221;diagonal-stripes-2&#8243; background_pattern_color=&#8221;rgba(0,117,118,0.17)&#8221; custom_padding=&#8221;120px||0px||false|false&#8221; animation_style=&#8221;slide&#8221; animation_direction=&#8221;bottom&#8221; animation_intensity_slide=&#8221;5%&#8221; global_colors_info=&#8221;{}&#8221;][et_pb_row _builder_version=&#8221;4.17.1&#8243; _module_preset=&#8221;default&#8221; background_enable_color=&#8221;off&#8221; custom_padding=&#8221;0px|30px|0px|30px|true|true&#8221; border_color_all=&#8221;#007576&#8243; global_colors_info=&#8221;{}&#8221;][et_pb_column type=&#8221;4_4&#8243; _builder_version=&#8221;4.17.1&#8243; _module_preset=&#8221;default&#8221; global_colors_info=&#8221;{}&#8221;][et_pb_text _builder_version=&#8221;4.17.1&#8243; _module_preset=&#8221;default&#8221; text_font=&#8221;Barlow|300||on|||||&#8221; text_text_color=&#8221;#FFFFFF&#8221; text_font_size=&#8221;22px&#8221; text_letter_spacing=&#8221;5px&#8221; text_line_height=&#8221;1.5em&#8221; header_text_color=&#8221;#FFFFFF&#8221; header_2_font=&#8221;Barlow|600||on|||||&#8221; header_2_text_color=&#8221;#FFFFFF&#8221; header_2_font_size=&#8221;40px&#8221; header_2_letter_spacing=&#8221;5px&#8221; header_2_line_height=&#8221;1.1em&#8221; width=&#8221;100%&#8221; header_2_font_size_tablet=&#8221;40px&#8221; header_2_font_size_phone=&#8221;20px&#8221; header_2_font_size_last_edited=&#8221;on|phone&#8221; global_colors_info=&#8221;{}&#8221;]<\/p>\n<h2>US\u0141UGA POSZUKIWANIA NOWO\u015aCI<\/h2>\n<p>[\/et_pb_text][et_pb_blurb url=&#8221;#Services&#8221; use_icon=&#8221;on&#8221; icon_color=&#8221;#ffffff&#8221; image_icon_width=&#8221;30px&#8221; _builder_version=&#8221;4.17.1&#8243; _module_preset=&#8221;default&#8221; custom_margin=&#8221;||0px||false|false&#8221; custom_padding=&#8221;||0px||false|false&#8221; global_colors_info=&#8221;{}&#8221;][\/et_pb_blurb][\/et_pb_column][\/et_pb_row][et_pb_row _builder_version=&#8221;4.17.1&#8243; _module_preset=&#8221;default&#8221; global_colors_info=&#8221;{}&#8221;][et_pb_column type=&#8221;4_4&#8243; _builder_version=&#8221;4.17.1&#8243; _module_preset=&#8221;default&#8221; global_colors_info=&#8221;{}&#8221;][et_pb_blurb url=&#8221;#Services&#8221; use_icon=&#8221;on&#8221; font_icon=&#8221;&#x33;||divi||400&#8243; icon_color=&#8221;#ffffff&#8221; image_icon_width=&#8221;30px&#8221; _builder_version=&#8221;4.17.1&#8243; _module_preset=&#8221;default&#8221; custom_margin=&#8221;||0px||false|false&#8221; custom_padding=&#8221;||0px||false|false&#8221; global_colors_info=&#8221;{}&#8221;][\/et_pb_blurb][\/et_pb_column][\/et_pb_row][\/et_pb_section][et_pb_section fb_built=&#8221;1&#8243; admin_label=&#8221;Services&#8221; module_id=&#8221;Services&#8221; _builder_version=&#8221;4.17.1&#8243; _module_preset=&#8221;default&#8221; custom_padding=&#8221;90px|0px|50px|0px||&#8221; global_colors_info=&#8221;{}&#8221;][et_pb_row _builder_version=&#8221;4.17.1&#8243; _module_preset=&#8221;default&#8221; global_colors_info=&#8221;{}&#8221;][et_pb_column type=&#8221;4_4&#8243; _builder_version=&#8221;4.17.1&#8243; _module_preset=&#8221;default&#8221; global_colors_info=&#8221;{}&#8221;][et_pb_divider color=&#8221;#007576&#8243; divider_weight=&#8221;5px&#8221; _builder_version=&#8221;4.17.1&#8243; _module_preset=&#8221;default&#8221; width=&#8221;60px&#8221; module_alignment=&#8221;left&#8221; global_colors_info=&#8221;{}&#8221;][\/et_pb_divider][et_pb_text _builder_version=&#8221;4.17.1&#8243; _module_preset=&#8221;default&#8221; header_2_line_height=&#8221;1.3em&#8221; animation_style=&#8221;slide&#8221; animation_direction=&#8221;left&#8221; animation_intensity_slide=&#8221;5%&#8221; hover_enabled=&#8221;0&#8243; global_colors_info=&#8221;{}&#8221; sticky_enabled=&#8221;0&#8243;]<\/p>\n<h2>POZNAJ STAN TECHNIKI DOTYCZ\u0104CY WYNALAZKU LUB ROZWI\u0104ZANIA TECHNICZNEGO<\/h2>\n<p>&nbsp;<\/p>\n<p>Us\u0142uga Badania Nowo\u015bci (NSS) \u015bwiadczona przez Wyszehradzki Instytut Patentowy (WIP) realizowana jest w ramach Porozumienia o WIP. NSS to us\u0142uga globalnego badania zg\u0142osze\u0144 patentowych WIP, o kt\u00f3r\u0105 mo\u017ce wyst\u0105pi\u0107 ka\u017cdy zainteresowany, niezale\u017cnie od narodowo\u015bci.<\/p>\n<p><strong>Cel us\u0142ugi badania nowo\u015bci (NSS)<\/strong><\/p>\n<p>Us\u0142uga NSS udost\u0119pnia informacje o stanie techniki\/aktualnym stanie wiedzy dla danego wynalazku\/rozwi\u0105zania technicznego. NSS identyfikuje dokumenty patentowe i inne publikacje, kt\u00f3re mo\u017cna uwzgl\u0119dni\u0107 przy ocenie wymaga\u0144 dotycz\u0105cych nowo\u015bci i poziomu wynalazczego opisywanego wynalazku.<\/p>\n<p>NSS mo\u017ce by\u0107 przydatna w wielu sytuacjach, takich jak przygotowanie zg\u0142oszenia patentowego, w sytuacji egzekwowania praw wy\u0142\u0105cznych, negocjacji z inwestorami, korzystania z patentu (licencjonowanie, sprzeda\u017c, rozpocz\u0119cie produkcji, inwestowanie w dzia\u0142alno\u015b\u0107 importow\u0105 lub eksportow\u0105 itp.) lub identyfikacji mo\u017cliwych kierunk\u00f3w bada\u0144 i rozwoju.<\/p>\n<p><strong>Procedura<\/strong><\/p>\n<p>Nie ma wymaga\u0144 formalnych dotycz\u0105cych opisu wynalazku lub rozwi\u0105zania technicznego. Aby jednak jak najlepiej skorzysta\u0107 z us\u0142ugi, wskazane jest udost\u0119pnienie informacji o przedmiocie podobnie szczeg\u00f3\u0142owo jak w przypadku zg\u0142oszenia patentowego.<\/p>\n<p>Us\u0142uga NSS realizowana jest z u\u017cyciem bazach danych literatury patentowej i niepatentowej, obejmuj\u0105cych Minimaln\u0105 Dokumentacj\u0119 wg Uk\u0142adu o Wsp\u00f3\u0142pracy Patentowej (PCT).<\/p>\n<p>NSS jest dost\u0119pna w j\u0119zyku angielskim. W zwi\u0105zku z tym Formularz wniosku o NSS nale\u017cy z\u0142o\u017cy\u0107 w j\u0119zyku angielskim, wszystkie pozosta\u0142e dokumenty nale\u017cy tak\u017ce z\u0142o\u017cy\u0107 w j\u0119zyku angielskim. Raport z badania nowo\u015bci (NSR) wydawany jest w j\u0119zyku angielskim.<\/p>\n<p>Wnioski o NSS nale\u017cy sk\u0142ada\u0107 poprzez wype\u0142nienie Formularza o Globalne us\u0142ugi patentowe. Formularz nale\u017cy przes\u0142a\u0107 poczt\u0105 lub poczt\u0105 elektroniczn\u0105 bezpo\u015brednio wybranego przez klienta do Sekretariatu WIP.<\/p>\n<p>Dane kontaktowe:<br \/>Wyszehradzki instytut Patentowy<br \/>Adres pocztowy: II. J\u00e1nos P\u00e1l p\u00e1pa t\u00e9r 7,H-1081 Budapest, Hungary<br \/>Adres email : secretariat@vpi.int<\/p>\n<p><a href=\"https:\/\/vpi.int\/en\/wp-content\/uploads\/2025\/09\/global-patent-search-services-order-form.pdf\" target=\"_blank\" rel=\"noopener\"><span style=\"text-decoration: underline;\"><span style=\"color: #002633; text-decoration: underline;\">Pobierz Formularz wniosku o Globalne us\u0142ugi patentowe &gt;&gt;<\/span><\/span><\/a><\/p>\n<p><strong>Terminy i dor\u0119czanie<\/strong><\/p>\n<p>Wyszehradzki Instytut Patentowy sporz\u0105dzi Raport poszukiwania nowo\u015bci (NSR) w terminie czterech tygodni od daty potwierdzenia wniosku, gdy b\u0119dzie dost\u0119pny wniosek zawieraj\u0105cy wszystkie niezb\u0119dne informacje, umo\u017cliwiaj\u0105ce merytoryczne poszukiwanie dotycz\u0105ce wynalazku oraz gdy zostanie uiszczona op\u0142ata za us\u0142ug\u0119 na rzecz WIP.<\/p>\n<p>NSR zawiera kr\u00f3tkie podsumowanie cytowanych dokument\u00f3w (dokument\u00f3w patentowych i innych informacji zawartych w stanie techniki) wraz z ich powi\u0105zaniem z przedmiotowym wynalazkiem za pomoc\u0105 odpowiednich mi\u0119dzynarodowych kod\u00f3w kategorii, tj. X, Y i A.<\/p>\n<p><strong>Op\u0142aty<\/strong><\/p>\n<p>Za sporz\u0105dzenie Raportu poszukiwania nowo\u015bci (NSR) pobierana jest op\u0142ata sta\u0142a w wysoko\u015bci 650 EUR. Op\u0142at\u0119 nale\u017cy ui\u015bci\u0107 bezpo\u015brednio na konto Wyszehradzkiego Instytutu Patentowego przelewem bankowym w momencie sk\u0142adania wniosku.<\/p>\n<p>W\u0142a\u015bciciel rachunku: Visegrad Patent Institute<br \/>Nazwa i adres banku: Raiffeisen Bank Zrt., 116-118. V\u00e1ci \u00fat 1133 Budapest, Hungary<br \/>IBAN: HU66-12012204-01799099-00200000<br \/>SWIFT Code: UBRTHUHB<\/p>\n<p><span style=\"text-decoration: underline;\"><span style=\"color: #002633; text-decoration: underline;\"><a href=\"https:\/\/vpi.int\/en\/wp-content\/uploads\/2025\/09\/global-patent-search-services-terms-and-conditions.pdf\" target=\"_blank\" rel=\"noopener\">Pobierz og\u00f3lne warunki Globalnych us\u0142ug patentowych WIP &gt;<\/a>&gt;<\/span><\/span><\/p>\n<p>&nbsp;<\/p>\n<p>[\/et_pb_text][\/et_pb_column][\/et_pb_row][\/et_pb_section][et_pb_section fb_built=&#8221;1&#8243; admin_label=&#8221;Services&#8221; _builder_version=&#8221;4.16&#8243; _module_preset=&#8221;default&#8221; custom_padding=&#8221;90px|0px|90px|0px&#8221; global_colors_info=&#8221;{}&#8221;][et_pb_row column_structure=&#8221;1_3,1_3,1_3&#8243; use_custom_gutter=&#8221;on&#8221; make_equal=&#8221;on&#8221; _builder_version=&#8221;4.17.1&#8243; _module_preset=&#8221;default&#8221; global_colors_info=&#8221;{}&#8221;][et_pb_column type=&#8221;1_3&#8243; _builder_version=&#8221;4.17.1&#8243; _module_preset=&#8221;default&#8221; global_colors_info=&#8221;{}&#8221;][et_pb_divider color=&#8221;#007576&#8243; divider_weight=&#8221;5px&#8221; _builder_version=&#8221;4.17.1&#8243; _module_preset=&#8221;default&#8221; width=&#8221;60px&#8221; module_alignment=&#8221;left&#8221; global_colors_info=&#8221;{}&#8221;][\/et_pb_divider][et_pb_text _builder_version=&#8221;4.17.1&#8243; _module_preset=&#8221;default&#8221; animation_style=&#8221;slide&#8221; animation_direction=&#8221;bottom&#8221; animation_intensity_slide=&#8221;5%&#8221; global_colors_info=&#8221;{}&#8221;]<\/p>\n<h2>O PCT<\/h2>\n<p>&nbsp;<\/p>\n<p>PCT jest umow\u0105 mi\u0119dzynarodow\u0105, kt\u00f3ra umo\u017cliwia jednoczesne ubieganie si\u0119 o ochron\u0119 patentow\u0105 w wielu krajach poprzez wniesienie jednego zg\u0142oszenia. Udzielenie patentu podlega przepisom krajowym lub regionalnym.<\/p>\n<p>[\/et_pb_text][et_pb_button button_url=&#8221;https:\/\/vpi.int\/pl\/03-o-pct\/&#8221; button_text=&#8221;Wi\u0119cej o PCT&#8221; disabled_on=&#8221;off|off|on&#8221; _builder_version=&#8221;4.17.1&#8243; _module_preset=&#8221;default&#8221; custom_button=&#8221;on&#8221; button_icon=&#8221;&#x35;||divi||400&#8243; global_colors_info=&#8221;{}&#8221;][\/et_pb_button][\/et_pb_column][et_pb_column type=&#8221;1_3&#8243; _builder_version=&#8221;4.17.1&#8243; _module_preset=&#8221;default&#8221; global_colors_info=&#8221;{}&#8221;][et_pb_divider color=&#8221;#808080&#8243; divider_weight=&#8221;5px&#8221; _builder_version=&#8221;4.17.1&#8243; _module_preset=&#8221;default&#8221; width=&#8221;60px&#8221; module_alignment=&#8221;left&#8221; global_colors_info=&#8221;{}&#8221;][\/et_pb_divider][et_pb_text _builder_version=&#8221;4.17.1&#8243; _module_preset=&#8221;default&#8221; animation_style=&#8221;slide&#8221; animation_direction=&#8221;bottom&#8221; animation_intensity_slide=&#8221;5%&#8221; global_colors_info=&#8221;{}&#8221;]<\/p>\n<h2>Op\u0142aty i zwroty<\/h2>\n<p>&nbsp;<\/p>\n<p>Pobierz formularz zwrotu op\u0142aty za poszukiwanie z tej strony i znajd\u017a szczeg\u00f3\u0142owe instrukcje, jak przes\u0142a\u0107 go w celu szybkiej p\u0142atno\u015bci. Przeczytaj o zapewnieniu jako\u015bci oraz ramach prawnych funkcjonowania WIP w naszych oficjalnych dokumentach.<\/p>\n<p>[\/et_pb_text][et_pb_button button_url=&#8221;https:\/\/vpi.int\/pl\/08-oplaty-i-zwroty\/&#8221; button_text=&#8221;Stron\u0119 Op\u0142aty i zwroty&#8221; disabled_on=&#8221;off|off|on&#8221; _builder_version=&#8221;4.17.1&#8243; _module_preset=&#8221;default&#8221; custom_button=&#8221;on&#8221; button_icon=&#8221;&#x35;||divi||400&#8243; global_colors_info=&#8221;{}&#8221;][\/et_pb_button][\/et_pb_column][et_pb_column type=&#8221;1_3&#8243; _builder_version=&#8221;4.17.1&#8243; _module_preset=&#8221;default&#8221; global_colors_info=&#8221;{}&#8221;][et_pb_divider color=&#8221;#145670&#8243; divider_weight=&#8221;5px&#8221; _builder_version=&#8221;4.17.1&#8243; _module_preset=&#8221;default&#8221; width=&#8221;60px&#8221; module_alignment=&#8221;left&#8221; global_colors_info=&#8221;{}&#8221;][\/et_pb_divider][et_pb_text _builder_version=&#8221;4.17.1&#8243; _module_preset=&#8221;default&#8221; animation_style=&#8221;slide&#8221; animation_direction=&#8221;bottom&#8221; animation_intensity_slide=&#8221;5%&#8221; global_colors_info=&#8221;{}&#8221;]<\/p>\n<h2>Centrum wiedzy<\/h2>\n<p>&nbsp;<\/p>\n<p>Centrum wiedzy Wyszehradzkiego Instytutu Patentowego zosta\u0142o utworzone w celu dzielenia si\u0119 badaniami, statystykami, najlepszymi praktykami przemys\u0142owymi i informacjami por\u00f3wnawczymi na temat mi\u0119dzynarodowych patent\u00f3w w krajach Grupy Wyszehradzkiej poprzez publikacje i wydarzenia.<\/p>\n<p>[\/et_pb_text][et_pb_button button_url=&#8221;https:\/\/vpi.int\/pl\/09-centrum-wiedzy\/&#8221; button_text=&#8221;Odwied\u017a Centrum wiedzy&#8221; disabled_on=&#8221;off|off|on&#8221; _builder_version=&#8221;4.17.1&#8243; _module_preset=&#8221;default&#8221; custom_button=&#8221;on&#8221; button_icon=&#8221;&#x35;||divi||400&#8243; global_colors_info=&#8221;{}&#8221;][\/et_pb_button][\/et_pb_column][\/et_pb_row][et_pb_row column_structure=&#8221;1_3,1_3,1_3&#8243; _builder_version=&#8221;4.17.1&#8243; _module_preset=&#8221;default&#8221; global_colors_info=&#8221;{}&#8221;][et_pb_column type=&#8221;1_3&#8243; _builder_version=&#8221;4.17.1&#8243; _module_preset=&#8221;default&#8221; global_colors_info=&#8221;{}&#8221;][et_pb_button button_url=&#8221;https:\/\/vpi.int\/pl\/03-o-pct\/&#8221; button_text=&#8221;Wi\u0119cej o PCT&#8221; disabled_on=&#8221;on|on|off&#8221; _builder_version=&#8221;4.17.1&#8243; _module_preset=&#8221;default&#8221; custom_button=&#8221;on&#8221; button_icon=&#8221;&#x35;||divi||400&#8243; global_colors_info=&#8221;{}&#8221;][\/et_pb_button][\/et_pb_column][et_pb_column type=&#8221;1_3&#8243; _builder_version=&#8221;4.17.1&#8243; _module_preset=&#8221;default&#8221; global_colors_info=&#8221;{}&#8221;][et_pb_button button_url=&#8221;https:\/\/vpi.int\/pl\/08-oplaty-i-zwroty\/&#8221; button_text=&#8221;Stron\u0119 Op\u0142aty i zwroty&#8221; disabled_on=&#8221;on|on|off&#8221; _builder_version=&#8221;4.17.1&#8243; _module_preset=&#8221;default&#8221; custom_button=&#8221;on&#8221; button_icon=&#8221;&#x35;||divi||400&#8243; global_colors_info=&#8221;{}&#8221;][\/et_pb_button][\/et_pb_column][et_pb_column type=&#8221;1_3&#8243; _builder_version=&#8221;4.17.1&#8243; _module_preset=&#8221;default&#8221; global_colors_info=&#8221;{}&#8221;][et_pb_button button_url=&#8221;https:\/\/vpi.int\/pl\/09-centrum-wiedzy\/&#8221; button_text=&#8221;Odwied\u017a Centrum wiedzy&#8221; disabled_on=&#8221;on|on|off&#8221; _builder_version=&#8221;4.17.1&#8243; _module_preset=&#8221;default&#8221; custom_button=&#8221;on&#8221; button_icon=&#8221;&#x35;||divi||400&#8243; global_colors_info=&#8221;{}&#8221;][\/et_pb_button][\/et_pb_column][\/et_pb_row][\/et_pb_section][et_pb_section fb_built=&#8221;1&#8243; disabled_on=&#8221;on|on|off&#8221; _builder_version=&#8221;4.17.1&#8243; _module_preset=&#8221;default&#8221; background_color=&#8221;#145670&#8243; use_background_color_gradient=&#8221;on&#8221; background_color_gradient_direction=&#8221;70deg&#8221; background_color_gradient_stops=&#8221;rgba(0,17,30,0.78) 25%|rgba(0,117,118,0.5) 100%&#8221; background_image=&#8221;https:\/\/vpi.int\/pl\/wp-content\/uploads\/2022\/06\/VPI_citys_turquise_02_01.jpg&#8221; background_size=&#8221;initial&#8221; background_blend=&#8221;soft-light&#8221; background_enable_pattern_style=&#8221;on&#8221; background_pattern_style=&#8221;diagonal-stripes-2&#8243; background_pattern_color=&#8221;rgba(0,117,118,0.2)&#8221; custom_padding=&#8221;130px||130px||true|false&#8221; animation_style=&#8221;fade&#8221; background_last_edited=&#8221;on|phone&#8221; background_size_tablet=&#8221;contain&#8221; global_colors_info=&#8221;{}&#8221;][et_pb_row _builder_version=&#8221;4.17.1&#8243; _module_preset=&#8221;default&#8221; background_enable_color=&#8221;off&#8221; custom_padding=&#8221;30px|30px|30px|30px|true|true&#8221; border_color_all=&#8221;#007576&#8243; global_colors_info=&#8221;{}&#8221;][et_pb_column type=&#8221;4_4&#8243; _builder_version=&#8221;4.17.1&#8243; _module_preset=&#8221;default&#8221; global_colors_info=&#8221;{}&#8221;][\/et_pb_column][\/et_pb_row][\/et_pb_section][et_pb_section fb_built=&#8221;1&#8243; custom_padding_last_edited=&#8221;on|phone&#8221; disabled_on=&#8221;off|off|on&#8221; _builder_version=&#8221;4.17.1&#8243; _module_preset=&#8221;default&#8221; background_color=&#8221;#145670&#8243; use_background_color_gradient=&#8221;on&#8221; background_color_gradient_direction=&#8221;70deg&#8221; background_color_gradient_stops=&#8221;rgba(0,17,30,0.78) 25%|rgba(0,117,118,0.5) 100%&#8221; background_image=&#8221;https:\/\/vpi.int\/pl\/wp-content\/uploads\/2022\/06\/VPI_citys_turquise_02_01.jpg&#8221; background_size=&#8221;initial&#8221; background_blend=&#8221;soft-light&#8221; background_enable_pattern_style=&#8221;on&#8221; background_pattern_style=&#8221;diagonal-stripes-2&#8243; background_pattern_color=&#8221;rgba(0,117,118,0.2)&#8221; custom_padding=&#8221;130px||130px||true|false&#8221; custom_padding_tablet=&#8221;25px||25px||true|false&#8221; custom_padding_phone=&#8221;140px||140px||true|false&#8221; animation_style=&#8221;fade&#8221; background_last_edited=&#8221;on|desktop&#8221; background_image_phone=&#8221;https:\/\/vpi.int\/pl\/wp-content\/uploads\/2022\/06\/VPI_citys_mobile_01.jpg&#8221; background_enable_image_phone=&#8221;on&#8221; background_size_tablet=&#8221;contain&#8221; background_size_phone=&#8221;cover&#8221; background_image_width_phone=&#8221;0%&#8221; background_image_height_phone=&#8221;34%&#8221; global_colors_info=&#8221;{}&#8221;][et_pb_row _builder_version=&#8221;4.17.1&#8243; _module_preset=&#8221;default&#8221; background_enable_color=&#8221;off&#8221; custom_padding=&#8221;30px|30px|30px|30px|true|true&#8221; border_color_all=&#8221;#007576&#8243; global_colors_info=&#8221;{}&#8221;][et_pb_column type=&#8221;4_4&#8243; _builder_version=&#8221;4.17.1&#8243; _module_preset=&#8221;default&#8221; global_colors_info=&#8221;{}&#8221;][\/et_pb_column][\/et_pb_row][\/et_pb_section]<\/p>\n","protected":false},"excerpt":{"rendered":"<p>US\u0141UGA POSZUKIWANIA NOWO\u015aCIPOZNAJ STAN TECHNIKI DOTYCZ\u0104CY WYNALAZKU LUB ROZWI\u0104ZANIA TECHNICZNEGO &nbsp; Us\u0142uga Badania Nowo\u015bci (NSS) \u015bwiadczona przez Wyszehradzki Instytut Patentowy (WIP) realizowana jest w ramach Porozumienia o WIP. NSS to us\u0142uga globalnego badania zg\u0142osze\u0144 patentowych WIP, o kt\u00f3r\u0105 mo\u017ce wyst\u0105pi\u0107 ka\u017cdy zainteresowany, niezale\u017cnie od narodowo\u015bci. Cel us\u0142ugi badania nowo\u015bci (NSS) Us\u0142uga NSS udost\u0119pnia informacje o [&hellip;]<\/p>\n","protected":false},"author":2,"featured_media":0,"parent":0,"menu_order":0,"comment_status":"closed","ping_status":"closed","template":"","meta":{"_et_pb_use_builder":"on","_et_pb_old_content":"","_et_gb_content_width":"","footnotes":""},"class_list":["post-1404","page","type-page","status-publish","hentry"],"_links":{"self":[{"href":"https:\/\/vpi.int\/pl\/wp-json\/wp\/v2\/pages\/1404","targetHints":{"allow":["GET"]}}],"collection":[{"href":"https:\/\/vpi.int\/pl\/wp-json\/wp\/v2\/pages"}],"about":[{"href":"https:\/\/vpi.int\/pl\/wp-json\/wp\/v2\/types\/page"}],"author":[{"embeddable":true,"href":"https:\/\/vpi.int\/pl\/wp-json\/wp\/v2\/users\/2"}],"replies":[{"embeddable":true,"href":"https:\/\/vpi.int\/pl\/wp-json\/wp\/v2\/comments?post=1404"}],"version-history":[{"count":10,"href":"https:\/\/vpi.int\/pl\/wp-json\/wp\/v2\/pages\/1404\/revisions"}],"predecessor-version":[{"id":1661,"href":"https:\/\/vpi.int\/pl\/wp-json\/wp\/v2\/pages\/1404\/revisions\/1661"}],"wp:attachment":[{"href":"https:\/\/vpi.int\/pl\/wp-json\/wp\/v2\/media?parent=1404"}],"curies":[{"name":"wp","href":"https:\/\/api.w.org\/{rel}","templated":true}]}}