{"id":1412,"date":"2023-09-20T08:29:27","date_gmt":"2023-09-20T08:29:27","guid":{"rendered":"https:\/\/vpi.int\/pl\/?page_id=1412"},"modified":"2025-10-01T04:18:41","modified_gmt":"2025-10-01T04:18:41","slug":"14-usluga-badania-nowosci-ze-wstenym-raportem-na-temat-zdolnosci-patentowej","status":"publish","type":"page","link":"https:\/\/vpi.int\/pl\/14-usluga-badania-nowosci-ze-wstenym-raportem-na-temat-zdolnosci-patentowej\/","title":{"rendered":"Us\u0142uga badania nowo\u015bci ze wst\u0119nym raportem na temat zdolno\u015bci patentowej"},"content":{"rendered":"<p>[et_pb_section fb_built=&#8221;1&#8243; _builder_version=&#8221;4.17.1&#8243; _module_preset=&#8221;default&#8221; background_enable_color=&#8221;off&#8221; use_background_color_gradient=&#8221;on&#8221; background_color_gradient_direction=&#8221;70deg&#8221; background_color_gradient_stops=&#8221;#001a44 0%|rgba(0,168,170,0.55) 99%&#8221; background_enable_image=&#8221;off&#8221; background_blend=&#8221;soft-light&#8221; background_enable_pattern_style=&#8221;on&#8221; background_pattern_style=&#8221;diagonal-stripes-2&#8243; background_pattern_color=&#8221;rgba(0,117,118,0.17)&#8221; custom_padding=&#8221;120px||0px||false|false&#8221; animation_style=&#8221;slide&#8221; animation_direction=&#8221;bottom&#8221; animation_intensity_slide=&#8221;5%&#8221; global_colors_info=&#8221;{}&#8221;][et_pb_row _builder_version=&#8221;4.17.1&#8243; _module_preset=&#8221;default&#8221; background_enable_color=&#8221;off&#8221; custom_padding=&#8221;0px|30px|0px|30px|true|true&#8221; border_color_all=&#8221;#007576&#8243; global_colors_info=&#8221;{}&#8221;][et_pb_column type=&#8221;4_4&#8243; _builder_version=&#8221;4.17.1&#8243; _module_preset=&#8221;default&#8221; global_colors_info=&#8221;{}&#8221;][et_pb_text _builder_version=&#8221;4.17.1&#8243; _module_preset=&#8221;default&#8221; text_font=&#8221;Barlow|300||on|||||&#8221; text_text_color=&#8221;#FFFFFF&#8221; text_font_size=&#8221;22px&#8221; text_letter_spacing=&#8221;5px&#8221; text_line_height=&#8221;1.5em&#8221; header_text_color=&#8221;#FFFFFF&#8221; header_2_font=&#8221;Barlow|600||on|||||&#8221; header_2_text_color=&#8221;#FFFFFF&#8221; header_2_font_size=&#8221;40px&#8221; header_2_letter_spacing=&#8221;5px&#8221; header_2_line_height=&#8221;1.1em&#8221; width=&#8221;70%&#8221; header_2_font_size_tablet=&#8221;40px&#8221; header_2_font_size_phone=&#8221;20px&#8221; header_2_font_size_last_edited=&#8221;on|phone&#8221; global_colors_info=&#8221;{}&#8221;]<\/p>\n<h2>US\u0141UGA BADANIA NOWO\u015aCI ZE WST\u0118NYM RAPORTEM NA TEMAT ZDOLNO\u015aCI PATENTOWEJ<\/h2>\n<p>[\/et_pb_text][et_pb_blurb url=&#8221;#Services&#8221; use_icon=&#8221;on&#8221; icon_color=&#8221;#ffffff&#8221; image_icon_width=&#8221;30px&#8221; _builder_version=&#8221;4.17.1&#8243; _module_preset=&#8221;default&#8221; custom_margin=&#8221;||0px||false|false&#8221; custom_padding=&#8221;||0px||false|false&#8221; global_colors_info=&#8221;{}&#8221;][\/et_pb_blurb][\/et_pb_column][\/et_pb_row][et_pb_row _builder_version=&#8221;4.17.1&#8243; _module_preset=&#8221;default&#8221; global_colors_info=&#8221;{}&#8221;][et_pb_column type=&#8221;4_4&#8243; _builder_version=&#8221;4.17.1&#8243; _module_preset=&#8221;default&#8221; global_colors_info=&#8221;{}&#8221;][et_pb_blurb url=&#8221;#Services&#8221; use_icon=&#8221;on&#8221; font_icon=&#8221;&#x33;||divi||400&#8243; icon_color=&#8221;#ffffff&#8221; image_icon_width=&#8221;30px&#8221; _builder_version=&#8221;4.17.1&#8243; _module_preset=&#8221;default&#8221; custom_margin=&#8221;||0px||false|false&#8221; custom_padding=&#8221;||0px||false|false&#8221; global_colors_info=&#8221;{}&#8221;][\/et_pb_blurb][\/et_pb_column][\/et_pb_row][\/et_pb_section][et_pb_section fb_built=&#8221;1&#8243; admin_label=&#8221;Services&#8221; module_id=&#8221;Services&#8221; _builder_version=&#8221;4.17.1&#8243; _module_preset=&#8221;default&#8221; custom_padding=&#8221;90px|0px|50px|0px||&#8221; global_colors_info=&#8221;{}&#8221;][et_pb_row _builder_version=&#8221;4.17.1&#8243; _module_preset=&#8221;default&#8221; global_colors_info=&#8221;{}&#8221;][et_pb_column type=&#8221;4_4&#8243; _builder_version=&#8221;4.17.1&#8243; _module_preset=&#8221;default&#8221; global_colors_info=&#8221;{}&#8221;][et_pb_divider color=&#8221;#007576&#8243; divider_weight=&#8221;5px&#8221; _builder_version=&#8221;4.17.1&#8243; _module_preset=&#8221;default&#8221; width=&#8221;60px&#8221; module_alignment=&#8221;left&#8221; global_colors_info=&#8221;{}&#8221;][\/et_pb_divider][et_pb_text _builder_version=&#8221;4.17.1&#8243; _module_preset=&#8221;default&#8221; header_2_line_height=&#8221;1.3em&#8221; animation_style=&#8221;slide&#8221; animation_direction=&#8221;left&#8221; animation_intensity_slide=&#8221;5%&#8221; hover_enabled=&#8221;0&#8243; global_colors_info=&#8221;{}&#8221; sticky_enabled=&#8221;0&#8243;]<\/p>\n<h2>POZNAJ STAN TECHNIKI I ZYSKAJ INFORMACJE NA TEMAT ZDOLNO\u015aCI PATENTOWEJ WYNALAZKU LUB ROZWI\u0104ZANIA TECHNICZNEGO<\/h2>\n<p>&nbsp;<\/p>\n<p>Us\u0142uga badania nowo\u015bci ze wst\u0119pnym raportem na temat zdolno\u015bci patentowej (NSPPR) \u015bwiadczona przez Wyszehradzki Instytut Patentowy (WIP) jest realizowana w ramach Porozumienia o WIP. NSPPR to us\u0142uga globalnego badania patent\u00f3w WIP, o kt\u00f3r\u0105 mo\u017ce wyst\u0105pi\u0107 ka\u017cdy zainteresowany, niezale\u017cnie od narodowo\u015bci.<\/p>\n<p><strong>Cel Us\u0142ugi NSPPR<\/strong><\/p>\n<p>Us\u0142uga badania nowo\u015bci ze wst\u0119pnym raportem na temat zdolno\u015bci patentowej (NSPPR) identyfikuje dokumenty patentowe i inne publikacje, kt\u00f3re mog\u0105 by\u0107 wzi\u0119te pod uwag\u0119 przy ocenie nowo\u015bci i poziomu wynalazczego przedmiotowego wynalazku, a tak\u017ce oferuje szczeg\u00f3\u0142ow\u0105 opini\u0119 z uzasadnieniem na temat tego, czy wynalazek spe\u0142nia trzy kryteria zdolno\u015bci patentowej: czy jest nowy, czy posiada poziom wynalazczy oraz czy mo\u017ce by\u0107 stosowany przemys\u0142owo.<\/p>\n<p>NSPPR mo\u017ce by\u0107 przydatny w wielu sytuacjach, np. przygotowanie zg\u0142oszenia patentowego, w sytuacjach egzekwowania praw wy\u0142\u0105cznych, negocjacji z inwestorami, korzystania z patentu (licencjonowanie, sprzeda\u017c, rozpocz\u0119cie produkcji, inwestowanie w dzia\u0142alno\u015b\u0107 importow\u0105 lub eksportow\u0105) lub okre\u015blenia mo\u017cliwych kierunk\u00f3w rozwoju.<\/p>\n<p><strong>Procedura<\/strong><\/p>\n<p>Nie ma wymaga\u0144 formalnych dotycz\u0105cych opisu wynalazku lub rozwi\u0105zania technicznego. Aby jednak jak najlepiej skorzysta\u0107 z us\u0142ugi, wskazane jest udost\u0119pnienie informacji o przedmiocie podobnie szczeg\u00f3\u0142owo jak w przypadku zg\u0142oszenia patentowego.<\/p>\n<p>Badanie nowo\u015bci ze wst\u0119pnym raportem na temat zdolno\u015bci patentowej (NSPPR) przeprowadza si\u0119 z u\u017cyciem baz danych literatury patentowej i niepatentowej, obejmuj\u0105cych minimaln\u0105 dokumentacj\u0119 w rozumieniu Uk\u0142adu o wsp\u00f3\u0142pracy patentowej (PCT). Opr\u00f3cz poszukiwania nowo\u015bci, NSPPR zawiera r\u00f3wnie\u017c szczeg\u00f3\u0142ow\u0105 opini\u0119 wyja\u015bniaj\u0105c\u0105, czy wynalazek spe\u0142nia wymogi zdolno\u015bci patentowej pod wzgl\u0119dem nowo\u015bci, poziomu wynalazczego i stosowalno\u015bci przemys\u0142owej.<\/p>\n<p>Ustalenie, czy warunki zdolno\u015bci patentowej zosta\u0142y spe\u0142nione, opiera si\u0119 na tej samej analizie i kryteriach, co pisemna opinia wydana przez Mi\u0119dzynarodowy Organ Poszukiwa\u0144 (ISA) lub Mi\u0119dzynarodowy Organ Wst\u0119pnych Poszukiwa\u0144 (IPEA) w oparciu o przepisy PCT.<\/p>\n<p>Procedura NSPPR jest przeprowadzana w j\u0119zyku angielskim. W zwi\u0105zku z tym Formularz Wniosku o NSPPR nale\u017cy z\u0142o\u017cy\u0107 w j\u0119zyku angielskim, wszystkie pozosta\u0142e dokumenty nale\u017cy tak\u017ce z\u0142o\u017cy\u0107 w j\u0119zyku angielskim. NSPPR wydawany jest w j\u0119zyku angielskim.<\/p>\n<p>Wnioski o NSPPR nale\u017cy sk\u0142ada\u0107 poprzez wype\u0142nienie Formularza Wniosku o Globalne us\u0142ugi patentowe. Formularz wniosku nale\u017cy przes\u0142a\u0107 poczt\u0105 lub poczt\u0105 elektroniczn\u0105 bezpo\u015brednio do Sekretariatu WIP.<\/p>\n<p>Dane kontaktowe:<br \/>Wyszehradzki Instytut Patentowy<br \/>Adres pocztowy: II. J\u00e1nos P\u00e1l p\u00e1pa t\u00e9r 7., H-1081 Budapest, Hungary<br \/>Adres email: secretariat@vpi.int<\/p>\n<p><a href=\"https:\/\/vpi.int\/en\/wp-content\/uploads\/2025\/09\/global-patent-search-services-order-form.pdf\" target=\"_blank\" rel=\"noopener\"><span style=\"text-decoration: underline;\"><span style=\"color: #002633; text-decoration: underline;\">Pobierz formularz wniosku o Globalne us\u0142ugi patentowe &gt;&gt;<\/span><\/span><\/a><\/p>\n<p><strong>Terminy i dor\u0119czenia<\/strong><\/p>\n<p>Wyszehradzki Instytut Patentowy (WIP) wykona Badanie nowo\u015bci ze wst\u0119pnym raportem na temat zdolno\u015bci patentowej (NSPPR) w terminie czterech tygodni od daty potwierdzenia z\u0142o\u017conego wniosku, gdy wniosek zawieraj\u0105cy wszystkie niezb\u0119dne informacje, umo\u017cliwiaj\u0105ce merytoryczne poszukiwanie wynalazku, b\u0119dzie dost\u0119pny, a op\u0142ata za us\u0142ug\u0119 zostanie uiszczona na rzecz WIP.<\/p>\n<p>NSPPR, poza raportem z badania nowo\u015bci, zawiera szczeg\u00f3\u0142ow\u0105 opini\u0119 wyja\u015bniaj\u0105c\u0105 na temat tego, czy wynalazek spe\u0142nia wymogi zdolno\u015bci patentowej w zakresie nowo\u015bci, poziomu wynalazczego i stosowalno\u015bci przemys\u0142owej. Zawiera tak\u017ce dokumenty patentowe i inne dane ze stanu techniki istotne dla nowo\u015bci i poziomu wynalazczego przedmiotowego wynalazku.<\/p>\n<p><strong>Op\u0142aty<\/strong><\/p>\n<p>Za wykonanie NSPPR pobierana jest op\u0142ata sta\u0142a w wysoko\u015bci 950 EUR. Op\u0142at\u0119 nale\u017cy ui\u015bci\u0107 bezpo\u015brednio na konto WIP przelewem bankowym w momencie z\u0142o\u017cenia wniosku.<\/p>\n<p>W\u0142a\u015bciciel rachunku: Visegrad Patent Institute<br \/>Nazwa i adres banku: Raiffeisen Bank Zrt., 116-118. V\u00e1ci \u00fat 1133 Budapest, Hungary<br \/>IBAN: HU66-12012204-01799099-00200000<br \/>Kod SWIFT: UBRTHUHB<\/p>\n<p><a href=\"https:\/\/vpi.int\/en\/wp-content\/uploads\/2025\/09\/global-patent-search-services-terms-and-conditions.pdf\" target=\"_blank\" rel=\"noopener\"><span style=\"text-decoration: underline;\"><span style=\"color: #002633; text-decoration: underline;\">Pobierz og\u00f3lne warunki Globalnych us\u0142ug patentowych WIP &gt;&gt;<\/span><\/span><\/a><\/p>\n<p>&nbsp;<\/p>\n<p>[\/et_pb_text][\/et_pb_column][\/et_pb_row][\/et_pb_section][et_pb_section fb_built=&#8221;1&#8243; admin_label=&#8221;Services&#8221; _builder_version=&#8221;4.16&#8243; _module_preset=&#8221;default&#8221; custom_padding=&#8221;90px|0px|90px|0px&#8221; global_colors_info=&#8221;{}&#8221;][et_pb_row column_structure=&#8221;1_3,1_3,1_3&#8243; use_custom_gutter=&#8221;on&#8221; make_equal=&#8221;on&#8221; _builder_version=&#8221;4.17.1&#8243; _module_preset=&#8221;default&#8221; global_colors_info=&#8221;{}&#8221;][et_pb_column type=&#8221;1_3&#8243; _builder_version=&#8221;4.17.1&#8243; _module_preset=&#8221;default&#8221; global_colors_info=&#8221;{}&#8221;][et_pb_divider color=&#8221;#007576&#8243; divider_weight=&#8221;5px&#8221; _builder_version=&#8221;4.17.1&#8243; _module_preset=&#8221;default&#8221; width=&#8221;60px&#8221; module_alignment=&#8221;left&#8221; global_colors_info=&#8221;{}&#8221;][\/et_pb_divider][et_pb_text _builder_version=&#8221;4.17.1&#8243; _module_preset=&#8221;default&#8221; animation_style=&#8221;slide&#8221; animation_direction=&#8221;bottom&#8221; animation_intensity_slide=&#8221;5%&#8221; global_colors_info=&#8221;{}&#8221;]<\/p>\n<h2>O PCT<\/h2>\n<p>&nbsp;<\/p>\n<p>PCT jest umow\u0105 mi\u0119dzynarodow\u0105, kt\u00f3ra umo\u017cliwia jednoczesne ubieganie si\u0119 o ochron\u0119 patentow\u0105 w wielu krajach poprzez wniesienie jednego zg\u0142oszenia. Udzielenie patentu podlega przepisom krajowym lub regionalnym.<\/p>\n<p>[\/et_pb_text][et_pb_button button_url=&#8221;https:\/\/vpi.int\/pl\/03-o-pct\/&#8221; button_text=&#8221;Wi\u0119cej o PCT&#8221; disabled_on=&#8221;off|off|on&#8221; _builder_version=&#8221;4.17.1&#8243; _module_preset=&#8221;default&#8221; custom_button=&#8221;on&#8221; button_icon=&#8221;&#x35;||divi||400&#8243; global_colors_info=&#8221;{}&#8221;][\/et_pb_button][\/et_pb_column][et_pb_column type=&#8221;1_3&#8243; _builder_version=&#8221;4.17.1&#8243; _module_preset=&#8221;default&#8221; global_colors_info=&#8221;{}&#8221;][et_pb_divider color=&#8221;#808080&#8243; divider_weight=&#8221;5px&#8221; _builder_version=&#8221;4.17.1&#8243; _module_preset=&#8221;default&#8221; width=&#8221;60px&#8221; module_alignment=&#8221;left&#8221; global_colors_info=&#8221;{}&#8221;][\/et_pb_divider][et_pb_text _builder_version=&#8221;4.17.1&#8243; _module_preset=&#8221;default&#8221; animation_style=&#8221;slide&#8221; animation_direction=&#8221;bottom&#8221; animation_intensity_slide=&#8221;5%&#8221; global_colors_info=&#8221;{}&#8221;]<\/p>\n<h2>Op\u0142aty i zwroty<\/h2>\n<p>&nbsp;<\/p>\n<p>Pobierz formularz zwrotu op\u0142aty za poszukiwanie z tej strony i znajd\u017a szczeg\u00f3\u0142owe instrukcje, jak przes\u0142a\u0107 go w celu szybkiej p\u0142atno\u015bci. Przeczytaj o zapewnieniu jako\u015bci oraz ramach prawnych funkcjonowania WIP w naszych oficjalnych dokumentach.<\/p>\n<p>[\/et_pb_text][et_pb_button button_url=&#8221;https:\/\/vpi.int\/pl\/08-oplaty-i-zwroty\/&#8221; button_text=&#8221;Stron\u0119 Op\u0142aty i zwroty&#8221; disabled_on=&#8221;off|off|on&#8221; _builder_version=&#8221;4.17.1&#8243; _module_preset=&#8221;default&#8221; custom_button=&#8221;on&#8221; button_icon=&#8221;&#x35;||divi||400&#8243; global_colors_info=&#8221;{}&#8221;][\/et_pb_button][\/et_pb_column][et_pb_column type=&#8221;1_3&#8243; _builder_version=&#8221;4.17.1&#8243; _module_preset=&#8221;default&#8221; global_colors_info=&#8221;{}&#8221;][et_pb_divider color=&#8221;#145670&#8243; divider_weight=&#8221;5px&#8221; _builder_version=&#8221;4.17.1&#8243; _module_preset=&#8221;default&#8221; width=&#8221;60px&#8221; module_alignment=&#8221;left&#8221; global_colors_info=&#8221;{}&#8221;][\/et_pb_divider][et_pb_text _builder_version=&#8221;4.17.1&#8243; _module_preset=&#8221;default&#8221; animation_style=&#8221;slide&#8221; animation_direction=&#8221;bottom&#8221; animation_intensity_slide=&#8221;5%&#8221; global_colors_info=&#8221;{}&#8221;]<\/p>\n<h2>Centrum wiedzy<\/h2>\n<p>&nbsp;<\/p>\n<p>Centrum wiedzy Wyszehradzkiego Instytutu Patentowego zosta\u0142o utworzone w celu dzielenia si\u0119 badaniami, statystykami, najlepszymi praktykami przemys\u0142owymi i informacjami por\u00f3wnawczymi na temat mi\u0119dzynarodowych patent\u00f3w w krajach Grupy Wyszehradzkiej poprzez publikacje i wydarzenia.<\/p>\n<p>[\/et_pb_text][et_pb_button button_url=&#8221;https:\/\/vpi.int\/pl\/09-centrum-wiedzy\/&#8221; button_text=&#8221;Odwied\u017a Centrum wiedzy&#8221; disabled_on=&#8221;off|off|on&#8221; _builder_version=&#8221;4.17.1&#8243; _module_preset=&#8221;default&#8221; custom_button=&#8221;on&#8221; button_icon=&#8221;&#x35;||divi||400&#8243; global_colors_info=&#8221;{}&#8221;][\/et_pb_button][\/et_pb_column][\/et_pb_row][et_pb_row column_structure=&#8221;1_3,1_3,1_3&#8243; _builder_version=&#8221;4.17.1&#8243; _module_preset=&#8221;default&#8221; global_colors_info=&#8221;{}&#8221;][et_pb_column type=&#8221;1_3&#8243; _builder_version=&#8221;4.17.1&#8243; _module_preset=&#8221;default&#8221; global_colors_info=&#8221;{}&#8221;][et_pb_button button_url=&#8221;https:\/\/vpi.int\/pl\/03-o-pct\/&#8221; button_text=&#8221;Wi\u0119cej o PCT&#8221; disabled_on=&#8221;on|on|off&#8221; _builder_version=&#8221;4.17.1&#8243; _module_preset=&#8221;default&#8221; custom_button=&#8221;on&#8221; button_icon=&#8221;&#x35;||divi||400&#8243; global_colors_info=&#8221;{}&#8221;][\/et_pb_button][\/et_pb_column][et_pb_column type=&#8221;1_3&#8243; _builder_version=&#8221;4.17.1&#8243; _module_preset=&#8221;default&#8221; global_colors_info=&#8221;{}&#8221;][et_pb_button button_url=&#8221;https:\/\/vpi.int\/pl\/08-oplaty-i-zwroty\/&#8221; button_text=&#8221;Stron\u0119 Op\u0142aty i zwroty&#8221; disabled_on=&#8221;on|on|off&#8221; _builder_version=&#8221;4.17.1&#8243; _module_preset=&#8221;default&#8221; custom_button=&#8221;on&#8221; button_icon=&#8221;&#x35;||divi||400&#8243; global_colors_info=&#8221;{}&#8221;][\/et_pb_button][\/et_pb_column][et_pb_column type=&#8221;1_3&#8243; _builder_version=&#8221;4.17.1&#8243; _module_preset=&#8221;default&#8221; global_colors_info=&#8221;{}&#8221;][et_pb_button button_url=&#8221;https:\/\/vpi.int\/pl\/09-centrum-wiedzy\/&#8221; button_text=&#8221;Odwied\u017a Centrum wiedzy&#8221; disabled_on=&#8221;on|on|off&#8221; _builder_version=&#8221;4.17.1&#8243; _module_preset=&#8221;default&#8221; custom_button=&#8221;on&#8221; button_icon=&#8221;&#x35;||divi||400&#8243; global_colors_info=&#8221;{}&#8221;][\/et_pb_button][\/et_pb_column][\/et_pb_row][\/et_pb_section][et_pb_section fb_built=&#8221;1&#8243; disabled_on=&#8221;on|on|off&#8221; _builder_version=&#8221;4.17.1&#8243; _module_preset=&#8221;default&#8221; background_color=&#8221;#145670&#8243; use_background_color_gradient=&#8221;on&#8221; background_color_gradient_direction=&#8221;70deg&#8221; background_color_gradient_stops=&#8221;rgba(0,17,30,0.78) 25%|rgba(0,117,118,0.5) 100%&#8221; background_image=&#8221;https:\/\/vpi.int\/pl\/wp-content\/uploads\/2022\/06\/VPI_citys_turquise_02_01.jpg&#8221; background_size=&#8221;initial&#8221; background_blend=&#8221;soft-light&#8221; background_enable_pattern_style=&#8221;on&#8221; background_pattern_style=&#8221;diagonal-stripes-2&#8243; background_pattern_color=&#8221;rgba(0,117,118,0.2)&#8221; custom_padding=&#8221;130px||130px||true|false&#8221; animation_style=&#8221;fade&#8221; background_last_edited=&#8221;on|phone&#8221; background_size_tablet=&#8221;contain&#8221; global_colors_info=&#8221;{}&#8221;][et_pb_row _builder_version=&#8221;4.17.1&#8243; _module_preset=&#8221;default&#8221; background_enable_color=&#8221;off&#8221; custom_padding=&#8221;30px|30px|30px|30px|true|true&#8221; border_color_all=&#8221;#007576&#8243; global_colors_info=&#8221;{}&#8221;][et_pb_column type=&#8221;4_4&#8243; _builder_version=&#8221;4.17.1&#8243; _module_preset=&#8221;default&#8221; global_colors_info=&#8221;{}&#8221;][\/et_pb_column][\/et_pb_row][\/et_pb_section][et_pb_section fb_built=&#8221;1&#8243; custom_padding_last_edited=&#8221;on|phone&#8221; disabled_on=&#8221;off|off|on&#8221; _builder_version=&#8221;4.17.1&#8243; _module_preset=&#8221;default&#8221; background_color=&#8221;#145670&#8243; use_background_color_gradient=&#8221;on&#8221; background_color_gradient_direction=&#8221;70deg&#8221; background_color_gradient_stops=&#8221;rgba(0,17,30,0.78) 25%|rgba(0,117,118,0.5) 100%&#8221; background_image=&#8221;https:\/\/vpi.int\/pl\/wp-content\/uploads\/2022\/06\/VPI_citys_turquise_02_01.jpg&#8221; background_size=&#8221;initial&#8221; background_blend=&#8221;soft-light&#8221; background_enable_pattern_style=&#8221;on&#8221; background_pattern_style=&#8221;diagonal-stripes-2&#8243; background_pattern_color=&#8221;rgba(0,117,118,0.2)&#8221; custom_padding=&#8221;130px||130px||true|false&#8221; custom_padding_tablet=&#8221;25px||25px||true|false&#8221; custom_padding_phone=&#8221;140px||140px||true|false&#8221; animation_style=&#8221;fade&#8221; background_last_edited=&#8221;on|desktop&#8221; background_image_phone=&#8221;https:\/\/vpi.int\/pl\/wp-content\/uploads\/2022\/06\/VPI_citys_mobile_01.jpg&#8221; background_enable_image_phone=&#8221;on&#8221; background_size_tablet=&#8221;contain&#8221; background_size_phone=&#8221;cover&#8221; background_image_width_phone=&#8221;0%&#8221; background_image_height_phone=&#8221;34%&#8221; global_colors_info=&#8221;{}&#8221;][et_pb_row _builder_version=&#8221;4.17.1&#8243; _module_preset=&#8221;default&#8221; background_enable_color=&#8221;off&#8221; custom_padding=&#8221;30px|30px|30px|30px|true|true&#8221; border_color_all=&#8221;#007576&#8243; global_colors_info=&#8221;{}&#8221;][et_pb_column type=&#8221;4_4&#8243; _builder_version=&#8221;4.17.1&#8243; _module_preset=&#8221;default&#8221; global_colors_info=&#8221;{}&#8221;][\/et_pb_column][\/et_pb_row][\/et_pb_section]<\/p>\n","protected":false},"excerpt":{"rendered":"<p>US\u0141UGA BADANIA NOWO\u015aCI ZE WST\u0118NYM RAPORTEM NA TEMAT ZDOLNO\u015aCI PATENTOWEJPOZNAJ STAN TECHNIKI I ZYSKAJ INFORMACJE NA TEMAT ZDOLNO\u015aCI PATENTOWEJ WYNALAZKU LUB ROZWI\u0104ZANIA TECHNICZNEGO &nbsp; Us\u0142uga badania nowo\u015bci ze wst\u0119pnym raportem na temat zdolno\u015bci patentowej (NSPPR) \u015bwiadczona przez Wyszehradzki Instytut Patentowy (WIP) jest realizowana w ramach Porozumienia o WIP. NSPPR to us\u0142uga globalnego badania patent\u00f3w WIP, [&hellip;]<\/p>\n","protected":false},"author":2,"featured_media":0,"parent":0,"menu_order":0,"comment_status":"closed","ping_status":"closed","template":"","meta":{"_et_pb_use_builder":"on","_et_pb_old_content":"","_et_gb_content_width":"","footnotes":""},"class_list":["post-1412","page","type-page","status-publish","hentry"],"_links":{"self":[{"href":"https:\/\/vpi.int\/pl\/wp-json\/wp\/v2\/pages\/1412","targetHints":{"allow":["GET"]}}],"collection":[{"href":"https:\/\/vpi.int\/pl\/wp-json\/wp\/v2\/pages"}],"about":[{"href":"https:\/\/vpi.int\/pl\/wp-json\/wp\/v2\/types\/page"}],"author":[{"embeddable":true,"href":"https:\/\/vpi.int\/pl\/wp-json\/wp\/v2\/users\/2"}],"replies":[{"embeddable":true,"href":"https:\/\/vpi.int\/pl\/wp-json\/wp\/v2\/comments?post=1412"}],"version-history":[{"count":12,"href":"https:\/\/vpi.int\/pl\/wp-json\/wp\/v2\/pages\/1412\/revisions"}],"predecessor-version":[{"id":1663,"href":"https:\/\/vpi.int\/pl\/wp-json\/wp\/v2\/pages\/1412\/revisions\/1663"}],"wp:attachment":[{"href":"https:\/\/vpi.int\/pl\/wp-json\/wp\/v2\/media?parent=1412"}],"curies":[{"name":"wp","href":"https:\/\/api.w.org\/{rel}","templated":true}]}}