{"id":1641,"date":"2025-09-14T14:26:36","date_gmt":"2025-09-14T14:26:36","guid":{"rendered":"https:\/\/vpi.int\/pl\/?page_id=1641"},"modified":"2025-10-01T04:15:24","modified_gmt":"2025-10-01T04:15:24","slug":"15-usluga-badania-waznosci-patentow","status":"publish","type":"page","link":"https:\/\/vpi.int\/pl\/15-usluga-badania-waznosci-patentow\/","title":{"rendered":"Us\u0142uga Badania Wa\u017cno\u015bci Patent\u00f3w"},"content":{"rendered":"<p>[et_pb_section fb_built=&#8221;1&#8243; _builder_version=&#8221;4.17.1&#8243; _module_preset=&#8221;default&#8221; background_enable_color=&#8221;off&#8221; use_background_color_gradient=&#8221;on&#8221; background_color_gradient_direction=&#8221;70deg&#8221; background_color_gradient_stops=&#8221;#001a44 0%|rgba(0,168,170,0.55) 99%&#8221; background_enable_image=&#8221;off&#8221; background_blend=&#8221;soft-light&#8221; background_enable_pattern_style=&#8221;on&#8221; background_pattern_style=&#8221;diagonal-stripes-2&#8243; background_pattern_color=&#8221;rgba(0,117,118,0.17)&#8221; custom_padding=&#8221;120px||0px||false|false&#8221; animation_style=&#8221;slide&#8221; animation_direction=&#8221;bottom&#8221; animation_intensity_slide=&#8221;5%&#8221; global_colors_info=&#8221;{}&#8221;][et_pb_row _builder_version=&#8221;4.17.1&#8243; _module_preset=&#8221;default&#8221; background_enable_color=&#8221;off&#8221; custom_padding=&#8221;0px|30px|0px|30px|true|true&#8221; border_color_all=&#8221;#007576&#8243; global_colors_info=&#8221;{}&#8221;][et_pb_column type=&#8221;4_4&#8243; _builder_version=&#8221;4.17.1&#8243; _module_preset=&#8221;default&#8221; global_colors_info=&#8221;{}&#8221;][et_pb_text _builder_version=&#8221;4.17.1&#8243; _module_preset=&#8221;default&#8221; text_font=&#8221;Barlow|300||on|||||&#8221; text_text_color=&#8221;#FFFFFF&#8221; text_font_size=&#8221;22px&#8221; text_letter_spacing=&#8221;5px&#8221; text_line_height=&#8221;1.5em&#8221; header_text_color=&#8221;#FFFFFF&#8221; header_2_font=&#8221;Barlow|600||on|||||&#8221; header_2_text_color=&#8221;#FFFFFF&#8221; header_2_font_size=&#8221;40px&#8221; header_2_letter_spacing=&#8221;5px&#8221; header_2_line_height=&#8221;1.1em&#8221; width=&#8221;100%&#8221; header_2_font_size_tablet=&#8221;40px&#8221; header_2_font_size_phone=&#8221;20px&#8221; header_2_font_size_last_edited=&#8221;on|phone&#8221; global_colors_info=&#8221;{}&#8221;]<\/p>\n<h2>Us\u0142uga Badania Wa\u017cno\u015bci Patent\u00f3w<\/h2>\n<p>[\/et_pb_text][et_pb_blurb url=&#8221;#Services&#8221; use_icon=&#8221;on&#8221; icon_color=&#8221;#ffffff&#8221; image_icon_width=&#8221;30px&#8221; _builder_version=&#8221;4.17.1&#8243; _module_preset=&#8221;default&#8221; custom_margin=&#8221;||0px||false|false&#8221; custom_padding=&#8221;||0px||false|false&#8221; global_colors_info=&#8221;{}&#8221;][\/et_pb_blurb][\/et_pb_column][\/et_pb_row][et_pb_row _builder_version=&#8221;4.17.1&#8243; _module_preset=&#8221;default&#8221; global_colors_info=&#8221;{}&#8221;][et_pb_column type=&#8221;4_4&#8243; _builder_version=&#8221;4.17.1&#8243; _module_preset=&#8221;default&#8221; global_colors_info=&#8221;{}&#8221;][et_pb_blurb url=&#8221;#Services&#8221; use_icon=&#8221;on&#8221; font_icon=&#8221;&#x33;||divi||400&#8243; icon_color=&#8221;#ffffff&#8221; image_icon_width=&#8221;30px&#8221; _builder_version=&#8221;4.17.1&#8243; _module_preset=&#8221;default&#8221; custom_margin=&#8221;||0px||false|false&#8221; custom_padding=&#8221;||0px||false|false&#8221; global_colors_info=&#8221;{}&#8221;][\/et_pb_blurb][\/et_pb_column][\/et_pb_row][\/et_pb_section][et_pb_section fb_built=&#8221;1&#8243; admin_label=&#8221;Services&#8221; module_id=&#8221;Services&#8221; _builder_version=&#8221;4.17.1&#8243; _module_preset=&#8221;default&#8221; custom_padding=&#8221;90px|0px|50px|0px||&#8221; global_colors_info=&#8221;{}&#8221;][et_pb_row _builder_version=&#8221;4.17.1&#8243; _module_preset=&#8221;default&#8221; global_colors_info=&#8221;{}&#8221;][et_pb_column type=&#8221;4_4&#8243; _builder_version=&#8221;4.17.1&#8243; _module_preset=&#8221;default&#8221; global_colors_info=&#8221;{}&#8221;][et_pb_divider color=&#8221;#007576&#8243; divider_weight=&#8221;5px&#8221; _builder_version=&#8221;4.17.1&#8243; _module_preset=&#8221;default&#8221; width=&#8221;60px&#8221; module_alignment=&#8221;left&#8221; global_colors_info=&#8221;{}&#8221;][\/et_pb_divider][et_pb_text _builder_version=&#8221;4.17.1&#8243; _module_preset=&#8221;default&#8221; header_2_line_height=&#8221;1.3em&#8221; animation_style=&#8221;slide&#8221; animation_direction=&#8221;left&#8221; animation_intensity_slide=&#8221;5%&#8221; hover_enabled=&#8221;0&#8243; global_colors_info=&#8221;{}&#8221; sticky_enabled=&#8221;0&#8243;]<\/p>\n<h2>UZYSKAJ SZCZEG\u00d3\u0141OWE WYNIKI BADANIA WA\u017bNO\u015aCI PATENTU W MOCY<\/h2>\n<p>Us\u0142uga Badania Wa\u017cno\u015bci Patent\u00f3w (VSS) jest jedn\u0105 z Globalnych us\u0142ug patentowych w zakresie prowadzenia poszukiwa\u0144 oferowanych przez Wyszehradzki Instytut Patentowy (WIP) i jest dost\u0119pna dla ka\u017cdego na ca\u0142ym \u015bwiecie, niezale\u017cnie od narodowo\u015bci. VSS \u015bwiadczona jest przez WIP na podstawie Porozumienia o WIP.<\/p>\n<p><strong>Cel Us\u0142ugi Badania Wa\u017cno\u015bci Patentu (VSS)<\/strong><\/p>\n<p>Us\u0142uga Badania Wa\u017cno\u015bci Patentu (VSS) dostarcza informacji o stanie techniki dla danego patentu b\u0119d\u0105cego w mocy. W ramach us\u0142ugi VSS identyfikowane s\u0105 dokumenty patentowe oraz inne publikacje, kt\u00f3re mog\u0105 by\u0107 brane pod uwag\u0119 przy ocenie nowo\u015bci i poziomu wynalazczego w odniesieniu do konkretnego patentu.<\/p>\n<p>Us\u0142uga VSS mo\u017ce by\u0107 przydatna w wielu sytuacjach, gdy wymagane s\u0105 dodatkowe informacje na temat stanu techniki w odniesieniu do obowi\u0105zuj\u0105cego patentu. Informacje te mog\u0105 by\u0107 wykorzystane przy sk\u0142adaniu sprzeciwu \/ w toku post\u0119powa\u0144 spornych lub s\u0105dowych, a tak\u017ce pomagaj\u0105c znale\u017a\u0107 mocniejsze argumenty np. w przypadku roszcze\u0144 o naruszenie patentu. Dog\u0142\u0119bne poszukiwanie w odniesieniu do patentu mo\u017ce r\u00f3wnie\u017c stanowi\u0107 \u015brodek ochrony inwestycji przed transakcj\u0105 obejmuj\u0105c\u0105 dany patent.<\/p>\n<p><strong>Procedura<\/strong><\/p>\n<p>Patent, w odniesieniu do kt\u00f3rego zlecona ma zosta\u0107 Us\u0142uga Badania Wa\u017cno\u015bci Patentu (VSS), musi zosta\u0107 wskazany przez klienta.<\/p>\n<p>Us\u0142ugi VSS nie mo\u017cna zam\u00f3wi\u0107 w odniesieniu do patent\u00f3w przyznanych przez urz\u0119dy ds. w\u0142asno\u015bci intelektualnej Umawiaj\u0105cych si\u0119 Pa\u0144stw b\u0119d\u0105cych stronami Porozumienia o WIP.<\/p>\n<p>Us\u0142uga VSS jest realizowana z wykorzystaniem baz danych zar\u00f3wno literatury patentowej, jak i niepatentowej, obejmuj\u0105cych minimaln\u0105 dokumentacj\u0119 w rozumieniu Uk\u0142adu o wsp\u00f3\u0142pracy patentowej (PCT). Us\u0142uga VSS \u015bwiadczona jest w j\u0119zyku angielskim. Formularz Wniosku o VSS, jak r\u00f3wnie\u017c wszystkie pozosta\u0142e dokumenty, nale\u017cy z\u0142o\u017cy\u0107 w j\u0119zyku angielskim. Raport z Badania Wa\u017cno\u015bci Patentu wydawany jest w j\u0119zyku angielskim.<\/p>\n<p>Zam\u00f3wienie us\u0142ugi VSS nale\u017cy sk\u0142ada\u0107 poprzez wype\u0142nienie Formularza wniosku o Globalne us\u0142ugi patentowe. Formularz wniosku nale\u017cy przes\u0142a\u0107 poczt\u0105 lub poczt\u0105 elektroniczn\u0105 bezpo\u015brednio do Sekretariatu WIP.<\/p>\n<p><strong>Dane kontaktowe WIP:<\/strong><br \/>Visegrad Patent Institute<br \/>Adres: H-1081 Budapeszt, II. J\u00e1nos P\u00e1l p\u00e1pa t\u00e9r 7, W\u0119gry<br \/>E-mail: secretariat@vpi.int<\/p>\n<p><a href=\"https:\/\/vpi.int\/en\/wp-content\/uploads\/2025\/09\/global-patent-search-services-order-form.pdf\" target=\"_blank\" rel=\"noopener\"><span style=\"text-decoration: underline;\">Pobierz formularz wniosku o Globalne us\u0142ugi patentowe w zakresie prowadzenia poszukiwa\u0144 &gt;&gt;<\/span><\/a><\/p>\n<p><strong>Terminy i dor\u0119czenia<\/strong><\/p>\n<p>WIP sporz\u0105dza Raport z Badania Wa\u017cno\u015bci Patentu (VSR) w terminie czterech tygodni od daty potwierdzenia zam\u00f3wienia, kt\u00f3re jest wystawiane po otrzymaniu wszystkich niezb\u0119dnych informacji, umo\u017cliwiaj\u0105cych merytoryczne poszukiwania w odniesieniu do patentu, oraz po uiszczeniu op\u0142aty na rzecz WIP.<\/p>\n<p>Raport VSR zawiera list\u0119 dokument\u00f3w, kt\u00f3re mog\u0105 wp\u0142ywa\u0107 na wa\u017cno\u015b\u0107 patentu (dokumenty patentowe oraz inne dane dotycz\u0105ce stanu techniki) wraz z ich odniesieniem do wynalazku zawartego w danym patencie, z zastosowaniem odpowiednich mi\u0119dzynarodowych kod\u00f3w kategorii (np. X, Y i A). Do raportu do\u0142\u0105czona jest szczeg\u00f3\u0142owa opinia wyja\u015bniaj\u0105ca, czy przedmiot wynalazku zawartego w omawianym patencie spe\u0142nia podstawowe wymagania zdolno\u015bci patentowej na podstawie przywo\u0142anych dokument\u00f3w.<\/p>\n<p><strong>Op\u0142aty<\/strong><\/p>\n<p>Op\u0142ata za Us\u0142ug\u0119 Badanie Wa\u017cno\u015bci Patentu (VSS) wynosi od 1000 EUR do 2000 EUR, w zale\u017cno\u015bci od stopnia skomplikowania sprawy. Oferta cenowa zostanie przygotowana po z\u0142o\u017ceniu formularza zam\u00f3wienia przez klienta. Op\u0142ata za us\u0142ug\u0119 VSS jest p\u0142atna w terminie okre\u015blonym w ofercie. Uiszczenie op\u0142aty stanowi jednoznaczne zaakceptowanie oferty.<\/p>\n<p>W ci\u0105gu dw\u00f3ch miesi\u0119cy od uko\u0144czenia Raportu VSR, klient mo\u017ce zam\u00f3wi\u0107 dodatkow\u0105 konsultacj\u0119 z ekspertem za op\u0142at\u0105 100 EUR\/godzin\u0119. Termin p\u0142atno\u015bci za t\u0119 us\u0142ug\u0119 jest wskazywany na fakturze wystawionej po konsultacji.<\/p>\n<p>Op\u0142at\u0119 nale\u017cy ui\u015bci\u0107 przelewem bankowym bezpo\u015brednio na rachunek bankowy WIP:<\/p>\n<p>W\u0142a\u015bciciel konta: Visegrad Patent Institute<br \/>Nazwa i adres banku: Raiffeisen Bank Zrt., 116-118. V\u00e1ci \u00fat, 1133 Budapeszt, W\u0119gry<br \/>IBAN: HU66-12012204-01799099-00200000<br \/>Kod SWIFT: UBRTHUHB<\/p>\n<p><a href=\"https:\/\/vpi.int\/en\/wp-content\/uploads\/2025\/09\/global-patent-search-services-terms-and-conditions.pdf\" target=\"_blank\" rel=\"noopener\"><span style=\"text-decoration: underline;\">Pobierz og\u00f3lne warunki Globalnych us\u0142ug patentowych WIP w zakresie prowadzenia poszukiwa\u0144 &gt;&gt;<\/span><\/a><\/p>\n<p>[\/et_pb_text][\/et_pb_column][\/et_pb_row][\/et_pb_section][et_pb_section fb_built=&#8221;1&#8243; admin_label=&#8221;Services&#8221; _builder_version=&#8221;4.16&#8243; _module_preset=&#8221;default&#8221; custom_padding=&#8221;90px|0px|90px|0px&#8221; global_colors_info=&#8221;{}&#8221;][et_pb_row column_structure=&#8221;1_3,1_3,1_3&#8243; use_custom_gutter=&#8221;on&#8221; make_equal=&#8221;on&#8221; _builder_version=&#8221;4.17.1&#8243; _module_preset=&#8221;default&#8221; global_colors_info=&#8221;{}&#8221;][et_pb_column type=&#8221;1_3&#8243; _builder_version=&#8221;4.17.1&#8243; _module_preset=&#8221;default&#8221; global_colors_info=&#8221;{}&#8221;][et_pb_divider color=&#8221;#007576&#8243; divider_weight=&#8221;5px&#8221; _builder_version=&#8221;4.17.1&#8243; _module_preset=&#8221;default&#8221; width=&#8221;60px&#8221; module_alignment=&#8221;left&#8221; global_colors_info=&#8221;{}&#8221;][\/et_pb_divider][et_pb_text _builder_version=&#8221;4.17.1&#8243; _module_preset=&#8221;default&#8221; animation_style=&#8221;slide&#8221; animation_direction=&#8221;bottom&#8221; animation_intensity_slide=&#8221;5%&#8221; global_colors_info=&#8221;{}&#8221;]<\/p>\n<h2>O PCT<\/h2>\n<p>&nbsp;<\/p>\n<p>PCT jest umow\u0105 mi\u0119dzynarodow\u0105, kt\u00f3ra umo\u017cliwia jednoczesne ubieganie si\u0119 o ochron\u0119 patentow\u0105 w wielu krajach poprzez wniesienie jednego zg\u0142oszenia. Udzielenie patentu podlega przepisom krajowym lub regionalnym.<\/p>\n<p>[\/et_pb_text][et_pb_button button_url=&#8221;https:\/\/vpi.int\/pl\/03-o-pct\/&#8221; button_text=&#8221;Wi\u0119cej o PCT&#8221; disabled_on=&#8221;off|off|on&#8221; _builder_version=&#8221;4.17.1&#8243; _module_preset=&#8221;default&#8221; custom_button=&#8221;on&#8221; button_icon=&#8221;&#x35;||divi||400&#8243; global_colors_info=&#8221;{}&#8221;][\/et_pb_button][\/et_pb_column][et_pb_column type=&#8221;1_3&#8243; _builder_version=&#8221;4.17.1&#8243; _module_preset=&#8221;default&#8221; global_colors_info=&#8221;{}&#8221;][et_pb_divider color=&#8221;#808080&#8243; divider_weight=&#8221;5px&#8221; _builder_version=&#8221;4.17.1&#8243; _module_preset=&#8221;default&#8221; width=&#8221;60px&#8221; module_alignment=&#8221;left&#8221; global_colors_info=&#8221;{}&#8221;][\/et_pb_divider][et_pb_text _builder_version=&#8221;4.17.1&#8243; _module_preset=&#8221;default&#8221; animation_style=&#8221;slide&#8221; animation_direction=&#8221;bottom&#8221; animation_intensity_slide=&#8221;5%&#8221; global_colors_info=&#8221;{}&#8221;]<\/p>\n<h2>Op\u0142aty i zwroty<\/h2>\n<p>&nbsp;<\/p>\n<p>Pobierz formularz zwrotu op\u0142aty za poszukiwanie z tej strony i znajd\u017a szczeg\u00f3\u0142owe instrukcje, jak przes\u0142a\u0107 go w celu szybkiej p\u0142atno\u015bci. Przeczytaj o zapewnieniu jako\u015bci oraz ramach prawnych funkcjonowania WIP w naszych oficjalnych dokumentach.<\/p>\n<p>[\/et_pb_text][et_pb_button button_url=&#8221;https:\/\/vpi.int\/pl\/08-oplaty-i-zwroty\/&#8221; button_text=&#8221;Stron\u0119 Op\u0142aty i zwroty&#8221; disabled_on=&#8221;off|off|on&#8221; _builder_version=&#8221;4.17.1&#8243; _module_preset=&#8221;default&#8221; custom_button=&#8221;on&#8221; button_icon=&#8221;&#x35;||divi||400&#8243; global_colors_info=&#8221;{}&#8221;][\/et_pb_button][\/et_pb_column][et_pb_column type=&#8221;1_3&#8243; _builder_version=&#8221;4.17.1&#8243; _module_preset=&#8221;default&#8221; global_colors_info=&#8221;{}&#8221;][et_pb_divider color=&#8221;#145670&#8243; divider_weight=&#8221;5px&#8221; _builder_version=&#8221;4.17.1&#8243; _module_preset=&#8221;default&#8221; width=&#8221;60px&#8221; module_alignment=&#8221;left&#8221; global_colors_info=&#8221;{}&#8221;][\/et_pb_divider][et_pb_text _builder_version=&#8221;4.17.1&#8243; _module_preset=&#8221;default&#8221; animation_style=&#8221;slide&#8221; animation_direction=&#8221;bottom&#8221; animation_intensity_slide=&#8221;5%&#8221; global_colors_info=&#8221;{}&#8221;]<\/p>\n<h2>Centrum wiedzy<\/h2>\n<p>&nbsp;<\/p>\n<p>Centrum wiedzy Wyszehradzkiego Instytutu Patentowego zosta\u0142o utworzone w celu dzielenia si\u0119 badaniami, statystykami, najlepszymi praktykami przemys\u0142owymi i informacjami por\u00f3wnawczymi na temat mi\u0119dzynarodowych patent\u00f3w w krajach Grupy Wyszehradzkiej poprzez publikacje i wydarzenia.<\/p>\n<p>[\/et_pb_text][et_pb_button button_url=&#8221;https:\/\/vpi.int\/pl\/09-centrum-wiedzy\/&#8221; button_text=&#8221;Odwied\u017a Centrum wiedzy&#8221; disabled_on=&#8221;off|off|on&#8221; _builder_version=&#8221;4.17.1&#8243; _module_preset=&#8221;default&#8221; custom_button=&#8221;on&#8221; button_icon=&#8221;&#x35;||divi||400&#8243; global_colors_info=&#8221;{}&#8221;][\/et_pb_button][\/et_pb_column][\/et_pb_row][et_pb_row column_structure=&#8221;1_3,1_3,1_3&#8243; _builder_version=&#8221;4.17.1&#8243; _module_preset=&#8221;default&#8221; global_colors_info=&#8221;{}&#8221;][et_pb_column type=&#8221;1_3&#8243; _builder_version=&#8221;4.17.1&#8243; _module_preset=&#8221;default&#8221; global_colors_info=&#8221;{}&#8221;][et_pb_button button_url=&#8221;https:\/\/vpi.int\/pl\/03-o-pct\/&#8221; button_text=&#8221;Wi\u0119cej o PCT&#8221; disabled_on=&#8221;on|on|off&#8221; _builder_version=&#8221;4.17.1&#8243; _module_preset=&#8221;default&#8221; custom_button=&#8221;on&#8221; button_icon=&#8221;&#x35;||divi||400&#8243; global_colors_info=&#8221;{}&#8221;][\/et_pb_button][\/et_pb_column][et_pb_column type=&#8221;1_3&#8243; _builder_version=&#8221;4.17.1&#8243; _module_preset=&#8221;default&#8221; global_colors_info=&#8221;{}&#8221;][et_pb_button button_url=&#8221;https:\/\/vpi.int\/pl\/08-oplaty-i-zwroty\/&#8221; button_text=&#8221;Stron\u0119 Op\u0142aty i zwroty&#8221; disabled_on=&#8221;on|on|off&#8221; _builder_version=&#8221;4.17.1&#8243; _module_preset=&#8221;default&#8221; custom_button=&#8221;on&#8221; button_icon=&#8221;&#x35;||divi||400&#8243; global_colors_info=&#8221;{}&#8221;][\/et_pb_button][\/et_pb_column][et_pb_column type=&#8221;1_3&#8243; _builder_version=&#8221;4.17.1&#8243; _module_preset=&#8221;default&#8221; global_colors_info=&#8221;{}&#8221;][et_pb_button button_url=&#8221;https:\/\/vpi.int\/pl\/09-centrum-wiedzy\/&#8221; button_text=&#8221;Odwied\u017a Centrum wiedzy&#8221; disabled_on=&#8221;on|on|off&#8221; _builder_version=&#8221;4.17.1&#8243; _module_preset=&#8221;default&#8221; custom_button=&#8221;on&#8221; button_icon=&#8221;&#x35;||divi||400&#8243; global_colors_info=&#8221;{}&#8221;][\/et_pb_button][\/et_pb_column][\/et_pb_row][\/et_pb_section][et_pb_section fb_built=&#8221;1&#8243; disabled_on=&#8221;on|on|off&#8221; _builder_version=&#8221;4.17.1&#8243; _module_preset=&#8221;default&#8221; background_color=&#8221;#145670&#8243; use_background_color_gradient=&#8221;on&#8221; background_color_gradient_direction=&#8221;70deg&#8221; background_color_gradient_stops=&#8221;rgba(0,17,30,0.78) 25%|rgba(0,117,118,0.5) 100%&#8221; background_image=&#8221;https:\/\/vpi.int\/pl\/wp-content\/uploads\/2022\/06\/VPI_citys_turquise_02_01.jpg&#8221; background_size=&#8221;initial&#8221; background_blend=&#8221;soft-light&#8221; background_enable_pattern_style=&#8221;on&#8221; background_pattern_style=&#8221;diagonal-stripes-2&#8243; background_pattern_color=&#8221;rgba(0,117,118,0.2)&#8221; custom_padding=&#8221;130px||130px||true|false&#8221; animation_style=&#8221;fade&#8221; background_last_edited=&#8221;on|phone&#8221; background_size_tablet=&#8221;contain&#8221; global_colors_info=&#8221;{}&#8221;][et_pb_row _builder_version=&#8221;4.17.1&#8243; _module_preset=&#8221;default&#8221; background_enable_color=&#8221;off&#8221; custom_padding=&#8221;30px|30px|30px|30px|true|true&#8221; border_color_all=&#8221;#007576&#8243; global_colors_info=&#8221;{}&#8221;][et_pb_column type=&#8221;4_4&#8243; _builder_version=&#8221;4.17.1&#8243; _module_preset=&#8221;default&#8221; global_colors_info=&#8221;{}&#8221;][\/et_pb_column][\/et_pb_row][\/et_pb_section][et_pb_section fb_built=&#8221;1&#8243; custom_padding_last_edited=&#8221;on|phone&#8221; disabled_on=&#8221;off|off|on&#8221; _builder_version=&#8221;4.17.1&#8243; _module_preset=&#8221;default&#8221; background_color=&#8221;#145670&#8243; use_background_color_gradient=&#8221;on&#8221; background_color_gradient_direction=&#8221;70deg&#8221; background_color_gradient_stops=&#8221;rgba(0,17,30,0.78) 25%|rgba(0,117,118,0.5) 100%&#8221; background_image=&#8221;https:\/\/vpi.int\/pl\/wp-content\/uploads\/2022\/06\/VPI_citys_turquise_02_01.jpg&#8221; background_size=&#8221;initial&#8221; background_blend=&#8221;soft-light&#8221; background_enable_pattern_style=&#8221;on&#8221; background_pattern_style=&#8221;diagonal-stripes-2&#8243; background_pattern_color=&#8221;rgba(0,117,118,0.2)&#8221; custom_padding=&#8221;130px||130px||true|false&#8221; custom_padding_tablet=&#8221;25px||25px||true|false&#8221; custom_padding_phone=&#8221;140px||140px||true|false&#8221; animation_style=&#8221;fade&#8221; background_last_edited=&#8221;on|desktop&#8221; background_image_phone=&#8221;https:\/\/vpi.int\/pl\/wp-content\/uploads\/2022\/06\/VPI_citys_mobile_01.jpg&#8221; background_enable_image_phone=&#8221;on&#8221; background_size_tablet=&#8221;contain&#8221; background_size_phone=&#8221;cover&#8221; background_image_width_phone=&#8221;0%&#8221; background_image_height_phone=&#8221;34%&#8221; global_colors_info=&#8221;{}&#8221;][et_pb_row _builder_version=&#8221;4.17.1&#8243; _module_preset=&#8221;default&#8221; background_enable_color=&#8221;off&#8221; custom_padding=&#8221;30px|30px|30px|30px|true|true&#8221; border_color_all=&#8221;#007576&#8243; global_colors_info=&#8221;{}&#8221;][et_pb_column type=&#8221;4_4&#8243; _builder_version=&#8221;4.17.1&#8243; _module_preset=&#8221;default&#8221; global_colors_info=&#8221;{}&#8221;][\/et_pb_column][\/et_pb_row][\/et_pb_section]<\/p>\n","protected":false},"excerpt":{"rendered":"<p>Us\u0142uga Badania Wa\u017cno\u015bci Patent\u00f3wUZYSKAJ SZCZEG\u00d3\u0141OWE WYNIKI BADANIA WA\u017bNO\u015aCI PATENTU W MOCY Us\u0142uga Badania Wa\u017cno\u015bci Patent\u00f3w (VSS) jest jedn\u0105 z Globalnych us\u0142ug patentowych w zakresie prowadzenia poszukiwa\u0144 oferowanych przez Wyszehradzki Instytut Patentowy (WIP) i jest dost\u0119pna dla ka\u017cdego na ca\u0142ym \u015bwiecie, niezale\u017cnie od narodowo\u015bci. VSS \u015bwiadczona jest przez WIP na podstawie Porozumienia o WIP. Cel Us\u0142ugi [&hellip;]<\/p>\n","protected":false},"author":2,"featured_media":0,"parent":0,"menu_order":0,"comment_status":"closed","ping_status":"closed","template":"","meta":{"_et_pb_use_builder":"on","_et_pb_old_content":"","_et_gb_content_width":"","footnotes":""},"class_list":["post-1641","page","type-page","status-publish","hentry"],"_links":{"self":[{"href":"https:\/\/vpi.int\/pl\/wp-json\/wp\/v2\/pages\/1641","targetHints":{"allow":["GET"]}}],"collection":[{"href":"https:\/\/vpi.int\/pl\/wp-json\/wp\/v2\/pages"}],"about":[{"href":"https:\/\/vpi.int\/pl\/wp-json\/wp\/v2\/types\/page"}],"author":[{"embeddable":true,"href":"https:\/\/vpi.int\/pl\/wp-json\/wp\/v2\/users\/2"}],"replies":[{"embeddable":true,"href":"https:\/\/vpi.int\/pl\/wp-json\/wp\/v2\/comments?post=1641"}],"version-history":[{"count":6,"href":"https:\/\/vpi.int\/pl\/wp-json\/wp\/v2\/pages\/1641\/revisions"}],"predecessor-version":[{"id":1659,"href":"https:\/\/vpi.int\/pl\/wp-json\/wp\/v2\/pages\/1641\/revisions\/1659"}],"wp:attachment":[{"href":"https:\/\/vpi.int\/pl\/wp-json\/wp\/v2\/media?parent=1641"}],"curies":[{"name":"wp","href":"https:\/\/api.w.org\/{rel}","templated":true}]}}