{"id":1370,"date":"2023-09-20T17:58:07","date_gmt":"2023-09-20T17:58:07","guid":{"rendered":"https:\/\/vpi.int\/sk\/?page_id=1370"},"modified":"2025-10-01T04:46:21","modified_gmt":"2025-10-01T04:46:21","slug":"14-resers-na-novost-s-predbeznou-spravou-o-patentovatelnosti","status":"publish","type":"page","link":"https:\/\/vpi.int\/sk\/14-resers-na-novost-s-predbeznou-spravou-o-patentovatelnosti\/","title":{"rendered":"Re\u0161er\u0161 na novos\u0165 s predbe\u017enou spr\u00e1vou o patentovate\u013enosti"},"content":{"rendered":"<p>[et_pb_section fb_built=&#8221;1&#8243; _builder_version=&#8221;4.17.1&#8243; _module_preset=&#8221;default&#8221; background_enable_color=&#8221;off&#8221; use_background_color_gradient=&#8221;on&#8221; background_color_gradient_direction=&#8221;70deg&#8221; background_color_gradient_stops=&#8221;#001a44 0%|rgba(0,168,170,0.55) 99%&#8221; background_enable_image=&#8221;off&#8221; background_blend=&#8221;soft-light&#8221; background_enable_pattern_style=&#8221;on&#8221; background_pattern_style=&#8221;diagonal-stripes-2&#8243; background_pattern_color=&#8221;rgba(0,117,118,0.17)&#8221; custom_padding=&#8221;120px||0px||false|false&#8221; animation_style=&#8221;slide&#8221; animation_direction=&#8221;bottom&#8221; animation_intensity_slide=&#8221;5%&#8221; global_colors_info=&#8221;{}&#8221;][et_pb_row _builder_version=&#8221;4.17.1&#8243; _module_preset=&#8221;default&#8221; background_enable_color=&#8221;off&#8221; custom_padding=&#8221;0px|30px|0px|30px|true|true&#8221; border_color_all=&#8221;#007576&#8243; global_colors_info=&#8221;{}&#8221;][et_pb_column type=&#8221;4_4&#8243; _builder_version=&#8221;4.17.1&#8243; _module_preset=&#8221;default&#8221; global_colors_info=&#8221;{}&#8221;][et_pb_text _builder_version=&#8221;4.17.1&#8243; _module_preset=&#8221;default&#8221; text_font=&#8221;Barlow|300||on|||||&#8221; text_text_color=&#8221;#FFFFFF&#8221; text_font_size=&#8221;22px&#8221; text_letter_spacing=&#8221;5px&#8221; text_line_height=&#8221;1.5em&#8221; header_text_color=&#8221;#FFFFFF&#8221; header_2_font=&#8221;Barlow|600||on|||||&#8221; header_2_text_color=&#8221;#FFFFFF&#8221; header_2_font_size=&#8221;40px&#8221; header_2_letter_spacing=&#8221;5px&#8221; header_2_line_height=&#8221;1.1em&#8221; width=&#8221;70%&#8221; header_2_font_size_tablet=&#8221;40px&#8221; header_2_font_size_phone=&#8221;20px&#8221; header_2_font_size_last_edited=&#8221;on|phone&#8221; global_colors_info=&#8221;{}&#8221;]<\/p>\n<h2>Re\u0161er\u0161 na novos\u0165 s predbe\u017enou spr\u00e1vou o patentovate\u013enosti<\/h2>\n<p>[\/et_pb_text][et_pb_blurb url=&#8221;#Services&#8221; use_icon=&#8221;on&#8221; icon_color=&#8221;#ffffff&#8221; image_icon_width=&#8221;30px&#8221; _builder_version=&#8221;4.17.1&#8243; _module_preset=&#8221;default&#8221; custom_margin=&#8221;||0px||false|false&#8221; custom_padding=&#8221;||0px||false|false&#8221; global_colors_info=&#8221;{}&#8221;][\/et_pb_blurb][\/et_pb_column][\/et_pb_row][et_pb_row _builder_version=&#8221;4.17.1&#8243; _module_preset=&#8221;default&#8221; global_colors_info=&#8221;{}&#8221;][et_pb_column type=&#8221;4_4&#8243; _builder_version=&#8221;4.17.1&#8243; _module_preset=&#8221;default&#8221; global_colors_info=&#8221;{}&#8221;][et_pb_blurb url=&#8221;#Services&#8221; use_icon=&#8221;on&#8221; font_icon=&#8221;&#x33;||divi||400&#8243; icon_color=&#8221;#ffffff&#8221; image_icon_width=&#8221;30px&#8221; _builder_version=&#8221;4.17.1&#8243; _module_preset=&#8221;default&#8221; custom_margin=&#8221;||0px||false|false&#8221; custom_padding=&#8221;||0px||false|false&#8221; global_colors_info=&#8221;{}&#8221;][\/et_pb_blurb][\/et_pb_column][\/et_pb_row][\/et_pb_section][et_pb_section fb_built=&#8221;1&#8243; admin_label=&#8221;Services&#8221; module_id=&#8221;Services&#8221; _builder_version=&#8221;4.17.1&#8243; _module_preset=&#8221;default&#8221; custom_padding=&#8221;90px|0px|50px|0px||&#8221; global_colors_info=&#8221;{}&#8221;][et_pb_row _builder_version=&#8221;4.17.1&#8243; _module_preset=&#8221;default&#8221; global_colors_info=&#8221;{}&#8221;][et_pb_column type=&#8221;4_4&#8243; _builder_version=&#8221;4.17.1&#8243; _module_preset=&#8221;default&#8221; global_colors_info=&#8221;{}&#8221;][et_pb_divider color=&#8221;#007576&#8243; divider_weight=&#8221;5px&#8221; _builder_version=&#8221;4.17.1&#8243; _module_preset=&#8221;default&#8221; width=&#8221;60px&#8221; module_alignment=&#8221;left&#8221; global_colors_info=&#8221;{}&#8221;][\/et_pb_divider][et_pb_text _builder_version=&#8221;4.17.1&#8243; _module_preset=&#8221;default&#8221; header_2_line_height=&#8221;1.3em&#8221; animation_style=&#8221;slide&#8221; animation_direction=&#8221;left&#8221; animation_intensity_slide=&#8221;5%&#8221; hover_enabled=&#8221;0&#8243; global_colors_info=&#8221;{}&#8221; sticky_enabled=&#8221;0&#8243;]<\/p>\n<h2>ZISTITE STAV TECHNIKY A Z\u00cdSKAJTE INFORM\u00c1CIE O PATENTOVATE\u013dNOSTI VYN\u00c1LEZU ALEBO TECHNICK\u00c9HO RIE\u0160ENIA<\/h2>\n<p>&nbsp;<\/p>\n<p>Re\u0161er\u0161 na novos\u0165 s predbe\u017enou spr\u00e1vou o patentovate\u013enosti (NSPPR) je slu\u017ebou, ktor\u00fa Vy\u0161ehradsk\u00fd patentov\u00fd in\u0161tit\u00fat (VPI) poskytuje na z\u00e1klade Dohody o Vy\u0161ehradskom patentovom in\u0161tit\u00fate. Je to glob\u00e1lna patentov\u00e1 re\u0161er\u0161n\u00e1 slu\u017eba VPI, o ktor\u00fa m\u00f4\u017ee po\u017eiada\u0165 ktoko\u013evek bez oh\u013eadu na n\u00e1rodnos\u0165 a \u0161t\u00e1tnu pr\u00edslu\u0161nos\u0165.<\/p>\n<p><strong>Cie\u013e re\u0161er\u0161e na novos\u0165 s predbe\u017enou spr\u00e1vou o patentovate\u013enosti (NSPPR)<\/strong><\/p>\n<p>Re\u0161er\u0161 na novos\u0165 s predbe\u017enou spr\u00e1vou o patentovate\u013enosti (NSPPR) identifikuje patentov\u00e9 dokumenty a in\u00e9 publik\u00e1cie, ktor\u00e9 mo\u017eno vzia\u0165 do \u00favahy pri hodnoten\u00ed novosti a vyn\u00e1lezcovskej \u010dinnosti op\u00edsan\u00e9ho vyn\u00e1lezu, a poskytuje detailn\u00e9 stanovisko k tomu, \u010di vyn\u00e1lez sp\u013a\u0148a tri krit\u00e9ri\u00e1 patentovate\u013enosti: novos\u0165, vyn\u00e1lezcovsk\u00fa \u010dinnos\u0165 a priemyseln\u00fa vyu\u017eite\u013enos\u0165.<\/p>\n<p>Slu\u017eba NSPPR m\u00f4\u017ee by\u0165 u\u017eito\u010dn\u00e1 v mnoh\u00fdch pr\u00edpadoch, napr\u00edklad pri pr\u00edprave patentovej prihl\u00e1\u0161ky, presadzovan\u00ed pr\u00e1v, vyjedn\u00e1van\u00ed s investormi, vyu\u017e\u00edvan\u00ed patentu (licencovanie, predaj, za\u010datie v\u00fdroby, investovanie do importu alebo exportu at\u010f.) alebo pri identifikovan\u00ed mo\u017en\u00fdch smerov v\u00fdskumu a v\u00fdvoja.<\/p>\n<p><strong>Konanie<\/strong><\/p>\n<p>Neexistuj\u00fa \u017eiadne form\u00e1lne po\u017eiadavky t\u00fdkaj\u00face sa opisu vyn\u00e1lezu alebo technick\u00e9ho rie\u0161enia, aby ste ale zo slu\u017eby vy\u0165a\u017eili maximum, odpor\u00fa\u010da sa uvies\u0165 inform\u00e1cie o predmete rovnako detailne, ako sa uv\u00e1dzaj\u00fa v patentovej prihl\u00e1\u0161ke.<\/p>\n<p>Re\u0161er\u0161 na novos\u0165 s predbe\u017enou spr\u00e1vou o patentovate\u013enosti sa vykon\u00e1va v datab\u00e1zach patentovej a nepatentovej literat\u00fary pokr\u00fdvaj\u00facej minim\u00e1lnu dokument\u00e1ciu pod\u013ea Zmluvy o patentovej spolupr\u00e1ci (PCT). V porovnan\u00ed s re\u0161er\u0161ou na novos\u0165 poskytuje slu\u017eba NSPPR aj podrobn\u00e9 stanovisko, \u010di vyn\u00e1lez sp\u013a\u0148a po\u017eiadavky patentovate\u013enosti z h\u013eadiska novosti, vyn\u00e1lezcovskej \u010dinnosti a priemyselnej vyu\u017eite\u013enosti.<\/p>\n<p>Ur\u010denie, \u010di s\u00fa, alebo nie s\u00fa splnen\u00e9 podmienky patentovate\u013enosti, je zalo\u017een\u00e9 na rovnakej anal\u00fdze a krit\u00e9ri\u00e1ch ako p\u00edsomn\u00e9 stanovisko, ktor\u00e9 vypracov\u00e1va org\u00e1n pre medzin\u00e1rodn\u00fa re\u0161er\u0161 alebo org\u00e1n pre medzin\u00e1rodn\u00fd predbe\u017en\u00fd prieskum pod\u013ea PCT.<\/p>\n<p>Slu\u017eba NSPPR sa poskytuje v anglickom jazyku, preto objedn\u00e1vkov\u00fd formul\u00e1r, ako aj predkladan\u00e9 dokumenty s\u00fa v anglickom jazyku. Spr\u00e1va sa tie\u017e vyd\u00e1va v anglickom jazyku.<\/p>\n<p>Objedn\u00e1vky na NSPPR sa pod\u00e1vaj\u00fa vyplnen\u00edm objedn\u00e1vkov\u00e9ho formul\u00e1ra pre glob\u00e1lne patentov\u00e9 slu\u017eby.\u00a0Objedn\u00e1vkov\u00fd formul\u00e1r je potrebn\u00e9 zasla\u0165 priamo na sekretari\u00e1t VPI po\u0161tou alebo e-mailom.<\/p>\n<p>Kontaktn\u00e9 inform\u00e1cie sekretari\u00e1tu VPI:<br \/>Visegrad Patent Institute<br \/>po\u0161tou na adresu: II. J\u00e1nos P\u00e1l p\u00e1pa t\u00e9r 7., H-1081 Budape\u0161\u0165, Ma\u010farsko<br \/>e-mailom na adresu: secretariat@vpi.int<\/p>\n<p><a href=\"https:\/\/vpi.int\/en\/wp-content\/uploads\/2025\/09\/global-patent-search-services-order-form.pdf\" target=\"_blank\" rel=\"noopener\"><span style=\"text-decoration: underline;\"><span style=\"color: #002633; text-decoration: underline;\">Stiahnite si objedn\u00e1vkov\u00fd formul\u00e1r pre glob\u00e1lne patentov\u00e9 slu\u017eby &gt;&gt;<\/span><\/span><\/a><\/p>\n<p><strong>Lehoty a doru\u010denie<\/strong><\/p>\n<p>Vy\u0161ehradsk\u00fd patentov\u00fd in\u0161tit\u00fat vypracuje spr\u00e1vu o re\u0161er\u0161i na novos\u0165 s predbe\u017enou spr\u00e1vou o patentovate\u013enosti (NSPPR) do \u0161tyroch t\u00fd\u017ed\u0148ov od d\u00e1tumu potvrdenia objedn\u00e1vky. Potvrdenie objedn\u00e1vky je vystaven\u00e9 vtedy, ke\u010f s\u00fa k dispoz\u00edcii v\u0161etky potrebn\u00e9 inform\u00e1cie na vykonanie zmysluplnej re\u0161er\u0161e na vyn\u00e1lez a VPI bol zaplaten\u00fd poplatok za dan\u00fa slu\u017ebu.<\/p>\n<p>NSPPR poskytuje aj podrobn\u00e9 stanovisko, \u010di vyn\u00e1lez sp\u013a\u0148a po\u017eiadavky patentovate\u013enosti z h\u013eadiska novosti, vyn\u00e1lezcovskej \u010dinnosti a priemyselnej vyu\u017eite\u013enosti. Uv\u00e1dzaj\u00fa sa aj patentov\u00e9 dokumenty a \u010fal\u0161ie \u00fadaje o stave techniky s predpokladom relevantnosti pre novos\u0165 a vyn\u00e1lezcovsk\u00fa \u010dinnos\u0165 predlo\u017een\u00e9ho vyn\u00e1lezu.<\/p>\n<p><strong>Poplatky<\/strong><\/p>\n<p>Za vypracovanie spr\u00e1vy o re\u0161er\u0161i na novos\u0165 s predbe\u017enou spr\u00e1vou o patentovate\u013enosti sa plat\u00ed pau\u0161\u00e1lny poplatok 950 eur, ktor\u00fd je potrebn\u00e9 uhradi\u0165 bankov\u00fdm prevodom priamo na uveden\u00fd \u00fa\u010det Vy\u0161ehradsk\u00e9ho patentov\u00e9ho in\u0161tit\u00fatu v \u010dase zadania objedn\u00e1vky.<\/p>\n<p>Majite\u013e \u00fa\u010dtu: Visegrad Patent Institute<br \/>N\u00e1zov a adresa banky: Raiffeisen Bank Zrt., 116-118. V\u00e1ci \u00fat 1133 Budapest, Hungary<br \/>IBAN: HU66-12012204-01799099-00200000<br \/>SWIFT Code: UBRTHUHB<\/p>\n<p><a href=\"https:\/\/vpi.int\/en\/wp-content\/uploads\/2025\/09\/global-patent-search-services-terms-and-conditions.pdf\" target=\"_blank\" rel=\"noopener\"><span style=\"text-decoration: underline;\"><span style=\"color: #002633; text-decoration: underline;\">Stiahnite si v\u0161eobecn\u00e9 zmluvn\u00e9 podmienky VPI pre slu\u017eby glob\u00e1lneho vyh\u013ead\u00e1vania patentov &gt;&gt;<\/span><\/span><\/a><\/p>\n<p>&nbsp;<\/p>\n<p>[\/et_pb_text][\/et_pb_column][\/et_pb_row][\/et_pb_section][et_pb_section fb_built=&#8221;1&#8243; admin_label=&#8221;Services&#8221; _builder_version=&#8221;4.16&#8243; _module_preset=&#8221;default&#8221; custom_padding=&#8221;90px|0px|90px|0px&#8221; global_colors_info=&#8221;{}&#8221;][et_pb_row column_structure=&#8221;1_3,1_3,1_3&#8243; use_custom_gutter=&#8221;on&#8221; make_equal=&#8221;on&#8221; _builder_version=&#8221;4.17.1&#8243; _module_preset=&#8221;default&#8221; global_colors_info=&#8221;{}&#8221;][et_pb_column type=&#8221;1_3&#8243; _builder_version=&#8221;4.17.1&#8243; _module_preset=&#8221;default&#8221; global_colors_info=&#8221;{}&#8221;][et_pb_divider color=&#8221;#007576&#8243; divider_weight=&#8221;5px&#8221; _builder_version=&#8221;4.17.1&#8243; _module_preset=&#8221;default&#8221; width=&#8221;60px&#8221; module_alignment=&#8221;left&#8221; global_colors_info=&#8221;{}&#8221;][\/et_pb_divider][et_pb_text _builder_version=&#8221;4.17.1&#8243; _module_preset=&#8221;default&#8221; animation_style=&#8221;slide&#8221; animation_direction=&#8221;bottom&#8221; animation_intensity_slide=&#8221;5%&#8221; global_colors_info=&#8221;{}&#8221;]<\/p>\n<h2>O PCT<\/h2>\n<p>&nbsp;<\/p>\n<p>PCT je medzin\u00e1rodn\u00e1 zmluva, ktor\u00e1 umo\u017e\u0148uje po\u017eiada\u0165 o patentov\u00fa ochranu s\u00fa\u010dasne vo v\u00e4\u010d\u0161om po\u010dte kraj\u00edn podan\u00edm jedinej prihl\u00e1\u0161ky. Udelenie patentu zost\u00e1va v kompetencii n\u00e1rodnej alebo region\u00e1lnej legislat\u00edvy.<\/p>\n<p>[\/et_pb_text][et_pb_button button_url=&#8221;https:\/\/vpi.int\/sk\/03-o-pct\/&#8221; button_text=&#8221;Viac o PCT&#8221; disabled_on=&#8221;off|off|on&#8221; _builder_version=&#8221;4.17.1&#8243; _module_preset=&#8221;default&#8221; custom_button=&#8221;on&#8221; button_icon=&#8221;&#x35;||divi||400&#8243; global_colors_info=&#8221;{}&#8221;][\/et_pb_button][\/et_pb_column][et_pb_column type=&#8221;1_3&#8243; _builder_version=&#8221;4.17.1&#8243; _module_preset=&#8221;default&#8221; global_colors_info=&#8221;{}&#8221;][et_pb_divider color=&#8221;#808080&#8243; divider_weight=&#8221;5px&#8221; _builder_version=&#8221;4.17.1&#8243; _module_preset=&#8221;default&#8221; width=&#8221;60px&#8221; module_alignment=&#8221;left&#8221; global_colors_info=&#8221;{}&#8221;][\/et_pb_divider][et_pb_text _builder_version=&#8221;4.17.1&#8243; _module_preset=&#8221;default&#8221; animation_style=&#8221;slide&#8221; animation_direction=&#8221;bottom&#8221; animation_intensity_slide=&#8221;5%&#8221; global_colors_info=&#8221;{}&#8221;]<\/p>\n<h2>Poplatky a refund\u00e1cia<\/h2>\n<p>&nbsp;<\/p>\n<p>K\u00a0dispoz\u00edcii m\u00e1te formul\u00e1r na refund\u00e1ciu re\u0161er\u0161n\u00e9ho poplatku spolu s\u00a0pokynmi na r\u00fdchlej\u0161ie vr\u00e1tenie poplatku. V na\u0161ich ofici\u00e1lnych dokumentoch sa do\u010d\u00edtate o zabezpe\u010den\u00ed kvality a pr\u00e1vnom r\u00e1mci fungovania VPI.<\/p>\n<p>[\/et_pb_text][et_pb_button button_url=&#8221;https:\/\/vpi.int\/sk\/08-poplatky-a-refundacia\/&#8221; button_text=&#8221;Str\u00e1nku Poplatky a refund\u00e1cia&#8221; disabled_on=&#8221;off|off|on&#8221; _builder_version=&#8221;4.17.1&#8243; _module_preset=&#8221;default&#8221; custom_button=&#8221;on&#8221; button_icon=&#8221;&#x35;||divi||400&#8243; global_colors_info=&#8221;{}&#8221;][\/et_pb_button][\/et_pb_column][et_pb_column type=&#8221;1_3&#8243; _builder_version=&#8221;4.17.1&#8243; _module_preset=&#8221;default&#8221; global_colors_info=&#8221;{}&#8221;][et_pb_divider color=&#8221;#145670&#8243; divider_weight=&#8221;5px&#8221; _builder_version=&#8221;4.17.1&#8243; _module_preset=&#8221;default&#8221; width=&#8221;60px&#8221; module_alignment=&#8221;left&#8221; global_colors_info=&#8221;{}&#8221;][\/et_pb_divider][et_pb_text _builder_version=&#8221;4.17.1&#8243; _module_preset=&#8221;default&#8221; animation_style=&#8221;slide&#8221; animation_direction=&#8221;bottom&#8221; animation_intensity_slide=&#8221;5%&#8221; global_colors_info=&#8221;{}&#8221;]<\/p>\n<h2>Znalostn\u00e9 centrum<\/h2>\n<p>&nbsp;<\/p>\n<p>Znalostn\u00e9 centrum Vy\u0161ehradsk\u00e9ho patentov\u00e9ho in\u0161tit\u00fatu bolo vytvoren\u00e9 s cie\u013eom zdie\u013ea\u0165 v\u00fdskum, \u0161tatistiky, osved\u010den\u00e9 postupy v priemysle a prepoji\u0165 inform\u00e1cie o medzin\u00e1rodnom patentovan\u00ed vo vy\u0161ehradsk\u00fdch krajin\u00e1ch prostredn\u00edctvom publik\u00e1ci\u00ed a podujat\u00ed.<\/p>\n<p>[\/et_pb_text][et_pb_button button_url=&#8221;https:\/\/vpi.int\/sk\/09-znalostne-centrum\/&#8221; button_text=&#8221;Nav\u0161t\u00edvte Znalostn\u00e9 centrum&#8221; disabled_on=&#8221;off|off|on&#8221; _builder_version=&#8221;4.17.1&#8243; _module_preset=&#8221;default&#8221; custom_button=&#8221;on&#8221; button_icon=&#8221;&#x35;||divi||400&#8243; global_colors_info=&#8221;{}&#8221;][\/et_pb_button][\/et_pb_column][\/et_pb_row][et_pb_row column_structure=&#8221;1_3,1_3,1_3&#8243; _builder_version=&#8221;4.17.1&#8243; _module_preset=&#8221;default&#8221; global_colors_info=&#8221;{}&#8221;][et_pb_column type=&#8221;1_3&#8243; _builder_version=&#8221;4.17.1&#8243; _module_preset=&#8221;default&#8221; global_colors_info=&#8221;{}&#8221;][et_pb_button button_url=&#8221;https:\/\/vpi.int\/sk\/03-o-pct\/&#8221; button_text=&#8221;Viac o PCT&#8221; disabled_on=&#8221;on|on|off&#8221; _builder_version=&#8221;4.17.1&#8243; _module_preset=&#8221;default&#8221; custom_button=&#8221;on&#8221; button_icon=&#8221;&#x35;||divi||400&#8243; global_colors_info=&#8221;{}&#8221;][\/et_pb_button][\/et_pb_column][et_pb_column type=&#8221;1_3&#8243; _builder_version=&#8221;4.17.1&#8243; _module_preset=&#8221;default&#8221; global_colors_info=&#8221;{}&#8221;][et_pb_button button_url=&#8221;https:\/\/vpi.int\/sk\/08-poplatky-a-refundacia\/&#8221; button_text=&#8221;Str\u00e1nku Poplatky a refund\u00e1cia&#8221; disabled_on=&#8221;on|on|off&#8221; _builder_version=&#8221;4.17.1&#8243; _module_preset=&#8221;default&#8221; custom_button=&#8221;on&#8221; button_icon=&#8221;&#x35;||divi||400&#8243; global_colors_info=&#8221;{}&#8221;][\/et_pb_button][\/et_pb_column][et_pb_column type=&#8221;1_3&#8243; _builder_version=&#8221;4.17.1&#8243; _module_preset=&#8221;default&#8221; global_colors_info=&#8221;{}&#8221;][et_pb_button button_url=&#8221;https:\/\/vpi.int\/sk\/09-znalostne-centrum\/&#8221; button_text=&#8221;Nav\u0161t\u00edvte Znalostn\u00e9 centrum&#8221; disabled_on=&#8221;on|on|off&#8221; _builder_version=&#8221;4.17.1&#8243; _module_preset=&#8221;default&#8221; custom_button=&#8221;on&#8221; button_icon=&#8221;&#x35;||divi||400&#8243; global_colors_info=&#8221;{}&#8221;][\/et_pb_button][\/et_pb_column][\/et_pb_row][\/et_pb_section][et_pb_section fb_built=&#8221;1&#8243; disabled_on=&#8221;on|on|off&#8221; _builder_version=&#8221;4.17.1&#8243; _module_preset=&#8221;default&#8221; background_color=&#8221;#145670&#8243; use_background_color_gradient=&#8221;on&#8221; background_color_gradient_direction=&#8221;70deg&#8221; background_color_gradient_stops=&#8221;rgba(0,17,30,0.78) 25%|rgba(0,117,118,0.5) 100%&#8221; background_image=&#8221;https:\/\/vpi.int\/sk\/wp-content\/uploads\/2022\/06\/VPI_citys_turquise_02_01.jpg&#8221; background_size=&#8221;initial&#8221; background_blend=&#8221;soft-light&#8221; background_enable_pattern_style=&#8221;on&#8221; background_pattern_style=&#8221;diagonal-stripes-2&#8243; background_pattern_color=&#8221;rgba(0,117,118,0.2)&#8221; custom_padding=&#8221;130px||130px||true|false&#8221; animation_style=&#8221;fade&#8221; background_last_edited=&#8221;on|phone&#8221; background_size_tablet=&#8221;contain&#8221; global_colors_info=&#8221;{}&#8221;][et_pb_row _builder_version=&#8221;4.17.1&#8243; _module_preset=&#8221;default&#8221; background_enable_color=&#8221;off&#8221; custom_padding=&#8221;30px|30px|30px|30px|true|true&#8221; border_color_all=&#8221;#007576&#8243; global_colors_info=&#8221;{}&#8221;][et_pb_column type=&#8221;4_4&#8243; _builder_version=&#8221;4.17.1&#8243; _module_preset=&#8221;default&#8221; global_colors_info=&#8221;{}&#8221;][\/et_pb_column][\/et_pb_row][\/et_pb_section][et_pb_section fb_built=&#8221;1&#8243; custom_padding_last_edited=&#8221;on|phone&#8221; disabled_on=&#8221;off|off|on&#8221; _builder_version=&#8221;4.17.1&#8243; _module_preset=&#8221;default&#8221; background_color=&#8221;#145670&#8243; use_background_color_gradient=&#8221;on&#8221; background_color_gradient_direction=&#8221;70deg&#8221; background_color_gradient_stops=&#8221;rgba(0,17,30,0.78) 25%|rgba(0,117,118,0.5) 100%&#8221; background_image=&#8221;https:\/\/vpi.int\/sk\/wp-content\/uploads\/2022\/06\/VPI_citys_turquise_02_01.jpg&#8221; background_size=&#8221;initial&#8221; background_blend=&#8221;soft-light&#8221; background_enable_pattern_style=&#8221;on&#8221; background_pattern_style=&#8221;diagonal-stripes-2&#8243; background_pattern_color=&#8221;rgba(0,117,118,0.2)&#8221; custom_padding=&#8221;130px||130px||true|false&#8221; custom_padding_tablet=&#8221;25px||25px||true|false&#8221; custom_padding_phone=&#8221;140px||140px||true|false&#8221; animation_style=&#8221;fade&#8221; background_last_edited=&#8221;on|desktop&#8221; background_image_phone=&#8221;https:\/\/vpi.int\/sk\/wp-content\/uploads\/2022\/06\/VPI_citys_mobile_01.jpg&#8221; background_enable_image_phone=&#8221;on&#8221; background_size_tablet=&#8221;contain&#8221; background_size_phone=&#8221;cover&#8221; background_image_width_phone=&#8221;0%&#8221; background_image_height_phone=&#8221;34%&#8221; global_colors_info=&#8221;{}&#8221;][et_pb_row _builder_version=&#8221;4.17.1&#8243; _module_preset=&#8221;default&#8221; background_enable_color=&#8221;off&#8221; custom_padding=&#8221;30px|30px|30px|30px|true|true&#8221; border_color_all=&#8221;#007576&#8243; global_colors_info=&#8221;{}&#8221;][et_pb_column type=&#8221;4_4&#8243; _builder_version=&#8221;4.17.1&#8243; _module_preset=&#8221;default&#8221; global_colors_info=&#8221;{}&#8221;][\/et_pb_column][\/et_pb_row][\/et_pb_section]<\/p>\n","protected":false},"excerpt":{"rendered":"<p>Re\u0161er\u0161 na novos\u0165 s predbe\u017enou spr\u00e1vou o patentovate\u013enostiZISTITE STAV TECHNIKY A Z\u00cdSKAJTE INFORM\u00c1CIE O PATENTOVATE\u013dNOSTI VYN\u00c1LEZU ALEBO TECHNICK\u00c9HO RIE\u0160ENIA &nbsp; Re\u0161er\u0161 na novos\u0165 s predbe\u017enou spr\u00e1vou o patentovate\u013enosti (NSPPR) je slu\u017ebou, ktor\u00fa Vy\u0161ehradsk\u00fd patentov\u00fd in\u0161tit\u00fat (VPI) poskytuje na z\u00e1klade Dohody o Vy\u0161ehradskom patentovom in\u0161tit\u00fate. Je to glob\u00e1lna patentov\u00e1 re\u0161er\u0161n\u00e1 slu\u017eba VPI, o ktor\u00fa m\u00f4\u017ee po\u017eiada\u0165 [&hellip;]<\/p>\n","protected":false},"author":2,"featured_media":0,"parent":0,"menu_order":0,"comment_status":"closed","ping_status":"closed","template":"","meta":{"_et_pb_use_builder":"on","_et_pb_old_content":"","_et_gb_content_width":"","footnotes":""},"class_list":["post-1370","page","type-page","status-publish","hentry"],"_links":{"self":[{"href":"https:\/\/vpi.int\/sk\/wp-json\/wp\/v2\/pages\/1370","targetHints":{"allow":["GET"]}}],"collection":[{"href":"https:\/\/vpi.int\/sk\/wp-json\/wp\/v2\/pages"}],"about":[{"href":"https:\/\/vpi.int\/sk\/wp-json\/wp\/v2\/types\/page"}],"author":[{"embeddable":true,"href":"https:\/\/vpi.int\/sk\/wp-json\/wp\/v2\/users\/2"}],"replies":[{"embeddable":true,"href":"https:\/\/vpi.int\/sk\/wp-json\/wp\/v2\/comments?post=1370"}],"version-history":[{"count":11,"href":"https:\/\/vpi.int\/sk\/wp-json\/wp\/v2\/pages\/1370\/revisions"}],"predecessor-version":[{"id":1609,"href":"https:\/\/vpi.int\/sk\/wp-json\/wp\/v2\/pages\/1370\/revisions\/1609"}],"wp:attachment":[{"href":"https:\/\/vpi.int\/sk\/wp-json\/wp\/v2\/media?parent=1370"}],"curies":[{"name":"wp","href":"https:\/\/api.w.org\/{rel}","templated":true}]}}