{"id":1585,"date":"2025-09-14T14:32:04","date_gmt":"2025-09-14T14:32:04","guid":{"rendered":"https:\/\/vpi.int\/sk\/?page_id=1585"},"modified":"2025-10-01T04:43:50","modified_gmt":"2025-10-01T04:43:50","slug":"15-preverenie-patentu","status":"publish","type":"page","link":"https:\/\/vpi.int\/sk\/15-preverenie-patentu\/","title":{"rendered":"Preverenie patentu"},"content":{"rendered":"<p>[et_pb_section fb_built=&#8221;1&#8243; _builder_version=&#8221;4.17.1&#8243; _module_preset=&#8221;default&#8221; background_enable_color=&#8221;off&#8221; use_background_color_gradient=&#8221;on&#8221; background_color_gradient_direction=&#8221;70deg&#8221; background_color_gradient_stops=&#8221;#001a44 0%|rgba(0,168,170,0.55) 99%&#8221; background_enable_image=&#8221;off&#8221; background_blend=&#8221;soft-light&#8221; background_enable_pattern_style=&#8221;on&#8221; background_pattern_style=&#8221;diagonal-stripes-2&#8243; background_pattern_color=&#8221;rgba(0,117,118,0.17)&#8221; custom_padding=&#8221;120px||0px||false|false&#8221; animation_style=&#8221;slide&#8221; animation_direction=&#8221;bottom&#8221; animation_intensity_slide=&#8221;5%&#8221; global_colors_info=&#8221;{}&#8221;][et_pb_row _builder_version=&#8221;4.17.1&#8243; _module_preset=&#8221;default&#8221; background_enable_color=&#8221;off&#8221; custom_padding=&#8221;0px|30px|0px|30px|true|true&#8221; border_color_all=&#8221;#007576&#8243; global_colors_info=&#8221;{}&#8221;][et_pb_column type=&#8221;4_4&#8243; _builder_version=&#8221;4.17.1&#8243; _module_preset=&#8221;default&#8221; global_colors_info=&#8221;{}&#8221;][et_pb_text _builder_version=&#8221;4.17.1&#8243; _module_preset=&#8221;default&#8221; text_font=&#8221;Barlow|300||on|||||&#8221; text_text_color=&#8221;#FFFFFF&#8221; text_font_size=&#8221;22px&#8221; text_letter_spacing=&#8221;5px&#8221; text_line_height=&#8221;1.5em&#8221; header_text_color=&#8221;#FFFFFF&#8221; header_2_font=&#8221;Barlow|600||on|||||&#8221; header_2_text_color=&#8221;#FFFFFF&#8221; header_2_font_size=&#8221;40px&#8221; header_2_letter_spacing=&#8221;5px&#8221; header_2_line_height=&#8221;1.1em&#8221; width=&#8221;70%&#8221; header_2_font_size_tablet=&#8221;40px&#8221; header_2_font_size_phone=&#8221;20px&#8221; header_2_font_size_last_edited=&#8221;on|phone&#8221; global_colors_info=&#8221;{}&#8221;]<\/p>\n<h2>Preverenie patentu<\/h2>\n<p>[\/et_pb_text][et_pb_blurb url=&#8221;#Services&#8221; use_icon=&#8221;on&#8221; icon_color=&#8221;#ffffff&#8221; image_icon_width=&#8221;30px&#8221; _builder_version=&#8221;4.17.1&#8243; _module_preset=&#8221;default&#8221; custom_margin=&#8221;||0px||false|false&#8221; custom_padding=&#8221;||0px||false|false&#8221; global_colors_info=&#8221;{}&#8221;][\/et_pb_blurb][\/et_pb_column][\/et_pb_row][et_pb_row _builder_version=&#8221;4.17.1&#8243; _module_preset=&#8221;default&#8221; global_colors_info=&#8221;{}&#8221;][et_pb_column type=&#8221;4_4&#8243; _builder_version=&#8221;4.17.1&#8243; _module_preset=&#8221;default&#8221; global_colors_info=&#8221;{}&#8221;][et_pb_blurb url=&#8221;#Services&#8221; use_icon=&#8221;on&#8221; font_icon=&#8221;&#x33;||divi||400&#8243; icon_color=&#8221;#ffffff&#8221; image_icon_width=&#8221;30px&#8221; _builder_version=&#8221;4.17.1&#8243; _module_preset=&#8221;default&#8221; custom_margin=&#8221;||0px||false|false&#8221; custom_padding=&#8221;||0px||false|false&#8221; global_colors_info=&#8221;{}&#8221;][\/et_pb_blurb][\/et_pb_column][\/et_pb_row][\/et_pb_section][et_pb_section fb_built=&#8221;1&#8243; admin_label=&#8221;Services&#8221; module_id=&#8221;Services&#8221; _builder_version=&#8221;4.17.1&#8243; _module_preset=&#8221;default&#8221; custom_padding=&#8221;90px|0px|50px|0px||&#8221; global_colors_info=&#8221;{}&#8221;][et_pb_row _builder_version=&#8221;4.17.1&#8243; _module_preset=&#8221;default&#8221; global_colors_info=&#8221;{}&#8221;][et_pb_column type=&#8221;4_4&#8243; _builder_version=&#8221;4.17.1&#8243; _module_preset=&#8221;default&#8221; global_colors_info=&#8221;{}&#8221;][et_pb_divider color=&#8221;#007576&#8243; divider_weight=&#8221;5px&#8221; _builder_version=&#8221;4.17.1&#8243; _module_preset=&#8221;default&#8221; width=&#8221;60px&#8221; module_alignment=&#8221;left&#8221; global_colors_info=&#8221;{}&#8221;][\/et_pb_divider][et_pb_text _builder_version=&#8221;4.17.1&#8243; _module_preset=&#8221;default&#8221; header_2_line_height=&#8221;1.3em&#8221; animation_style=&#8221;slide&#8221; animation_direction=&#8221;left&#8221; animation_intensity_slide=&#8221;5%&#8221; hover_enabled=&#8221;0&#8243; global_colors_info=&#8221;{}&#8221; sticky_enabled=&#8221;0&#8243;]<\/p>\n<h2>Z\u00cdSKAJTE PODROBN\u00c9 V\u00ddSLEDKY RE\u0160ER\u0160E T\u00ddKAJ\u00daCE SA PREVERENIA PATENTU<\/h2>\n<p>&nbsp;<\/p>\n<p>Slu\u017eba \u201cPreverenie patentu\u201d (VSS) je jednou z Glob\u00e1lnych Patentov\u00fdch Re\u0161er\u0161n\u00fdch Slu\u017eieb Vy\u0161ehradsk\u00e9ho Patentov\u00e9ho In\u0161tit\u00fatu (VPI), ktor\u00e1 je dostupn\u00e1 komuko\u013evek na svete bez oh\u013eadu na \u0161t\u00e1tnu pr\u00edslu\u0161nos\u0165. VSS poskytuje VPI na z\u00e1klade Dohody o VPI.<\/p>\n<p><strong>Cie\u013e slu\u017eby \u201cPreverenie patentu\u201d (VSS)<\/strong><\/p>\n<p>Slu\u017eba \u201cPreverenie patentu\u201d (VSS) poskytuje inform\u00e1cie o skor\u0161om stave techniky vo vz\u0165ahu k ur\u010dit\u00e9mu platn\u00e9mu patentu. Identifikuje patentov\u00e9 dokumenty a publik\u00e1cie, ktor\u00e9 m\u00f4\u017eu by\u0165 zoh\u013eadnen\u00e9 pri posudzovan\u00ed novosti a vyn\u00e1lezcovskej \u010dinnosti vo vz\u0165ahu k tomuto patentu.<\/p>\n<p>VSS m\u00f4\u017ee by\u0165 u\u017eito\u010dn\u00e1 v r\u00f4znych situ\u00e1ci\u00e1ch, ke\u010f je potrebn\u00e9 viac inform\u00e1ci\u00ed o skor\u0161om stave techniky v s\u00favislosti s platn\u00fdm patentom \u2013 napr\u00edklad pri podan\u00ed n\u00e1mietok\/presk\u00faman\u00ed patentu po udelen\u00ed, pri s\u00fadnom spore alebo na posilnenie n\u00e1rokov pri poru\u0161en\u00ed pr\u00e1v. Podrobn\u00e1 patentov\u00e1 re\u0161er\u0161 m\u00f4\u017ee tie\u017e chr\u00e1ni\u0165 invest\u00edcie pred pl\u00e1novan\u00fdmi transakciami t\u00fdkaj\u00facimi sa dan\u00e9ho patentu.<\/p>\n<p><strong>Proces<\/strong><\/p>\n<p>Patent, ku ktor\u00e9mu sa slu\u017eba VSS po\u017eaduje, mus\u00ed by\u0165 ur\u010den\u00fd z\u00e1kazn\u00edkom.<br \/>VSS od VPI nie je mo\u017en\u00e9 po\u017eiada\u0165 vo vz\u0165ahu k patentom udelen\u00fdm niektor\u00fdm z \u00faradov du\u0161evn\u00e9ho vlastn\u00edctva zmluvn\u00fdch \u0161t\u00e1tov VPI.<\/p>\n<p>Preverenie patentu sa vykon\u00e1va pomocou datab\u00e1z patentovej a nepatentovej literat\u00fary, ktor\u00e9 pokr\u00fdvaj\u00fa minim\u00e1lnu dokument\u00e1ciu ur\u010den\u00fa Zmluvou o patentovej spolupr\u00e1ci (PCT). Slu\u017eba sa poskytuje v angli\u010dtine. Objedn\u00e1vkov\u00fd formul\u00e1r a v\u0161etky dokumenty musia by\u0165 predlo\u017een\u00e9 v angli\u010dtine. Spr\u00e1va o preveren\u00ed patentu je taktie\u017e vyhotoven\u00e1 v angli\u010dtine.<\/p>\n<p>Objedn\u00e1vky sa pod\u00e1vaj\u00fa zaslan\u00edm vyplnen\u00e9ho objedn\u00e1vkov\u00e9ho formul\u00e1ra pre Glob\u00e1lne Patentov\u00e9 Slu\u017eby po\u0161tou alebo e-mailom priamo na sekretari\u00e1t VPI.<\/p>\n<p><strong>Kontaktn\u00e9 \u00fadaje VPI:<\/strong><br \/>Visegrad Patent Institute<br \/>po\u0161tov\u00e1 adresa: H-1081 Budapest, II. J\u00e1nos P\u00e1l p\u00e1pa t\u00e9r 7., Ma\u010farsko<br \/>email: secretariat@vpi.int<\/p>\n<p><a href=\"https:\/\/vpi.int\/en\/wp-content\/uploads\/2025\/09\/global-patent-search-services-order-form.pdf\" target=\"_blank\" rel=\"noopener\"><span style=\"text-decoration: underline;\">Stiahnu\u0165 objedn\u00e1vkov\u00fd formul\u00e1r pre Glob\u00e1lne Patentov\u00e9 Re\u0161er\u0161n\u00e9 Slu\u017eby &gt;&gt;<\/span><\/a><\/p>\n<p><strong>Lehoty a doru\u010denie<\/strong><\/p>\n<p>VPI vypracuje Spr\u00e1vu o preveren\u00ed patentu (VSR) do \u0161tyroch t\u00fd\u017ed\u0148ov od potvrdenia objedn\u00e1vky. Objedn\u00e1vka sa potvrd\u00ed, po poskytnut\u00ed v\u0161etk\u00fdch potrebn\u00fdch \u00fadajov na vykonanie re\u0161er\u0161e a zaplaten\u00ed poplatku za t\u00fato slu\u017ebu.<\/p>\n<p>VSR obsahuje zoznam dokumentov, ktor\u00e9 m\u00f4\u017eu ovplyvni\u0165 platnos\u0165 patentu (patentov\u00e9 dokumenty a \u010fal\u0161ie \u00fadaje o skor\u0161om stave techniky), a ich vz\u0165ah k vyn\u00e1lezu obsiahnut\u00e9mu v danom patente vyjadren\u00fd pomocou pr\u00edslu\u0161n\u00fdch medzin\u00e1rodn\u00fdch k\u00f3dov kateg\u00f3ri\u00ed dokumentov (t. j. X, Y, A). Obsahuje aj podrobn\u00fd posudok, \u010di predmet vyn\u00e1lezu obsiahnut\u00e9ho v danom patente sp\u013a\u0148a s oh\u013eadom na citovan\u00e9 dokumenty z\u00e1kladn\u00e9 podmienky patentovate\u013enosti.<\/p>\n<p><strong>Poplatky<\/strong><\/p>\n<p>Poplatok za slu\u017ebu VSS sa pohybuje medzi 1 000 EUR a\u017e 2 000 EUR v z\u00e1vislosti od n\u00e1ro\u010dnosti pr\u00edpadu. Cenov\u00e1 ponuka sa vystav\u00ed po predlo\u017een\u00ed objedn\u00e1vky z\u00e1kazn\u00edkom. Lehota splatnosti poplatku bude stanoven\u00e1 v cenovej ponuke. Platba poplatku predstavuje v\u00fdslovn\u00e9 prijatie ponuky.<\/p>\n<p>Do dvoch mesiacov po vyhotoven\u00ed VSR je mo\u017en\u00e9 po\u017eiada\u0165 o konzult\u00e1ciu s expertom za poplatok 100 EUR\/hod. Lehota splatnosti sa uvedie na fakt\u00fare vydanej po konzult\u00e1cii.<\/p>\n<p>Poplatky sa platia priamo na bankov\u00fd \u00fa\u010det VPI bankov\u00fdm prevodom.<\/p>\n<p><strong>\u00dadaje k bankov\u00e9mu prevodu:<\/strong><br \/>Majite\u013e \u00fa\u010dtu: Visegrad Patent Institute<br \/>Banka: Raiffeisen Bank Zrt., 116-118. V\u00e1ci \u00fat, 1133 Budapest, Ma\u010farsko<br \/>IBAN: HU66-12012204-01799099-00200000<br \/>SWIFT: UBRTHUHB<\/p>\n<p><a href=\"https:\/\/vpi.int\/en\/wp-content\/uploads\/2025\/09\/global-patent-search-services-terms-and-conditions.pdf\" target=\"_blank\" rel=\"noopener\"><span style=\"text-decoration: underline;\">Stiahnu\u0165 V\u0161eobecn\u00e9 Obchodn\u00e9 Podmienky Glob\u00e1lnych Patentov\u00fdch Re\u0161er\u0161n\u00fdch Slu\u017eieb VPI &gt;&gt;\u00a0<\/span><\/a><\/p>\n<p>[\/et_pb_text][\/et_pb_column][\/et_pb_row][\/et_pb_section][et_pb_section fb_built=&#8221;1&#8243; admin_label=&#8221;Services&#8221; _builder_version=&#8221;4.16&#8243; _module_preset=&#8221;default&#8221; custom_padding=&#8221;90px|0px|90px|0px&#8221; global_colors_info=&#8221;{}&#8221;][et_pb_row column_structure=&#8221;1_3,1_3,1_3&#8243; use_custom_gutter=&#8221;on&#8221; make_equal=&#8221;on&#8221; _builder_version=&#8221;4.17.1&#8243; _module_preset=&#8221;default&#8221; global_colors_info=&#8221;{}&#8221;][et_pb_column type=&#8221;1_3&#8243; _builder_version=&#8221;4.17.1&#8243; _module_preset=&#8221;default&#8221; global_colors_info=&#8221;{}&#8221;][et_pb_divider color=&#8221;#007576&#8243; divider_weight=&#8221;5px&#8221; _builder_version=&#8221;4.17.1&#8243; _module_preset=&#8221;default&#8221; width=&#8221;60px&#8221; module_alignment=&#8221;left&#8221; global_colors_info=&#8221;{}&#8221;][\/et_pb_divider][et_pb_text _builder_version=&#8221;4.17.1&#8243; _module_preset=&#8221;default&#8221; animation_style=&#8221;slide&#8221; animation_direction=&#8221;bottom&#8221; animation_intensity_slide=&#8221;5%&#8221; global_colors_info=&#8221;{}&#8221;]<\/p>\n<h2>O PCT<\/h2>\n<p>&nbsp;<\/p>\n<p>PCT je medzin\u00e1rodn\u00e1 zmluva, ktor\u00e1 umo\u017e\u0148uje po\u017eiada\u0165 o patentov\u00fa ochranu s\u00fa\u010dasne vo v\u00e4\u010d\u0161om po\u010dte kraj\u00edn podan\u00edm jedinej prihl\u00e1\u0161ky. Udelenie patentu zost\u00e1va v kompetencii n\u00e1rodnej alebo region\u00e1lnej legislat\u00edvy.<\/p>\n<p>[\/et_pb_text][et_pb_button button_url=&#8221;https:\/\/vpi.int\/sk\/03-o-pct\/&#8221; button_text=&#8221;Viac o PCT&#8221; disabled_on=&#8221;off|off|on&#8221; _builder_version=&#8221;4.17.1&#8243; _module_preset=&#8221;default&#8221; custom_button=&#8221;on&#8221; button_icon=&#8221;&#x35;||divi||400&#8243; global_colors_info=&#8221;{}&#8221;][\/et_pb_button][\/et_pb_column][et_pb_column type=&#8221;1_3&#8243; _builder_version=&#8221;4.17.1&#8243; _module_preset=&#8221;default&#8221; global_colors_info=&#8221;{}&#8221;][et_pb_divider color=&#8221;#808080&#8243; divider_weight=&#8221;5px&#8221; _builder_version=&#8221;4.17.1&#8243; _module_preset=&#8221;default&#8221; width=&#8221;60px&#8221; module_alignment=&#8221;left&#8221; global_colors_info=&#8221;{}&#8221;][\/et_pb_divider][et_pb_text _builder_version=&#8221;4.17.1&#8243; _module_preset=&#8221;default&#8221; animation_style=&#8221;slide&#8221; animation_direction=&#8221;bottom&#8221; animation_intensity_slide=&#8221;5%&#8221; global_colors_info=&#8221;{}&#8221;]<\/p>\n<h2>Poplatky a refund\u00e1cia<\/h2>\n<p>&nbsp;<\/p>\n<p>K\u00a0dispoz\u00edcii m\u00e1te formul\u00e1r na refund\u00e1ciu re\u0161er\u0161n\u00e9ho poplatku spolu s\u00a0pokynmi na r\u00fdchlej\u0161ie vr\u00e1tenie poplatku. V na\u0161ich ofici\u00e1lnych dokumentoch sa do\u010d\u00edtate o zabezpe\u010den\u00ed kvality a pr\u00e1vnom r\u00e1mci fungovania VPI.<\/p>\n<p>[\/et_pb_text][et_pb_button button_url=&#8221;https:\/\/vpi.int\/sk\/08-poplatky-a-refundacia\/&#8221; button_text=&#8221;Str\u00e1nku Poplatky a refund\u00e1cia&#8221; disabled_on=&#8221;off|off|on&#8221; _builder_version=&#8221;4.17.1&#8243; _module_preset=&#8221;default&#8221; custom_button=&#8221;on&#8221; button_icon=&#8221;&#x35;||divi||400&#8243; global_colors_info=&#8221;{}&#8221;][\/et_pb_button][\/et_pb_column][et_pb_column type=&#8221;1_3&#8243; _builder_version=&#8221;4.17.1&#8243; _module_preset=&#8221;default&#8221; global_colors_info=&#8221;{}&#8221;][et_pb_divider color=&#8221;#145670&#8243; divider_weight=&#8221;5px&#8221; _builder_version=&#8221;4.17.1&#8243; _module_preset=&#8221;default&#8221; width=&#8221;60px&#8221; module_alignment=&#8221;left&#8221; global_colors_info=&#8221;{}&#8221;][\/et_pb_divider][et_pb_text _builder_version=&#8221;4.17.1&#8243; _module_preset=&#8221;default&#8221; animation_style=&#8221;slide&#8221; animation_direction=&#8221;bottom&#8221; animation_intensity_slide=&#8221;5%&#8221; global_colors_info=&#8221;{}&#8221;]<\/p>\n<h2>Znalostn\u00e9 centrum<\/h2>\n<p>&nbsp;<\/p>\n<p>Znalostn\u00e9 centrum Vy\u0161ehradsk\u00e9ho patentov\u00e9ho in\u0161tit\u00fatu bolo vytvoren\u00e9 s cie\u013eom zdie\u013ea\u0165 v\u00fdskum, \u0161tatistiky, osved\u010den\u00e9 postupy v priemysle a prepoji\u0165 inform\u00e1cie o medzin\u00e1rodnom patentovan\u00ed vo vy\u0161ehradsk\u00fdch krajin\u00e1ch prostredn\u00edctvom publik\u00e1ci\u00ed a podujat\u00ed.<\/p>\n<p>[\/et_pb_text][et_pb_button button_url=&#8221;https:\/\/vpi.int\/sk\/09-znalostne-centrum\/&#8221; button_text=&#8221;Nav\u0161t\u00edvte Znalostn\u00e9 centrum&#8221; disabled_on=&#8221;off|off|on&#8221; _builder_version=&#8221;4.17.1&#8243; _module_preset=&#8221;default&#8221; custom_button=&#8221;on&#8221; button_icon=&#8221;&#x35;||divi||400&#8243; global_colors_info=&#8221;{}&#8221;][\/et_pb_button][\/et_pb_column][\/et_pb_row][et_pb_row column_structure=&#8221;1_3,1_3,1_3&#8243; _builder_version=&#8221;4.17.1&#8243; _module_preset=&#8221;default&#8221; global_colors_info=&#8221;{}&#8221;][et_pb_column type=&#8221;1_3&#8243; _builder_version=&#8221;4.17.1&#8243; _module_preset=&#8221;default&#8221; global_colors_info=&#8221;{}&#8221;][et_pb_button button_url=&#8221;https:\/\/vpi.int\/sk\/03-o-pct\/&#8221; button_text=&#8221;Viac o PCT&#8221; disabled_on=&#8221;on|on|off&#8221; _builder_version=&#8221;4.17.1&#8243; _module_preset=&#8221;default&#8221; custom_button=&#8221;on&#8221; button_icon=&#8221;&#x35;||divi||400&#8243; global_colors_info=&#8221;{}&#8221;][\/et_pb_button][\/et_pb_column][et_pb_column type=&#8221;1_3&#8243; _builder_version=&#8221;4.17.1&#8243; _module_preset=&#8221;default&#8221; global_colors_info=&#8221;{}&#8221;][et_pb_button button_url=&#8221;https:\/\/vpi.int\/sk\/08-poplatky-a-refundacia\/&#8221; button_text=&#8221;Str\u00e1nku Poplatky a refund\u00e1cia&#8221; disabled_on=&#8221;on|on|off&#8221; _builder_version=&#8221;4.17.1&#8243; _module_preset=&#8221;default&#8221; custom_button=&#8221;on&#8221; button_icon=&#8221;&#x35;||divi||400&#8243; global_colors_info=&#8221;{}&#8221;][\/et_pb_button][\/et_pb_column][et_pb_column type=&#8221;1_3&#8243; _builder_version=&#8221;4.17.1&#8243; _module_preset=&#8221;default&#8221; global_colors_info=&#8221;{}&#8221;][et_pb_button button_url=&#8221;https:\/\/vpi.int\/sk\/09-znalostne-centrum\/&#8221; button_text=&#8221;Nav\u0161t\u00edvte Znalostn\u00e9 centrum&#8221; disabled_on=&#8221;on|on|off&#8221; _builder_version=&#8221;4.17.1&#8243; _module_preset=&#8221;default&#8221; custom_button=&#8221;on&#8221; button_icon=&#8221;&#x35;||divi||400&#8243; global_colors_info=&#8221;{}&#8221;][\/et_pb_button][\/et_pb_column][\/et_pb_row][\/et_pb_section][et_pb_section fb_built=&#8221;1&#8243; disabled_on=&#8221;on|on|off&#8221; _builder_version=&#8221;4.17.1&#8243; _module_preset=&#8221;default&#8221; background_color=&#8221;#145670&#8243; use_background_color_gradient=&#8221;on&#8221; background_color_gradient_direction=&#8221;70deg&#8221; background_color_gradient_stops=&#8221;rgba(0,17,30,0.78) 25%|rgba(0,117,118,0.5) 100%&#8221; background_image=&#8221;https:\/\/vpi.int\/sk\/wp-content\/uploads\/2022\/06\/VPI_citys_turquise_02_01.jpg&#8221; background_size=&#8221;initial&#8221; background_blend=&#8221;soft-light&#8221; background_enable_pattern_style=&#8221;on&#8221; background_pattern_style=&#8221;diagonal-stripes-2&#8243; background_pattern_color=&#8221;rgba(0,117,118,0.2)&#8221; custom_padding=&#8221;130px||130px||true|false&#8221; animation_style=&#8221;fade&#8221; background_last_edited=&#8221;on|phone&#8221; background_size_tablet=&#8221;contain&#8221; global_colors_info=&#8221;{}&#8221;][et_pb_row _builder_version=&#8221;4.17.1&#8243; _module_preset=&#8221;default&#8221; background_enable_color=&#8221;off&#8221; custom_padding=&#8221;30px|30px|30px|30px|true|true&#8221; border_color_all=&#8221;#007576&#8243; global_colors_info=&#8221;{}&#8221;][et_pb_column type=&#8221;4_4&#8243; _builder_version=&#8221;4.17.1&#8243; _module_preset=&#8221;default&#8221; global_colors_info=&#8221;{}&#8221;][\/et_pb_column][\/et_pb_row][\/et_pb_section][et_pb_section fb_built=&#8221;1&#8243; custom_padding_last_edited=&#8221;on|phone&#8221; disabled_on=&#8221;off|off|on&#8221; _builder_version=&#8221;4.17.1&#8243; _module_preset=&#8221;default&#8221; background_color=&#8221;#145670&#8243; use_background_color_gradient=&#8221;on&#8221; background_color_gradient_direction=&#8221;70deg&#8221; background_color_gradient_stops=&#8221;rgba(0,17,30,0.78) 25%|rgba(0,117,118,0.5) 100%&#8221; background_image=&#8221;https:\/\/vpi.int\/sk\/wp-content\/uploads\/2022\/06\/VPI_citys_turquise_02_01.jpg&#8221; background_size=&#8221;initial&#8221; background_blend=&#8221;soft-light&#8221; background_enable_pattern_style=&#8221;on&#8221; background_pattern_style=&#8221;diagonal-stripes-2&#8243; background_pattern_color=&#8221;rgba(0,117,118,0.2)&#8221; custom_padding=&#8221;130px||130px||true|false&#8221; custom_padding_tablet=&#8221;25px||25px||true|false&#8221; custom_padding_phone=&#8221;140px||140px||true|false&#8221; animation_style=&#8221;fade&#8221; background_last_edited=&#8221;on|desktop&#8221; background_image_phone=&#8221;https:\/\/vpi.int\/sk\/wp-content\/uploads\/2022\/06\/VPI_citys_mobile_01.jpg&#8221; background_enable_image_phone=&#8221;on&#8221; background_size_tablet=&#8221;contain&#8221; background_size_phone=&#8221;cover&#8221; background_image_width_phone=&#8221;0%&#8221; background_image_height_phone=&#8221;34%&#8221; global_colors_info=&#8221;{}&#8221;][et_pb_row _builder_version=&#8221;4.17.1&#8243; _module_preset=&#8221;default&#8221; background_enable_color=&#8221;off&#8221; custom_padding=&#8221;30px|30px|30px|30px|true|true&#8221; border_color_all=&#8221;#007576&#8243; global_colors_info=&#8221;{}&#8221;][et_pb_column type=&#8221;4_4&#8243; _builder_version=&#8221;4.17.1&#8243; _module_preset=&#8221;default&#8221; global_colors_info=&#8221;{}&#8221;][\/et_pb_column][\/et_pb_row][\/et_pb_section]<\/p>\n","protected":false},"excerpt":{"rendered":"<p>Preverenie patentuZ\u00cdSKAJTE PODROBN\u00c9 V\u00ddSLEDKY RE\u0160ER\u0160E T\u00ddKAJ\u00daCE SA PREVERENIA PATENTU &nbsp; Slu\u017eba \u201cPreverenie patentu\u201d (VSS) je jednou z Glob\u00e1lnych Patentov\u00fdch Re\u0161er\u0161n\u00fdch Slu\u017eieb Vy\u0161ehradsk\u00e9ho Patentov\u00e9ho In\u0161tit\u00fatu (VPI), ktor\u00e1 je dostupn\u00e1 komuko\u013evek na svete bez oh\u013eadu na \u0161t\u00e1tnu pr\u00edslu\u0161nos\u0165. VSS poskytuje VPI na z\u00e1klade Dohody o VPI. Cie\u013e slu\u017eby \u201cPreverenie patentu\u201d (VSS) Slu\u017eba \u201cPreverenie patentu\u201d (VSS) poskytuje inform\u00e1cie [&hellip;]<\/p>\n","protected":false},"author":2,"featured_media":0,"parent":0,"menu_order":0,"comment_status":"closed","ping_status":"closed","template":"","meta":{"_et_pb_use_builder":"on","_et_pb_old_content":"","_et_gb_content_width":"","footnotes":""},"class_list":["post-1585","page","type-page","status-publish","hentry"],"_links":{"self":[{"href":"https:\/\/vpi.int\/sk\/wp-json\/wp\/v2\/pages\/1585","targetHints":{"allow":["GET"]}}],"collection":[{"href":"https:\/\/vpi.int\/sk\/wp-json\/wp\/v2\/pages"}],"about":[{"href":"https:\/\/vpi.int\/sk\/wp-json\/wp\/v2\/types\/page"}],"author":[{"embeddable":true,"href":"https:\/\/vpi.int\/sk\/wp-json\/wp\/v2\/users\/2"}],"replies":[{"embeddable":true,"href":"https:\/\/vpi.int\/sk\/wp-json\/wp\/v2\/comments?post=1585"}],"version-history":[{"count":6,"href":"https:\/\/vpi.int\/sk\/wp-json\/wp\/v2\/pages\/1585\/revisions"}],"predecessor-version":[{"id":1606,"href":"https:\/\/vpi.int\/sk\/wp-json\/wp\/v2\/pages\/1585\/revisions\/1606"}],"wp:attachment":[{"href":"https:\/\/vpi.int\/sk\/wp-json\/wp\/v2\/media?parent=1585"}],"curies":[{"name":"wp","href":"https:\/\/api.w.org\/{rel}","templated":true}]}}